{"id":33,"date":"2022-06-15T11:29:01","date_gmt":"2022-06-15T09:29:01","guid":{"rendered":"https:\/\/imarsh.es\/pagina-exemple\/"},"modified":"2022-07-28T11:43:35","modified_gmt":"2022-07-28T09:43:35","slug":"pagina-exemple","status":"publish","type":"page","link":"https:\/\/imarsh.es\/fr\/","title":{"rendered":"HOME"},"content":{"rendered":"[vc_row full_width=\u00a0\u00bbstretch_row_content\u00a0\u00bb equal_height=\u00a0\u00bbyes\u00a0\u00bb content_placement=\u00a0\u00bbmiddle\u00a0\u00bb css=\u00a0\u00bb.vc_custom_1655464488954{background-position: center !important;background-repeat: no-repeat !important;background-size: cover !important;}\u00a0\u00bb][vc_column width=\u00a0\u00bb3\/5&Prime; css=\u00a0\u00bb.vc_custom_1658304495968{background-image: url(http:\/\/imarsh.es\/wp-content\/uploads\/2022\/06\/IMAR-SH-HOME-2.jpg?id=68) !important;background-position: center !important;background-repeat: no-repeat !important;background-size: cover !important;}\u00a0\u00bb offset=\u00a0\u00bbvc_hidden-sm vc_hidden-xs\u00a0\u00bb][vc_empty_space height=\u00a0\u00bb500px\u00a0\u00bb][\/vc_column][vc_column width=\u00a0\u00bb2\/5&Prime; css=\u00a0\u00bb.vc_custom_1658304502948{background-color: #74b4e2 !important;}\u00a0\u00bb offset=\u00a0\u00bbvc_hidden-sm vc_hidden-xs\u00a0\u00bb][vc_custom_heading text=\u00a0\u00bbINSTALLATIONS \u00c9LECTRIQUES POUR LE SECTEUR AUTOMOBILE COMMERCIAL\u00a0\u00bb font_container=\u00a0\u00bbtag:h1|font_size:50|text_align:left|color:%23ffffff\u00a0\u00bb google_fonts=\u00a0\u00bbfont_family:Fjalla%20One%3Aregular|font_style:400%20regular%3A400%3Anormal\u00a0\u00bb css=\u00a0\u00bb.vc_custom_1658401232722{margin-right: 50px !important;margin-bottom: 0px !important;margin-left: 45px !important;border-bottom-width: 0px !important;padding-bottom: 0px !important;}\u00a0\u00bb][vc_separator color=\u00a0\u00bbcustom\u00a0\u00bb align=\u00a0\u00bbalign_left\u00a0\u00bb border_width=\u00a0\u00bb2&Prime; el_width=\u00a0\u00bb50&Prime; css_animation=\u00a0\u00bbfadeInLeft\u00a0\u00bb accent_color=\u00a0\u00bb#ffffff\u00a0\u00bb css=\u00a0\u00bb.vc_custom_1656921991072{margin-right: 45px !important;margin-left: 45px !important;padding-top: 0px !important;}\u00a0\u00bb][vc_column_text css=\u00a0\u00bb.vc_custom_1658401246998{margin-right: 45px !important;margin-left: 45px !important;}\u00a0\u00bb]\n<h1 style=\"text-align: left;\">Nous concevons et fabriquons les c\u00e2blages \u00e9lectriques et les syst\u00e8mes de commande dont vous avez besoin pour votre projet automobile industriel.<\/h1>\n[\/vc_column_text][\/vc_column][\/vc_row][vc_row full_width=\u00a0\u00bbstretch_row_content\u00a0\u00bb equal_height=\u00a0\u00bbyes\u00a0\u00bb content_placement=\u00a0\u00bbmiddle\u00a0\u00bb css=\u00a0\u00bb.vc_custom_1655464488954{background-position: center !important;background-repeat: no-repeat !important;background-size: cover !important;}\u00a0\u00bb][vc_column width=\u00a0\u00bb1\/2&Prime; css=\u00a0\u00bb.vc_custom_1658304445035{background-image: url(http:\/\/imarsh.es\/wp-content\/uploads\/2022\/06\/IMAR-SH-HOME-2.jpg?id=68) !important;background-position: center !important;background-repeat: no-repeat !important;background-size: cover !important;}\u00a0\u00bb offset=\u00a0\u00bbvc_hidden-lg vc_hidden-md\u00a0\u00bb][vc_empty_space height=\u00a0\u00bb50px\u00a0\u00bb][vc_custom_heading text=\u00a0\u00bbINSTALLATIONS \u00c9LECTRIQUES POUR LE SECTEUR AUTOMOBILE COMMERCIAL\u00a0\u00bb font_container=\u00a0\u00bbtag:h1|font_size:50|text_align:center|color:%23ffffff\u00a0\u00bb google_fonts=\u00a0\u00bbfont_family:Fjalla%20One%3Aregular|font_style:400%20regular%3A400%3Anormal\u00a0\u00bb css=\u00a0\u00bb.vc_custom_1658401267983{margin-bottom: 0px !important;border-bottom-width: 0px !important;padding-bottom: 0px !important;}\u00a0\u00bb][vc_separator color=\u00a0\u00bbcustom\u00a0\u00bb border_width=\u00a0\u00bb2&Prime; el_width=\u00a0\u00bb60&Prime; css_animation=\u00a0\u00bbfadeInLeft\u00a0\u00bb accent_color=\u00a0\u00bb#ffffff\u00a0\u00bb css=\u00a0\u00bb.vc_custom_1658305116520{padding-top: 0px !important;}\u00a0\u00bb][vc_empty_space height=\u00a0\u00bb50px\u00a0\u00bb][\/vc_column][vc_column width=\u00a0\u00bb1\/2&Prime; css=\u00a0\u00bb.vc_custom_1658305004278{background-color: #74b4e2 !important;}\u00a0\u00bb offset=\u00a0\u00bbvc_hidden-lg vc_hidden-md\u00a0\u00bb][vc_column_text css=\u00a0\u00bb.vc_custom_1658401257233{margin-left: 15px !important;background-color: #74b4e2 !important;}\u00a0\u00bb]\n<h1 style=\"text-align: left;\">Nous concevons et fabriquons les c\u00e2blages \u00e9lectriques et les syst\u00e8mes de commande dont vous avez besoin pour votre projet automobile industriel.<\/h1>\n[\/vc_column_text][\/vc_column][\/vc_row][vc_row full_width=\u00a0\u00bbstretch_row_content\u00a0\u00bb equal_height=\u00a0\u00bbyes\u00a0\u00bb content_placement=\u00a0\u00bbmiddle\u00a0\u00bb css=\u00a0\u00bb.vc_custom_1655464488954{background-position: center !important;background-repeat: no-repeat !important;background-size: cover !important;}\u00a0\u00bb][vc_column width=\u00a0\u00bb1\/3&Prime; css=\u00a0\u00bb.vc_custom_1655464888523{background-color: #737272 !important;background-position: center !important;background-repeat: no-repeat !important;background-size: cover !important;}\u00a0\u00bb][vc_empty_space height=\u00a0\u00bb45px\u00a0\u00bb][vc_custom_heading text=\u00a0\u00bbAUTOMOBILE\u00a0\u00bb font_container=\u00a0\u00bbtag:h1|font_size:40|text_align:center|color:%23000000&Prime; google_fonts=\u00a0\u00bbfont_family:Fjalla%20One%3Aregular|font_style:400%20regular%3A400%3Anormal\u00a0\u00bb][vc_empty_space height=\u00a0\u00bb45px\u00a0\u00bb][\/vc_column][vc_column width=\u00a0\u00bb1\/3&Prime; css=\u00a0\u00bb.vc_custom_1655464893850{background-color: #fa7226 !important;}\u00a0\u00bb][vc_empty_space height=\u00a0\u00bb45px\u00a0\u00bb][vc_custom_heading text=\u00a0\u00bbINDUSTRIEL\u00a0\u00bb font_container=\u00a0\u00bbtag:h1|font_size:40|text_align:center|color:%23000000&Prime; google_fonts=\u00a0\u00bbfont_family:Fjalla%20One%3Aregular|font_style:400%20regular%3A400%3Anormal\u00a0\u00bb][vc_empty_space height=\u00a0\u00bb45px\u00a0\u00bb][\/vc_column][vc_column width=\u00a0\u00bb1\/3&Prime; css=\u00a0\u00bb.vc_custom_1655464900205{background-color: #e7e8e8 !important;}\u00a0\u00bb][vc_empty_space height=\u00a0\u00bb45px\u00a0\u00bb][vc_custom_heading text=\u00a0\u00bbNAUTIQUE\u00a0\u00bb font_container=\u00a0\u00bbtag:h1|font_size:40|text_align:center|color:%23000000&Prime; google_fonts=\u00a0\u00bbfont_family:Fjalla%20One%3Aregular|font_style:400%20regular%3A400%3Anormal\u00a0\u00bb][vc_empty_space height=\u00a0\u00bb45px\u00a0\u00bb][\/vc_column][\/vc_row][vc_row full_width=\u00a0\u00bbstretch_row_content\u00a0\u00bb equal_height=\u00a0\u00bbyes\u00a0\u00bb content_placement=\u00a0\u00bbmiddle\u00a0\u00bb css=\u00a0\u00bb.vc_custom_1655464488954{background-position: center !important;background-repeat: no-repeat !important;background-size: cover !important;}\u00a0\u00bb][vc_column width=\u00a0\u00bb1\/2&Prime; css=\u00a0\u00bb.vc_custom_1655464760214{background-color: #74b4e0 !important;background-position: center !important;background-repeat: no-repeat !important;background-size: cover !important;}\u00a0\u00bb][vc_empty_space height=\u00a0\u00bb45px\u00a0\u00bb][vc_custom_heading text=\u00a0\u00bbFERROVIAIRE\u00a0\u00bb font_container=\u00a0\u00bbtag:h1|font_size:40|text_align:center|color:%23000000&Prime; google_fonts=\u00a0\u00bbfont_family:Fjalla%20One%3Aregular|font_style:400%20regular%3A400%3Anormal\u00a0\u00bb][vc_empty_space height=\u00a0\u00bb45px\u00a0\u00bb][\/vc_column][vc_column width=\u00a0\u00bb1\/2&Prime; css=\u00a0\u00bb.vc_custom_1655464775839{background-color: #737272 !important;}\u00a0\u00bb][vc_empty_space height=\u00a0\u00bb45px\u00a0\u00bb][vc_custom_heading text=\u00a0\u00bbV\u00c9HICULES SP\u00c9CIAUX\u00a0\u00bb font_container=\u00a0\u00bbtag:h1|font_size:40|text_align:center|color:%23000000&Prime; google_fonts=\u00a0\u00bbfont_family:Fjalla%20One%3Aregular|font_style:400%20regular%3A400%3Anormal\u00a0\u00bb][vc_empty_space height=\u00a0\u00bb45px\u00a0\u00bb][\/vc_column][\/vc_row][vc_section full_width=\u00a0\u00bbstretch_row\u00a0\u00bb css=\u00a0\u00bb.vc_custom_1656919366695{margin-bottom: 0px !important;}\u00a0\u00bb][vc_row full_width=\u00a0\u00bbstretch_row_content\u00a0\u00bb equal_height=\u00a0\u00bbyes\u00a0\u00bb content_placement=\u00a0\u00bbmiddle\u00a0\u00bb css=\u00a0\u00bb.vc_custom_1656918512497{background-position: center !important;background-repeat: no-repeat !important;background-size: cover !important;}\u00a0\u00bb][vc_column width=\u00a0\u00bb3\/5&Prime; css=\u00a0\u00bb.vc_custom_1658305241281{margin-right: 45px !important;margin-left: 45px !important;background-position: center !important;background-repeat: no-repeat !important;background-size: cover !important;}\u00a0\u00bb offset=\u00a0\u00bbvc_hidden-sm vc_hidden-xs\u00a0\u00bb][vc_empty_space][vc_column_text css=\u00a0\u00bb.vc_custom_1658401538633{margin-bottom: 0px !important;border-bottom-width: 0px !important;padding-bottom: 0px !important;}\u00a0\u00bb]\n<h1 style=\"text-align: left;\">Comment travaillons-nous ?<\/h1>\n[\/vc_column_text][vc_separator color=\u00a0\u00bbcustom\u00a0\u00bb align=\u00a0\u00bbalign_left\u00a0\u00bb border_width=\u00a0\u00bb2&Prime; el_width=\u00a0\u00bb50&Prime; css_animation=\u00a0\u00bbfadeInLeft\u00a0\u00bb accent_color=\u00a0\u00bb#74b4e2&Prime; css=\u00a0\u00bb.vc_custom_1656919059400{padding-top: 0px !important;}\u00a0\u00bb][vc_column_text]Chez IMAR SANT HILARI, nous concevons et fabriquons des installations \u00e9lectriques pour le client. Nous fabriquons aussi les installations \u00e0 partir des plans que nous soumettent nos clients, en les interpr\u00e9tant et en les adaptant au fonctionnement de notre cha\u00eene de production.<\/p>\n<p>Pour l\u2019optimisation du temps et des ressources lors de l\u2019\u00e9tape de fabrication de l\u2019installation, IMAR SANT HILARI a mis au point une technologie innovante qui facilite la codification des diff\u00e9rents c\u00e2bles qui composent l\u2019installation \u00e9lectrique du v\u00e9hicule. Nous utilisons des imprimantes automatis\u00e9es avec un syst\u00e8me de s\u00e9lection de c\u00e2bles unique dans le secteur.[\/vc_column_text][vc_empty_space][\/vc_column][vc_column width=\u00a0\u00bb2\/5&Prime; css=\u00a0\u00bb.vc_custom_1658305246920{background: #74b4e2 url(http:\/\/imarsh.es\/wp-content\/uploads\/2022\/07\/IMAR-SH-HOME-3.jpg?id=85) !important;background-position: center !important;background-repeat: no-repeat !important;background-size: cover !important;}\u00a0\u00bb offset=\u00a0\u00bbvc_hidden-sm vc_hidden-xs\u00a0\u00bb][vc_empty_space height=\u00a0\u00bb400px\u00a0\u00bb][\/vc_column][\/vc_row][\/vc_section][vc_section full_width=\u00a0\u00bbstretch_row\u00a0\u00bb css=\u00a0\u00bb.vc_custom_1656919366695{margin-bottom: 0px !important;}\u00a0\u00bb][vc_row full_width=\u00a0\u00bbstretch_row_content\u00a0\u00bb equal_height=\u00a0\u00bbyes\u00a0\u00bb content_placement=\u00a0\u00bbmiddle\u00a0\u00bb css=\u00a0\u00bb.vc_custom_1656918512497{background-position: center !important;background-repeat: no-repeat !important;background-size: cover !important;}\u00a0\u00bb][vc_column width=\u00a0\u00bb3\/5&Prime; css=\u00a0\u00bb.vc_custom_1658305299366{background-position: center !important;background-repeat: no-repeat !important;background-size: cover !important;}\u00a0\u00bb offset=\u00a0\u00bbvc_hidden-lg vc_hidden-md\u00a0\u00bb][vc_empty_space][vc_column_text css=\u00a0\u00bb.vc_custom_1658401550400{margin-bottom: 0px !important;margin-left: 15px !important;border-bottom-width: 0px !important;padding-bottom: 0px !important;}\u00a0\u00bb]\n<h1 style=\"text-align: left;\">Comment travaillons-nous ?<\/h1>\n[\/vc_column_text][vc_separator color=\u00a0\u00bbcustom\u00a0\u00bb align=\u00a0\u00bbalign_left\u00a0\u00bb border_width=\u00a0\u00bb2&Prime; el_width=\u00a0\u00bb50&Prime; css_animation=\u00a0\u00bbfadeInLeft\u00a0\u00bb accent_color=\u00a0\u00bb#74b4e2&Prime; css=\u00a0\u00bb.vc_custom_1658305829730{margin-left: 15px !important;padding-top: 0px !important;}\u00a0\u00bb][vc_column_text css=\u00a0\u00bb.vc_custom_1658401585689{margin-left: 15px !important;}\u00a0\u00bb]Chez IMAR SANT HILARI, nous concevons et fabriquons des installations \u00e9lectriques pour le client. Nous fabriquons aussi les installations \u00e0 partir des plans que nous soumettent nos clients, en les interpr\u00e9tant et en les adaptant au fonctionnement de notre cha\u00eene de production.<\/p>\n<p>Pour l\u2019optimisation du temps et des ressources lors de l\u2019\u00e9tape de fabrication de l\u2019installation, IMAR SANT HILARI a mis au point une technologie innovante qui facilite la codification des diff\u00e9rents c\u00e2bles qui composent l\u2019installation \u00e9lectrique du v\u00e9hicule. Nous utilisons des imprimantes automatis\u00e9es avec un syst\u00e8me de s\u00e9lection de c\u00e2bles unique dans le secteur.[\/vc_column_text][vc_empty_space][\/vc_column][vc_column width=\u00a0\u00bb2\/5&Prime; css=\u00a0\u00bb.vc_custom_1658305259580{background: #74b4e2 url(http:\/\/imarsh.es\/wp-content\/uploads\/2022\/07\/IMAR-SH-HOME-3.jpg?id=85) !important;background-position: center !important;background-repeat: no-repeat !important;background-size: cover !important;}\u00a0\u00bb offset=\u00a0\u00bbvc_hidden-lg vc_hidden-md\u00a0\u00bb][vc_empty_space height=\u00a0\u00bb400px\u00a0\u00bb][\/vc_column][\/vc_row][\/vc_section][vc_row full_width=\u00a0\u00bbstretch_row_content\u00a0\u00bb equal_height=\u00a0\u00bbyes\u00a0\u00bb][vc_column width=\u00a0\u00bb1\/2&Prime; css=\u00a0\u00bb.vc_custom_1658305620729{background-image: url(http:\/\/imarsh.es\/wp-content\/uploads\/2022\/07\/IMAR-SH-HOME-4.jpg?id=93) !important;background-position: center !important;background-repeat: no-repeat !important;background-size: cover !important;}\u00a0\u00bb offset=\u00a0\u00bbvc_hidden-sm vc_hidden-xs\u00a0\u00bb][vc_empty_space height=\u00a0\u00bb400px\u00a0\u00bb][\/vc_column][vc_column width=\u00a0\u00bb1\/2&Prime; css=\u00a0\u00bb.vc_custom_1658305615147{background-color: #e7e8e8 !important;}\u00a0\u00bb offset=\u00a0\u00bbvc_hidden-sm vc_hidden-xs\u00a0\u00bb][vc_empty_space][vc_column_text css=\u00a0\u00bb.vc_custom_1658401634795{margin-bottom: 0px !important;margin-left: 45px !important;border-bottom-width: 0px !important;padding-bottom: 0px !important;}\u00a0\u00bb]\n<h1 style=\"text-align: left;\">Contactez-nous<\/h1>\n[\/vc_column_text][vc_separator color=\u00a0\u00bbcustom\u00a0\u00bb align=\u00a0\u00bbalign_left\u00a0\u00bb border_width=\u00a0\u00bb2&Prime; el_width=\u00a0\u00bb50&Prime; css_animation=\u00a0\u00bbfadeInLeft\u00a0\u00bb accent_color=\u00a0\u00bb#74b4e2&Prime; css=\u00a0\u00bb.vc_custom_1656921548983{margin-left: 45px !important;padding-top: 0px !important;}\u00a0\u00bb][vc_column_text css=\u00a0\u00bb.vc_custom_1658401675930{margin-left: 45px !important;}\u00a0\u00bb]Si vous \u00eates \u00e0 la recherche d\u2019un partenaire pour vos projets automobiles industriels, vous trouverez chez IMAR SANT HILARI plus de 25 ans d\u2019exp\u00e9rience ainsi qu\u2019une \u00e9quipe sp\u00e9cialis\u00e9e dans le c\u00e2blage \u00e9lectrique industriel.[\/vc_column_text][vc_btn title=\u00a0\u00bb<b>\u00caTES-VOUS PR\u00caTS ?<b>\u00a0\u00bb style=\u00a0\u00bbgradient-custom\u00a0\u00bb gradient_custom_color_1=\u00a0\u00bb#74b4e2&Prime; gradient_custom_color_2=\u00a0\u00bb#ffffff\u00a0\u00bb gradient_text_color=\u00a0\u00bb#000000&Prime; size=\u00a0\u00bblg\u00a0\u00bb css=\u00a0\u00bb.vc_custom_1659001403619{margin-left: 45px !important;}\u00a0\u00bb link=\u00a0\u00bburl:https%3A%2F%2Fimarsh.es%2Ffr%2Fa-propos-dimar-sant-hilari%2F|title:SOBRE%20IMAR%20SH\u00a0\u00bb][vc_empty_space][\/vc_column][\/vc_row][vc_row full_width=\u00a0\u00bbstretch_row_content\u00a0\u00bb equal_height=\u00a0\u00bbyes\u00a0\u00bb][vc_column css=\u00a0\u00bb.vc_custom_1658305673809{background-color: #e7e8e8 !important;background-position: center !important;background-repeat: no-repeat !important;background-size: cover !important;}\u00a0\u00bb offset=\u00a0\u00bbvc_hidden-lg vc_hidden-md\u00a0\u00bb][vc_column_text css=\u00a0\u00bb.vc_custom_1658401651551{margin-bottom: 0px !important;margin-left: 15px !important;border-bottom-width: 0px !important;padding-bottom: 0px !important;}\u00a0\u00bb]<\/b><\/b><\/p>\n<h1 style=\"text-align: left;\">Contactez-nous<\/h1>\n[\/vc_column_text][vc_separator color=\u00a0\u00bbcustom\u00a0\u00bb align=\u00a0\u00bbalign_left\u00a0\u00bb border_width=\u00a0\u00bb2&Prime; el_width=\u00a0\u00bb50&Prime; css_animation=\u00a0\u00bbfadeInLeft\u00a0\u00bb accent_color=\u00a0\u00bb#74b4e2&Prime; css=\u00a0\u00bb.vc_custom_1658305849465{margin-left: 15px !important;padding-top: 0px !important;}\u00a0\u00bb][vc_column_text css=\u00a0\u00bb.vc_custom_1658401685163{margin-left: 15px !important;}\u00a0\u00bb]Si vous \u00eates \u00e0 la recherche d\u2019un partenaire pour vos projets automobiles industriels, vous trouverez chez IMAR SANT HILARI plus de 25 ans d\u2019exp\u00e9rience ainsi qu\u2019une \u00e9quipe sp\u00e9cialis\u00e9e dans le c\u00e2blage \u00e9lectrique industriel.[\/vc_column_text][vc_btn title=\u00a0\u00bb<b>\u00caTES-VOUS PR\u00caTS ?<b>\u00a0\u00bb style=\u00a0\u00bbgradient-custom\u00a0\u00bb gradient_custom_color_1=\u00a0\u00bb#74b4e2&Prime; gradient_custom_color_2=\u00a0\u00bb#ffffff\u00a0\u00bb gradient_text_color=\u00a0\u00bb#000000&Prime; size=\u00a0\u00bblg\u00a0\u00bb css=\u00a0\u00bb.vc_custom_1659001413776{margin-left: 15px !important;}\u00a0\u00bb link=\u00a0\u00bburl:https%3A%2F%2Fimarsh.es%2Ffr%2Fa-propos-dimar-sant-hilari%2F|title:SOBRE%20IMAR%20SH\u00a0\u00bb][vc_empty_space][vc_row_inner][vc_column_inner css=\u00a0\u00bb.vc_custom_1658305490659{background-image: url(http:\/\/imarsh.es\/wp-content\/uploads\/2022\/07\/IMAR-SH-HOME-4.jpg?id=93) !important;background-position: center !important;background-repeat: no-repeat !important;background-size: cover !important;}\u00a0\u00bb][vc_empty_space height=\u00a0\u00bb300px\u00a0\u00bb][\/vc_column_inner][\/vc_row_inner][\/vc_column][\/vc_row][vc_row][vc_column][vc_column_text]<\/b><\/b>[\/vc_column_text][\/vc_column][\/vc_row]\n","protected":false},"excerpt":{"rendered":"[vc_row full_width=\u00a0\u00bbstretch_row_content\u00a0\u00bb equal_height=\u00a0\u00bbyes\u00a0\u00bb content_placement=\u00a0\u00bbmiddle\u00a0\u00bb css=\u00a0\u00bb.vc_custom_1655464488954{background-position: center !important;background-repeat: no-repeat !important;background-size: cover !important;}\u00a0\u00bb][vc_column width=\u00a0\u00bb3\/5&Prime; css=\u00a0\u00bb.vc_custom_1658304495968{background-image: url(http:\/\/imarsh.es\/wp-content\/uploads\/2022\/06\/IMAR-SH-HOME-2.jpg?id=68) !important;background-position: center !important;background-repeat: no-repeat !important;background-size: cover !important;}\u00a0\u00bb offset=\u00a0\u00bbvc_hidden-sm vc_hidden-xs\u00a0\u00bb][vc_empty_space height=\u00a0\u00bb500px\u00a0\u00bb][\/vc_column][vc_column width=\u00a0\u00bb2\/5&Prime; css=\u00a0\u00bb.vc_custom_1658304502948{background-color: #74b4e2 !important;}\u00a0\u00bb offset=\u00a0\u00bbvc_hidden-sm vc_hidden-xs\u00a0\u00bb][vc_custom_heading text=\u00a0\u00bbINSTALLATIONS \u00c9LECTRIQUES POUR LE SECTEUR AUTOMOBILE COMMERCIAL\u00a0\u00bb font_container=\u00a0\u00bbtag:h1|font_size:50|text_align:left|color:%23ffffff\u00a0\u00bb google_fonts=\u00a0\u00bbfont_family:Fjalla%20One%3Aregular|font_style:400%20regular%3A400%3Anormal\u00a0\u00bb css=\u00a0\u00bb.vc_custom_1658401232722{margin-right: 50px !important;margin-bottom: 0px !important;margin-left: 45px !important;border-bottom-width: 0px !important;padding-bottom: 0px !important;}\u00a0\u00bb][vc_separator color=\u00a0\u00bbcustom\u00a0\u00bb align=\u00a0\u00bbalign_left\u00a0\u00bb border_width=\u00a0\u00bb2&Prime; el_width=\u00a0\u00bb50&Prime; css_animation=\u00a0\u00bbfadeInLeft\u00a0\u00bb [&#8230;]\n","protected":false},"author":1,"featured_media":0,"parent":0,"menu_order":0,"comment_status":"closed","ping_status":"open","template":"","meta":{"footnotes":""},"class_list":["post-33","page","type-page","status-publish","hentry"],"_links":{"self":[{"href":"https:\/\/imarsh.es\/fr\/wp-json\/wp\/v2\/pages\/33","targetHints":{"allow":["GET"]}}],"collection":[{"href":"https:\/\/imarsh.es\/fr\/wp-json\/wp\/v2\/pages"}],"about":[{"href":"https:\/\/imarsh.es\/fr\/wp-json\/wp\/v2\/types\/page"}],"author":[{"embeddable":true,"href":"https:\/\/imarsh.es\/fr\/wp-json\/wp\/v2\/users\/1"}],"replies":[{"embeddable":true,"href":"https:\/\/imarsh.es\/fr\/wp-json\/wp\/v2\/comments?post=33"}],"version-history":[{"count":46,"href":"https:\/\/imarsh.es\/fr\/wp-json\/wp\/v2\/pages\/33\/revisions"}],"predecessor-version":[{"id":617,"href":"https:\/\/imarsh.es\/fr\/wp-json\/wp\/v2\/pages\/33\/revisions\/617"}],"wp:attachment":[{"href":"https:\/\/imarsh.es\/fr\/wp-json\/wp\/v2\/media?parent=33"}],"curies":[{"name":"wp","href":"https:\/\/api.w.org\/{rel}","templated":true}]}}