{"id":214,"date":"2022-07-06T12:09:26","date_gmt":"2022-07-06T10:09:26","guid":{"rendered":"https:\/\/imarsh.es\/?page_id=214"},"modified":"2022-07-28T11:55:21","modified_gmt":"2022-07-28T09:55:21","slug":"ferroviaire","status":"publish","type":"page","link":"https:\/\/imarsh.es\/fr\/ferroviaire\/","title":{"rendered":"FERROVIAIRE"},"content":{"rendered":"[vc_row full_width=\u00a0\u00bbstretch_row_content\u00a0\u00bb equal_height=\u00a0\u00bbyes\u00a0\u00bb content_placement=\u00a0\u00bbmiddle\u00a0\u00bb css=\u00a0\u00bb.vc_custom_1657101775001{background-image: url(http:\/\/imarsh.es\/wp-content\/uploads\/2022\/07\/IMAR-SH-FERROCARRIL-2.jpg?id=223) !important;background-position: center !important;background-repeat: no-repeat !important;background-size: cover !important;}\u00a0\u00bb][vc_column width=\u00a0\u00bb1\/4&Prime; css=\u00a0\u00bb.vc_custom_1658309055737{background-position: center !important;background-repeat: no-repeat !important;background-size: cover !important;}\u00a0\u00bb offset=\u00a0\u00bbvc_hidden-sm vc_hidden-xs\u00a0\u00bb][\/vc_column][vc_column width=\u00a0\u00bb1\/2&Prime; offset=\u00a0\u00bbvc_hidden-sm vc_hidden-xs\u00a0\u00bb][vc_empty_space height=\u00a0\u00bb150px\u00a0\u00bb][vc_custom_heading text=\u00a0\u00bbFERROVIAIRE\u00a0\u00bb font_container=\u00a0\u00bbtag:h1|font_size:50|text_align:center|color:%23ffffff\u00a0\u00bb google_fonts=\u00a0\u00bbfont_family:Fjalla%20One%3Aregular|font_style:400%20regular%3A400%3Anormal\u00a0\u00bb css=\u00a0\u00bb.vc_custom_1657101783699{margin-bottom: 0px !important;border-bottom-width: 0px !important;}\u00a0\u00bb][vc_separator color=\u00a0\u00bbwhite\u00a0\u00bb border_width=\u00a0\u00bb2&Prime; el_width=\u00a0\u00bb80&Prime; css_animation=\u00a0\u00bbfadeInLeft\u00a0\u00bb css=\u00a0\u00bb.vc_custom_1656923686209{padding-top: 0px !important;}\u00a0\u00bb][vc_column_text css=\u00a0\u00bb.vc_custom_1658309026162{margin-right: 45px !important;margin-left: 45px !important;}\u00a0\u00bb]\n<p style=\"text-align: center;\"><span style=\"color: #ffffff; font-size: 170%;\">C\u00e2blage pour syst\u00e8mes de commande \u2022 C\u00e2blage pour v\u00e9rification de production<\/span><\/p>\n[\/vc_column_text][vc_empty_space height=\u00a0\u00bb150px\u00a0\u00bb][\/vc_column][vc_column width=\u00a0\u00bb1\/4&Prime; offset=\u00a0\u00bbvc_hidden-sm vc_hidden-xs\u00a0\u00bb][\/vc_column][\/vc_row][vc_row full_width=\u00a0\u00bbstretch_row_content\u00a0\u00bb equal_height=\u00a0\u00bbyes\u00a0\u00bb content_placement=\u00a0\u00bbmiddle\u00a0\u00bb css=\u00a0\u00bb.vc_custom_1657101775001{background-image: url(http:\/\/imarsh.es\/wp-content\/uploads\/2022\/07\/IMAR-SH-FERROCARRIL-2.jpg?id=223) !important;background-position: center !important;background-repeat: no-repeat !important;background-size: cover !important;}\u00a0\u00bb][vc_column css=\u00a0\u00bb.vc_custom_1658309231400{background-position: center !important;background-repeat: no-repeat !important;background-size: cover !important;}\u00a0\u00bb offset=\u00a0\u00bbvc_hidden-lg vc_hidden-md\u00a0\u00bb][vc_empty_space height=\u00a0\u00bb50px\u00a0\u00bb][vc_custom_heading text=\u00a0\u00bbFERROVIAIRE\u00a0\u00bb font_container=\u00a0\u00bbtag:h1|font_size:50|text_align:center|color:%23ffffff\u00a0\u00bb google_fonts=\u00a0\u00bbfont_family:Fjalla%20One%3Aregular|font_style:400%20regular%3A400%3Anormal\u00a0\u00bb css=\u00a0\u00bb.vc_custom_1657101783699{margin-bottom: 0px !important;border-bottom-width: 0px !important;}\u00a0\u00bb][vc_separator color=\u00a0\u00bbwhite\u00a0\u00bb border_width=\u00a0\u00bb2&Prime; el_width=\u00a0\u00bb80&Prime; css_animation=\u00a0\u00bbfadeInLeft\u00a0\u00bb css=\u00a0\u00bb.vc_custom_1656923686209{padding-top: 0px !important;}\u00a0\u00bb][vc_column_text css=\u00a0\u00bb.vc_custom_1658309026162{margin-right: 45px !important;margin-left: 45px !important;}\u00a0\u00bb]\n<p style=\"text-align: center;\"><span style=\"color: #ffffff; font-size: 170%;\">C\u00e2blage pour syst\u00e8mes de commande \u2022 C\u00e2blage pour v\u00e9rification de production<\/span><\/p>\n[\/vc_column_text][vc_empty_space height=\u00a0\u00bb50px\u00a0\u00bb][\/vc_column][\/vc_row][vc_section full_width=\u00a0\u00bbstretch_row\u00a0\u00bb css=\u00a0\u00bb.vc_custom_1656919366695{margin-bottom: 0px !important;}\u00a0\u00bb][vc_row full_width=\u00a0\u00bbstretch_row_content\u00a0\u00bb equal_height=\u00a0\u00bbyes\u00a0\u00bb content_placement=\u00a0\u00bbmiddle\u00a0\u00bb css=\u00a0\u00bb.vc_custom_1656918512497{background-position: center !important;background-repeat: no-repeat !important;background-size: cover !important;}\u00a0\u00bb][vc_column width=\u00a0\u00bb3\/5&Prime; css=\u00a0\u00bb.vc_custom_1658309331467{margin-right: 45px !important;margin-left: 45px !important;background-position: center !important;background-repeat: no-repeat !important;background-size: cover !important;}\u00a0\u00bb offset=\u00a0\u00bbvc_hidden-sm vc_hidden-xs\u00a0\u00bb][vc_empty_space][vc_column_text css=\u00a0\u00bb.vc_custom_1658309295828{margin-bottom: 0px !important;border-bottom-width: 0px !important;padding-bottom: 0px !important;}\u00a0\u00bb]\n<h1 style=\"text-align: left;\">C\u00e2blage pour le secteur ferroviaire<\/h1>\n[\/vc_column_text][vc_separator color=\u00a0\u00bbcustom\u00a0\u00bb align=\u00a0\u00bbalign_left\u00a0\u00bb border_width=\u00a0\u00bb2&Prime; el_width=\u00a0\u00bb50&Prime; css_animation=\u00a0\u00bbfadeInLeft\u00a0\u00bb accent_color=\u00a0\u00bb#74b4e2&Prime; css=\u00a0\u00bb.vc_custom_1656919059400{padding-top: 0px !important;}\u00a0\u00bb][vc_column_text]Chez IMAR SANT HILARI nous fabriquons des installations \u00e9lectriques de c\u00e2blages pour le secteur du transport ferroviaire. Depuis 1996, nous fabriquons des c\u00e2blages \u00e0 partir des plans de nos clients que nous conseillons gr\u00e2ce \u00e0 notre exp\u00e9rience.[\/vc_column_text][vc_empty_space][\/vc_column][vc_column width=\u00a0\u00bb2\/5&Prime; css=\u00a0\u00bb.vc_custom_1658309338600{background: #74b4e2 url(http:\/\/imarsh.es\/wp-content\/uploads\/2022\/07\/IMAR-SH-FERROCARRIL-4.jpg?id=215) !important;background-position: center !important;background-repeat: no-repeat !important;background-size: cover !important;}\u00a0\u00bb offset=\u00a0\u00bbvc_hidden-sm vc_hidden-xs\u00a0\u00bb][vc_empty_space height=\u00a0\u00bb400px\u00a0\u00bb][\/vc_column][\/vc_row][\/vc_section][vc_section full_width=\u00a0\u00bbstretch_row\u00a0\u00bb css=\u00a0\u00bb.vc_custom_1656919366695{margin-bottom: 0px !important;}\u00a0\u00bb][vc_row full_width=\u00a0\u00bbstretch_row_content\u00a0\u00bb equal_height=\u00a0\u00bbyes\u00a0\u00bb content_placement=\u00a0\u00bbmiddle\u00a0\u00bb css=\u00a0\u00bb.vc_custom_1656918512497{background-position: center !important;background-repeat: no-repeat !important;background-size: cover !important;}\u00a0\u00bb][vc_column width=\u00a0\u00bb3\/5&Prime; css=\u00a0\u00bb.vc_custom_1658309385597{margin-right: 15px !important;margin-left: 15px !important;background-position: center !important;background-repeat: no-repeat !important;background-size: cover !important;}\u00a0\u00bb offset=\u00a0\u00bbvc_hidden-lg vc_hidden-md\u00a0\u00bb][vc_empty_space][vc_column_text css=\u00a0\u00bb.vc_custom_1658309295828{margin-bottom: 0px !important;border-bottom-width: 0px !important;padding-bottom: 0px !important;}\u00a0\u00bb]\n<h1 style=\"text-align: left;\">C\u00e2blage pour le secteur ferroviaire<\/h1>\n[\/vc_column_text][vc_separator color=\u00a0\u00bbcustom\u00a0\u00bb align=\u00a0\u00bbalign_left\u00a0\u00bb border_width=\u00a0\u00bb2&Prime; el_width=\u00a0\u00bb50&Prime; css_animation=\u00a0\u00bbfadeInLeft\u00a0\u00bb accent_color=\u00a0\u00bb#74b4e2&Prime; css=\u00a0\u00bb.vc_custom_1656919059400{padding-top: 0px !important;}\u00a0\u00bb][vc_column_text]Chez IMAR SANT HILARI nous fabriquons des installations \u00e9lectriques de c\u00e2blages pour le secteur du transport ferroviaire. Depuis 1996, nous fabriquons des c\u00e2blages \u00e0 partir des plans de nos clients que nous conseillons gr\u00e2ce \u00e0 notre exp\u00e9rience.[\/vc_column_text][vc_empty_space][\/vc_column][vc_column width=\u00a0\u00bb2\/5&Prime; css=\u00a0\u00bb.vc_custom_1658309351501{background: #74b4e2 url(http:\/\/imarsh.es\/wp-content\/uploads\/2022\/07\/IMAR-SH-FERROCARRIL-4.jpg?id=215) !important;background-position: center !important;background-repeat: no-repeat !important;background-size: cover !important;}\u00a0\u00bb offset=\u00a0\u00bbvc_hidden-lg vc_hidden-md\u00a0\u00bb][vc_empty_space height=\u00a0\u00bb400px\u00a0\u00bb][\/vc_column][\/vc_row][\/vc_section][vc_row full_width=\u00a0\u00bbstretch_row_content\u00a0\u00bb equal_height=\u00a0\u00bbyes\u00a0\u00bb][vc_column width=\u00a0\u00bb1\/2&Prime; css=\u00a0\u00bb.vc_custom_1656924408299{background-color: #737272 !important;}\u00a0\u00bb][vc_empty_space height=\u00a0\u00bb45px\u00a0\u00bb][vc_custom_heading text=\u00a0\u00bbC\u00c2BLAGE POUR SYST\u00c8MES DE COMMANDE\u00a0\u00bb font_container=\u00a0\u00bbtag:h1|font_size:40|text_align:center|color:%23ffffff\u00a0\u00bb google_fonts=\u00a0\u00bbfont_family:Fjalla%20One%3Aregular|font_style:400%20regular%3A400%3Anormal\u00a0\u00bb][vc_empty_space height=\u00a0\u00bb45px\u00a0\u00bb][\/vc_column][vc_column width=\u00a0\u00bb1\/2&Prime; css=\u00a0\u00bb.vc_custom_1656924424945{background-color: #fa7226 !important;}\u00a0\u00bb][vc_empty_space height=\u00a0\u00bb45px\u00a0\u00bb][vc_custom_heading text=\u00a0\u00bbC\u00c2BLAGE POUR V\u00c9RIFICATION DE PRODUCTION\u00a0\u00bb font_container=\u00a0\u00bbtag:h1|font_size:40|text_align:center|color:%23ffffff\u00a0\u00bb google_fonts=\u00a0\u00bbfont_family:Fjalla%20One%3Aregular|font_style:400%20regular%3A400%3Anormal\u00a0\u00bb][vc_empty_space height=\u00a0\u00bb45px\u00a0\u00bb][\/vc_column][\/vc_row][vc_section full_width=\u00a0\u00bbstretch_row\u00a0\u00bb css=\u00a0\u00bb.vc_custom_1656919366695{margin-bottom: 0px !important;}\u00a0\u00bb][vc_row full_width=\u00a0\u00bbstretch_row_content\u00a0\u00bb equal_height=\u00a0\u00bbyes\u00a0\u00bb][vc_column width=\u00a0\u00bb2\/5&Prime; css=\u00a0\u00bb.vc_custom_1658309614055{background-image: url(http:\/\/imarsh.es\/wp-content\/uploads\/2022\/07\/IMAR-SH-FERROCARRIL-1.jpg?id=219) !important;background-position: center !important;background-repeat: no-repeat !important;background-size: cover !important;}\u00a0\u00bb offset=\u00a0\u00bbvc_hidden-sm vc_hidden-xs\u00a0\u00bb][vc_empty_space height=\u00a0\u00bb400px\u00a0\u00bb][\/vc_column][vc_column width=\u00a0\u00bb3\/5&Prime; css=\u00a0\u00bb.vc_custom_1658309619837{background-color: #ffffff !important;}\u00a0\u00bb offset=\u00a0\u00bbvc_hidden-sm vc_hidden-xs\u00a0\u00bb][vc_empty_space][vc_column_text css=\u00a0\u00bb.vc_custom_1658309559066{margin-bottom: 0px !important;margin-left: 45px !important;border-bottom-width: 0px !important;padding-bottom: 0px !important;}\u00a0\u00bb]\n<h1 style=\"text-align: left;\">Que faisons-nous ?<\/h1>\n[\/vc_column_text][vc_separator color=\u00a0\u00bbcustom\u00a0\u00bb align=\u00a0\u00bbalign_left\u00a0\u00bb border_width=\u00a0\u00bb2&Prime; el_width=\u00a0\u00bb50&Prime; css_animation=\u00a0\u00bbfadeInLeft\u00a0\u00bb accent_color=\u00a0\u00bb#74b4e2&Prime; css=\u00a0\u00bb.vc_custom_1656921548983{margin-left: 45px !important;padding-top: 0px !important;}\u00a0\u00bb][vc_column_text css=\u00a0\u00bb.vc_custom_1658309603225{margin-left: 45px !important;}\u00a0\u00bb]Nos installations nous permettent de fabriquer des c\u00e2blages et des sections de grandes dimensions, y compris des syst\u00e8mes extr\u00eamement complexes du point de vue constructif. Tous les c\u00e2blages sont v\u00e9rifi\u00e9s individuellement \u00e0 la fin du processus de fabrication.[\/vc_column_text][vc_empty_space][\/vc_column][\/vc_row][\/vc_section][vc_section full_width=\u00a0\u00bbstretch_row\u00a0\u00bb css=\u00a0\u00bb.vc_custom_1656919366695{margin-bottom: 0px !important;}\u00a0\u00bb][vc_row full_width=\u00a0\u00bbstretch_row_content\u00a0\u00bb equal_height=\u00a0\u00bbyes\u00a0\u00bb][vc_column width=\u00a0\u00bb2\/5&Prime; css=\u00a0\u00bb.vc_custom_1658309628959{background-image: url(http:\/\/imarsh.es\/wp-content\/uploads\/2022\/07\/IMAR-SH-FERROCARRIL-1.jpg?id=219) !important;background-position: center !important;background-repeat: no-repeat !important;background-size: cover !important;}\u00a0\u00bb offset=\u00a0\u00bbvc_hidden-lg vc_hidden-md\u00a0\u00bb][vc_empty_space height=\u00a0\u00bb400px\u00a0\u00bb][\/vc_column][vc_column width=\u00a0\u00bb3\/5&Prime; css=\u00a0\u00bb.vc_custom_1658309636472{background-color: #ffffff !important;}\u00a0\u00bb offset=\u00a0\u00bbvc_hidden-lg vc_hidden-md\u00a0\u00bb][vc_empty_space][vc_column_text css=\u00a0\u00bb.vc_custom_1658309647383{margin-right: 15px !important;margin-bottom: 0px !important;margin-left: 15px !important;border-bottom-width: 0px !important;padding-bottom: 0px !important;}\u00a0\u00bb]\n<h1 style=\"text-align: left;\">Que faisons-nous ?<\/h1>\n[\/vc_column_text][vc_separator color=\u00a0\u00bbcustom\u00a0\u00bb align=\u00a0\u00bbalign_left\u00a0\u00bb border_width=\u00a0\u00bb2&Prime; el_width=\u00a0\u00bb50&Prime; css_animation=\u00a0\u00bbfadeInLeft\u00a0\u00bb accent_color=\u00a0\u00bb#74b4e2&Prime; css=\u00a0\u00bb.vc_custom_1658309658173{margin-right: 15px !important;margin-left: 15px !important;padding-top: 0px !important;}\u00a0\u00bb][vc_column_text css=\u00a0\u00bb.vc_custom_1658309667398{margin-right: 15px !important;margin-left: 15px !important;}\u00a0\u00bb]Nos installations nous permettent de fabriquer des c\u00e2blages et des sections de grandes dimensions, y compris des syst\u00e8mes extr\u00eamement complexes du point de vue constructif. Tous les c\u00e2blages sont v\u00e9rifi\u00e9s individuellement \u00e0 la fin du processus de fabrication.[\/vc_column_text][vc_empty_space][\/vc_column][\/vc_row][\/vc_section][vc_row full_width=\u00a0\u00bbstretch_row_content\u00a0\u00bb equal_height=\u00a0\u00bbyes\u00a0\u00bb content_placement=\u00a0\u00bbmiddle\u00a0\u00bb css=\u00a0\u00bb.vc_custom_1657102113918{background-image: url(http:\/\/imarsh.es\/wp-content\/uploads\/2022\/07\/IMAR-SH-FERROCARRIL-3.jpg?id=227) !important;background-position: center !important;background-repeat: no-repeat !important;background-size: cover !important;}\u00a0\u00bb][vc_column width=\u00a0\u00bb1\/4&Prime; css=\u00a0\u00bb.vc_custom_1658309785260{background-position: center !important;background-repeat: no-repeat !important;background-size: cover !important;}\u00a0\u00bb offset=\u00a0\u00bbvc_hidden-sm vc_hidden-xs\u00a0\u00bb][\/vc_column][vc_column width=\u00a0\u00bb1\/2&Prime; offset=\u00a0\u00bbvc_hidden-sm vc_hidden-xs\u00a0\u00bb][vc_empty_space height=\u00a0\u00bb100px\u00a0\u00bb][vc_custom_heading text=\u00a0\u00bbCONTACTEZ-NOUS\u00a0\u00bb font_container=\u00a0\u00bbtag:h1|font_size:50|text_align:center|color:%23ffffff\u00a0\u00bb google_fonts=\u00a0\u00bbfont_family:Fjalla%20One%3Aregular|font_style:400%20regular%3A400%3Anormal\u00a0\u00bb css=\u00a0\u00bb.vc_custom_1658309736288{margin-right: 45px !important;margin-bottom: 0px !important;margin-left: 45px !important;border-bottom-width: 0px !important;padding-bottom: 0px !important;}\u00a0\u00bb][vc_separator color=\u00a0\u00bbwhite\u00a0\u00bb border_width=\u00a0\u00bb2&Prime; el_width=\u00a0\u00bb80&Prime; css_animation=\u00a0\u00bbfadeInLeft\u00a0\u00bb css=\u00a0\u00bb.vc_custom_1656923686209{padding-top: 0px !important;}\u00a0\u00bb][vc_column_text css=\u00a0\u00bb.vc_custom_1658309756090{margin-left: 45px !important;}\u00a0\u00bb]\n<p style=\"text-align: center;\"><span style=\"font-size: 110%; color: #ffffff;\">Si vous \u00eates \u00e0 la recherche d\u2019un partenaire pour vos projets automobiles industriels, vous trouverez chez IMAR SANT HILARI plus de 25 ans d\u2019exp\u00e9rience ainsi qu\u2019une \u00e9quipe sp\u00e9cialis\u00e9e dans le c\u00e2blage \u00e9lectrique industriel.<\/span><\/p>\n[\/vc_column_text][vc_btn title=\u00a0\u00bb<b>\u00c8TES-VOUS PR\u00c8TS ?<\/b>\u00a0\u00bb style=\u00a0\u00bbgradient-custom\u00a0\u00bb gradient_custom_color_1=\u00a0\u00bb#74b4e2&Prime; gradient_custom_color_2=\u00a0\u00bb#ffffff\u00a0\u00bb gradient_text_color=\u00a0\u00bb#000000&Prime; size=\u00a0\u00bblg\u00a0\u00bb align=\u00a0\u00bbcenter\u00a0\u00bb css=\u00a0\u00bb.vc_custom_1659002110551{margin-left: 45px !important;}\u00a0\u00bb link=\u00a0\u00bburl:https%3A%2F%2Fimarsh.es%2Ffr%2Fa-propos-dimar-sant-hilari%2F|title:%C3%80%20PROPOS%20D%E2%80%99IMAR%20SH\u00a0\u00bb][vc_empty_space height=\u00a0\u00bb100px\u00a0\u00bb][\/vc_column][vc_column width=\u00a0\u00bb1\/4&Prime; offset=\u00a0\u00bbvc_hidden-sm vc_hidden-xs\u00a0\u00bb][\/vc_column][\/vc_row][vc_row full_width=\u00a0\u00bbstretch_row_content\u00a0\u00bb equal_height=\u00a0\u00bbyes\u00a0\u00bb content_placement=\u00a0\u00bbmiddle\u00a0\u00bb css=\u00a0\u00bb.vc_custom_1657102113918{background-image: url(http:\/\/imarsh.es\/wp-content\/uploads\/2022\/07\/IMAR-SH-FERROCARRIL-3.jpg?id=227) !important;background-position: center !important;background-repeat: no-repeat !important;background-size: cover !important;}\u00a0\u00bb][vc_column css=\u00a0\u00bb.vc_custom_1658309809177{background-position: center !important;background-repeat: no-repeat !important;background-size: cover !important;}\u00a0\u00bb offset=\u00a0\u00bbvc_hidden-lg vc_hidden-md\u00a0\u00bb][vc_empty_space height=\u00a0\u00bb100px\u00a0\u00bb][vc_custom_heading text=\u00a0\u00bbCONTACTEZ-NOUS\u00a0\u00bb font_container=\u00a0\u00bbtag:h1|font_size:50|text_align:center|color:%23ffffff\u00a0\u00bb google_fonts=\u00a0\u00bbfont_family:Fjalla%20One%3Aregular|font_style:400%20regular%3A400%3Anormal\u00a0\u00bb css=\u00a0\u00bb.vc_custom_1658309821637{margin-right: 15px !important;margin-bottom: 0px !important;margin-left: 15px !important;border-bottom-width: 0px !important;padding-bottom: 0px !important;}\u00a0\u00bb][vc_separator color=\u00a0\u00bbwhite\u00a0\u00bb border_width=\u00a0\u00bb2&Prime; el_width=\u00a0\u00bb80&Prime; css_animation=\u00a0\u00bbfadeInLeft\u00a0\u00bb css=\u00a0\u00bb.vc_custom_1656923686209{padding-top: 0px !important;}\u00a0\u00bb][vc_column_text css=\u00a0\u00bb.vc_custom_1658309838001{margin-right: 15px !important;margin-left: 15px !important;}\u00a0\u00bb]\n<p style=\"text-align: center;\"><span style=\"font-size: 110%; color: #ffffff;\">Si vous \u00eates \u00e0 la recherche d\u2019un partenaire pour vos projets automobiles industriels, vous trouverez chez IMAR SANT HILARI plus de 25 ans d\u2019exp\u00e9rience ainsi qu\u2019une \u00e9quipe sp\u00e9cialis\u00e9e dans le c\u00e2blage \u00e9lectrique industriel.<\/span><\/p>\n[\/vc_column_text][vc_btn title=\u00a0\u00bb<b>\u00c8TES-VOUS PR\u00c8TS ?<\/b>\u00a0\u00bb style=\u00a0\u00bbgradient-custom\u00a0\u00bb gradient_custom_color_1=\u00a0\u00bb#74b4e2&Prime; gradient_custom_color_2=\u00a0\u00bb#ffffff\u00a0\u00bb gradient_text_color=\u00a0\u00bb#000000&Prime; size=\u00a0\u00bblg\u00a0\u00bb align=\u00a0\u00bbcenter\u00a0\u00bb link=\u00a0\u00bburl:https%3A%2F%2Fimarsh.es%2Ffr%2Fa-propos-dimar-sant-hilari%2F|title:%C3%80%20PROPOS%20D%E2%80%99IMAR%20SH\u00a0\u00bb][vc_empty_space height=\u00a0\u00bb100px\u00a0\u00bb][\/vc_column][\/vc_row]\n","protected":false},"excerpt":{"rendered":"[vc_row full_width=\u00a0\u00bbstretch_row_content\u00a0\u00bb equal_height=\u00a0\u00bbyes\u00a0\u00bb content_placement=\u00a0\u00bbmiddle\u00a0\u00bb css=\u00a0\u00bb.vc_custom_1657101775001{background-image: url(http:\/\/imarsh.es\/wp-content\/uploads\/2022\/07\/IMAR-SH-FERROCARRIL-2.jpg?id=223) !important;background-position: center !important;background-repeat: no-repeat !important;background-size: cover !important;}\u00a0\u00bb][vc_column width=\u00a0\u00bb1\/4&Prime; css=\u00a0\u00bb.vc_custom_1658309055737{background-position: center !important;background-repeat: no-repeat !important;background-size: cover !important;}\u00a0\u00bb offset=\u00a0\u00bbvc_hidden-sm vc_hidden-xs\u00a0\u00bb][\/vc_column][vc_column width=\u00a0\u00bb1\/2&Prime; offset=\u00a0\u00bbvc_hidden-sm vc_hidden-xs\u00a0\u00bb][vc_empty_space height=\u00a0\u00bb150px\u00a0\u00bb][vc_custom_heading text=\u00a0\u00bbFERROVIAIRE\u00a0\u00bb font_container=\u00a0\u00bbtag:h1|font_size:50|text_align:center|color:%23ffffff\u00a0\u00bb google_fonts=\u00a0\u00bbfont_family:Fjalla%20One%3Aregular|font_style:400%20regular%3A400%3Anormal\u00a0\u00bb css=\u00a0\u00bb.vc_custom_1657101783699{margin-bottom: 0px !important;border-bottom-width: 0px !important;}\u00a0\u00bb][vc_separator color=\u00a0\u00bbwhite\u00a0\u00bb border_width=\u00a0\u00bb2&Prime; el_width=\u00a0\u00bb80&Prime; css_animation=\u00a0\u00bbfadeInLeft\u00a0\u00bb css=\u00a0\u00bb.vc_custom_1656923686209{padding-top: 0px !important;}\u00a0\u00bb][vc_column_text css=\u00a0\u00bb.vc_custom_1658309026162{margin-right: 45px !important;margin-left: 45px !important;}\u00a0\u00bb] C\u00e2blage pour syst\u00e8mes de commande \u2022 C\u00e2blage pour [&#8230;]\n","protected":false},"author":2,"featured_media":27,"parent":0,"menu_order":0,"comment_status":"closed","ping_status":"open","template":"","meta":{"footnotes":""},"class_list":["post-214","page","type-page","status-publish","has-post-thumbnail","hentry"],"_links":{"self":[{"href":"https:\/\/imarsh.es\/fr\/wp-json\/wp\/v2\/pages\/214","targetHints":{"allow":["GET"]}}],"collection":[{"href":"https:\/\/imarsh.es\/fr\/wp-json\/wp\/v2\/pages"}],"about":[{"href":"https:\/\/imarsh.es\/fr\/wp-json\/wp\/v2\/types\/page"}],"author":[{"embeddable":true,"href":"https:\/\/imarsh.es\/fr\/wp-json\/wp\/v2\/users\/2"}],"replies":[{"embeddable":true,"href":"https:\/\/imarsh.es\/fr\/wp-json\/wp\/v2\/comments?post=214"}],"version-history":[{"count":4,"href":"https:\/\/imarsh.es\/fr\/wp-json\/wp\/v2\/pages\/214\/revisions"}],"predecessor-version":[{"id":632,"href":"https:\/\/imarsh.es\/fr\/wp-json\/wp\/v2\/pages\/214\/revisions\/632"}],"wp:featuredmedia":[{"embeddable":true,"href":"https:\/\/imarsh.es\/fr\/wp-json\/wp\/v2\/media\/27"}],"wp:attachment":[{"href":"https:\/\/imarsh.es\/fr\/wp-json\/wp\/v2\/media?parent=214"}],"curies":[{"name":"wp","href":"https:\/\/api.w.org\/{rel}","templated":true}]}}