{"id":104,"date":"2022-07-04T10:56:18","date_gmt":"2022-07-04T08:56:18","guid":{"rendered":"https:\/\/imarsh.es\/?page_id=104"},"modified":"2022-07-28T11:46:18","modified_gmt":"2022-07-28T09:46:18","slug":"automobile","status":"publish","type":"page","link":"https:\/\/imarsh.es\/fr\/automobile\/","title":{"rendered":"AUTOMOBILE"},"content":{"rendered":"[vc_row full_width=\u00a0\u00bbstretch_row_content\u00a0\u00bb equal_height=\u00a0\u00bbyes\u00a0\u00bb content_placement=\u00a0\u00bbmiddle\u00a0\u00bb css=\u00a0\u00bb.vc_custom_1656923550200{background-image: url(http:\/\/imarsh.es\/wp-content\/uploads\/2022\/07\/IMAR-SH-AUTOMOCION-1.jpg?id=105) !important;background-position: center !important;background-repeat: no-repeat !important;background-size: cover !important;}\u00a0\u00bb][vc_column width=\u00a0\u00bb1\/4&Prime; css=\u00a0\u00bb.vc_custom_1658307454532{background-position: center !important;background-repeat: no-repeat !important;background-size: cover !important;}\u00a0\u00bb offset=\u00a0\u00bbvc_hidden-sm vc_hidden-xs\u00a0\u00bb][\/vc_column][vc_column width=\u00a0\u00bb1\/2&Prime; offset=\u00a0\u00bbvc_hidden-sm vc_hidden-xs\u00a0\u00bb][vc_empty_space height=\u00a0\u00bb150px\u00a0\u00bb][vc_custom_heading text=\u00a0\u00bbAUTOMOBILE\u00a0\u00bb font_container=\u00a0\u00bbtag:h1|font_size:50|text_align:center|color:%23ffffff\u00a0\u00bb google_fonts=\u00a0\u00bbfont_family:Fjalla%20One%3Aregular|font_style:400%20regular%3A400%3Anormal\u00a0\u00bb css=\u00a0\u00bb.vc_custom_1658307154830{margin-bottom: 0px !important;border-bottom-width: 0px !important;}\u00a0\u00bb][vc_separator color=\u00a0\u00bbwhite\u00a0\u00bb border_width=\u00a0\u00bb2&Prime; el_width=\u00a0\u00bb80&Prime; css_animation=\u00a0\u00bbfadeInLeft\u00a0\u00bb css=\u00a0\u00bb.vc_custom_1656923686209{padding-top: 0px !important;}\u00a0\u00bb][vc_column_text css=\u00a0\u00bb.vc_custom_1658307235654{margin-right: 45px !important;margin-left: 45px !important;}\u00a0\u00bb]\n<p style=\"text-align: center;\"><span style=\"color: #ffffff; font-size: 170%;\">C\u00e2blages de man\u0153uvre et puissance \u2022 Tableaux de commande \u2022 Bo\u00eetiers de connexion<\/span><\/p>\n[\/vc_column_text][vc_empty_space height=\u00a0\u00bb150px\u00a0\u00bb][\/vc_column][vc_column width=\u00a0\u00bb1\/4&Prime; offset=\u00a0\u00bbvc_hidden-sm vc_hidden-xs\u00a0\u00bb][\/vc_column][\/vc_row][vc_row full_width=\u00a0\u00bbstretch_row_content\u00a0\u00bb equal_height=\u00a0\u00bbyes\u00a0\u00bb content_placement=\u00a0\u00bbmiddle\u00a0\u00bb css=\u00a0\u00bb.vc_custom_1656923550200{background-image: url(http:\/\/imarsh.es\/wp-content\/uploads\/2022\/07\/IMAR-SH-AUTOMOCION-1.jpg?id=105) !important;background-position: center !important;background-repeat: no-repeat !important;background-size: cover !important;}\u00a0\u00bb][vc_column css=\u00a0\u00bb.vc_custom_1658307470083{background-position: center !important;background-repeat: no-repeat !important;background-size: cover !important;}\u00a0\u00bb offset=\u00a0\u00bbvc_hidden-lg vc_hidden-md\u00a0\u00bb][vc_empty_space height=\u00a0\u00bb50px\u00a0\u00bb][vc_custom_heading text=\u00a0\u00bbAUTOMOBILE\u00a0\u00bb font_container=\u00a0\u00bbtag:h1|font_size:50|text_align:center|color:%23ffffff\u00a0\u00bb google_fonts=\u00a0\u00bbfont_family:Fjalla%20One%3Aregular|font_style:400%20regular%3A400%3Anormal\u00a0\u00bb css=\u00a0\u00bb.vc_custom_1658307513428{margin-bottom: 0px !important;border-bottom-width: 0px !important;}\u00a0\u00bb][vc_separator color=\u00a0\u00bbwhite\u00a0\u00bb border_width=\u00a0\u00bb2&Prime; el_width=\u00a0\u00bb80&Prime; css_animation=\u00a0\u00bbfadeInLeft\u00a0\u00bb css=\u00a0\u00bb.vc_custom_1658307523756{padding-top: 0px !important;}\u00a0\u00bb][vc_column_text css=\u00a0\u00bb.vc_custom_1658307235654{margin-right: 45px !important;margin-left: 45px !important;}\u00a0\u00bb]\n<p style=\"text-align: center;\"><span style=\"color: #ffffff; font-size: 170%;\">C\u00e2blages de man\u0153uvre et puissance \u2022 Tableaux de commande \u2022 Bo\u00eetiers de connexion<\/span><\/p>\n[\/vc_column_text][vc_empty_space height=\u00a0\u00bb50px\u00a0\u00bb][\/vc_column][\/vc_row][vc_section full_width=\u00a0\u00bbstretch_row\u00a0\u00bb css=\u00a0\u00bb.vc_custom_1656919366695{margin-bottom: 0px !important;}\u00a0\u00bb][vc_row full_width=\u00a0\u00bbstretch_row_content\u00a0\u00bb equal_height=\u00a0\u00bbyes\u00a0\u00bb content_placement=\u00a0\u00bbmiddle\u00a0\u00bb css=\u00a0\u00bb.vc_custom_1656918512497{background-position: center !important;background-repeat: no-repeat !important;background-size: cover !important;}\u00a0\u00bb][vc_column width=\u00a0\u00bb3\/5&Prime; css=\u00a0\u00bb.vc_custom_1658308205014{margin-right: 45px !important;margin-left: 45px !important;background-position: center !important;background-repeat: no-repeat !important;background-size: cover !important;}\u00a0\u00bb offset=\u00a0\u00bbvc_hidden-sm vc_hidden-xs\u00a0\u00bb][vc_empty_space][vc_column_text css=\u00a0\u00bb.vc_custom_1658308101003{margin-bottom: 0px !important;border-bottom-width: 0px !important;padding-bottom: 0px !important;}\u00a0\u00bb]\n<h1 style=\"text-align: left;\">C\u00e2blages pour le secteur automobile<\/h1>\n[\/vc_column_text][vc_separator color=\u00a0\u00bbcustom\u00a0\u00bb align=\u00a0\u00bbalign_left\u00a0\u00bb border_width=\u00a0\u00bb2&Prime; el_width=\u00a0\u00bb50&Prime; css_animation=\u00a0\u00bbfadeInLeft\u00a0\u00bb accent_color=\u00a0\u00bb#74b4e2&Prime; css=\u00a0\u00bb.vc_custom_1656919059400{padding-top: 0px !important;}\u00a0\u00bb][vc_column_text]IMAR SANT HILARI fabrique des installations \u00e9lectriques de c\u00e2blages pour le secteur automobile ainsi que des syst\u00e8mes de commande, aussi bien pour des constructeurs de carrosseries de transport de voyageurs que d\u2019autres types de v\u00e9hicules commerciaux.<\/p>\n<p>Nos installations nous permettent de fabriquer des c\u00e2blages et des sections de grandes dimensions, y compris des syst\u00e8mes extr\u00eamement complexes du point de vue constructif.<\/p>\n<p>Tous les c\u00e2blages sont v\u00e9rifi\u00e9s individuellement \u00e0 la fin du processus de fabrication.[\/vc_column_text][vc_empty_space][\/vc_column][vc_column width=\u00a0\u00bb2\/5&Prime; css=\u00a0\u00bb.vc_custom_1658308199567{background: #74b4e2 url(http:\/\/imarsh.es\/wp-content\/uploads\/2022\/07\/IMAR-SH-AUTOMOCION-3.jpg?id=152) !important;background-position: center !important;background-repeat: no-repeat !important;background-size: cover !important;}\u00a0\u00bb offset=\u00a0\u00bbvc_hidden-sm vc_hidden-xs\u00a0\u00bb][vc_empty_space height=\u00a0\u00bb400px\u00a0\u00bb][\/vc_column][\/vc_row][\/vc_section][vc_section full_width=\u00a0\u00bbstretch_row\u00a0\u00bb css=\u00a0\u00bb.vc_custom_1656919366695{margin-bottom: 0px !important;}\u00a0\u00bb][vc_row full_width=\u00a0\u00bbstretch_row_content\u00a0\u00bb equal_height=\u00a0\u00bbyes\u00a0\u00bb content_placement=\u00a0\u00bbmiddle\u00a0\u00bb css=\u00a0\u00bb.vc_custom_1656918512497{background-position: center !important;background-repeat: no-repeat !important;background-size: cover !important;}\u00a0\u00bb][vc_column width=\u00a0\u00bb3\/5&Prime; css=\u00a0\u00bb.vc_custom_1658308230071{margin-right: 15px !important;margin-left: 15px !important;background-position: center !important;background-repeat: no-repeat !important;background-size: cover !important;}\u00a0\u00bb offset=\u00a0\u00bbvc_hidden-lg vc_hidden-md\u00a0\u00bb][vc_empty_space][vc_column_text css=\u00a0\u00bb.vc_custom_1658308101003{margin-bottom: 0px !important;border-bottom-width: 0px !important;padding-bottom: 0px !important;}\u00a0\u00bb]\n<h1 style=\"text-align: left;\">C\u00e2blages pour le secteur automobile<\/h1>\n[\/vc_column_text][vc_separator color=\u00a0\u00bbcustom\u00a0\u00bb align=\u00a0\u00bbalign_left\u00a0\u00bb border_width=\u00a0\u00bb2&Prime; el_width=\u00a0\u00bb50&Prime; css_animation=\u00a0\u00bbfadeInLeft\u00a0\u00bb accent_color=\u00a0\u00bb#74b4e2&Prime; css=\u00a0\u00bb.vc_custom_1656919059400{padding-top: 0px !important;}\u00a0\u00bb][vc_column_text]IMAR SANT HILARI fabrique des installations \u00e9lectriques de c\u00e2blages pour le secteur automobile ainsi que des syst\u00e8mes de commande, aussi bien pour des constructeurs de carrosseries de transport de voyageurs que d\u2019autres types de v\u00e9hicules commerciaux.<\/p>\n<p>Nos installations nous permettent de fabriquer des c\u00e2blages et des sections de grandes dimensions, y compris des syst\u00e8mes extr\u00eamement complexes du point de vue constructif.<\/p>\n<p>Tous les c\u00e2blages sont v\u00e9rifi\u00e9s individuellement \u00e0 la fin du processus de fabrication.[\/vc_column_text][vc_empty_space][\/vc_column][vc_column width=\u00a0\u00bb2\/5&Prime; css=\u00a0\u00bb.vc_custom_1658308192618{background: #74b4e2 url(http:\/\/imarsh.es\/wp-content\/uploads\/2022\/07\/IMAR-SH-AUTOMOCION-3.jpg?id=152) !important;background-position: center !important;background-repeat: no-repeat !important;background-size: cover !important;}\u00a0\u00bb offset=\u00a0\u00bbvc_hidden-lg vc_hidden-md\u00a0\u00bb][vc_empty_space height=\u00a0\u00bb400px\u00a0\u00bb][\/vc_column][\/vc_row][\/vc_section][vc_row full_width=\u00a0\u00bbstretch_row_content\u00a0\u00bb equal_height=\u00a0\u00bbyes\u00a0\u00bb content_placement=\u00a0\u00bbmiddle\u00a0\u00bb][vc_column width=\u00a0\u00bb1\/3&Prime; css=\u00a0\u00bb.vc_custom_1656924408299{background-color: #737272 !important;}\u00a0\u00bb][vc_empty_space height=\u00a0\u00bb45px\u00a0\u00bb][vc_custom_heading text=\u00a0\u00bbC\u00c2BLAGES DE MAN\u0152UVRE ET PUISSANCE\u00a0\u00bb font_container=\u00a0\u00bbtag:h1|font_size:40|text_align:center|color:%23ffffff\u00a0\u00bb google_fonts=\u00a0\u00bbfont_family:Fjalla%20One%3Aregular|font_style:400%20regular%3A400%3Anormal\u00a0\u00bb][vc_empty_space height=\u00a0\u00bb45px\u00a0\u00bb][\/vc_column][vc_column width=\u00a0\u00bb1\/3&Prime; css=\u00a0\u00bb.vc_custom_1656924424945{background-color: #fa7226 !important;}\u00a0\u00bb][vc_empty_space height=\u00a0\u00bb45px\u00a0\u00bb][vc_custom_heading text=\u00a0\u00bbTABLEAUX DE COMMANDE\u00a0\u00bb font_container=\u00a0\u00bbtag:h1|font_size:40|text_align:center|color:%23ffffff\u00a0\u00bb google_fonts=\u00a0\u00bbfont_family:Fjalla%20One%3Aregular|font_style:400%20regular%3A400%3Anormal\u00a0\u00bb][vc_empty_space height=\u00a0\u00bb45px\u00a0\u00bb][\/vc_column][vc_column width=\u00a0\u00bb1\/3&Prime; css=\u00a0\u00bb.vc_custom_1656924443059{background-color: #74b4e0 !important;}\u00a0\u00bb][vc_empty_space height=\u00a0\u00bb45px\u00a0\u00bb][vc_custom_heading text=\u00a0\u00bbBO\u00ceTIERS DE CONNEXION\u00a0\u00bb font_container=\u00a0\u00bbtag:h1|font_size:40|text_align:center|color:%23ffffff\u00a0\u00bb google_fonts=\u00a0\u00bbfont_family:Fjalla%20One%3Aregular|font_style:400%20regular%3A400%3Anormal\u00a0\u00bb][vc_empty_space height=\u00a0\u00bb45px\u00a0\u00bb][\/vc_column][\/vc_row][vc_section full_width=\u00a0\u00bbstretch_row\u00a0\u00bb css=\u00a0\u00bb.vc_custom_1656919366695{margin-bottom: 0px !important;}\u00a0\u00bb][vc_row full_width=\u00a0\u00bbstretch_row_content\u00a0\u00bb equal_height=\u00a0\u00bbyes\u00a0\u00bb][vc_column width=\u00a0\u00bb2\/5&Prime; css=\u00a0\u00bb.vc_custom_1658308443905{background-image: url(http:\/\/imarsh.es\/wp-content\/uploads\/2022\/07\/IMAR-SH-AUTOMOCION-4.jpg?id=156) !important;background-position: center !important;background-repeat: no-repeat !important;background-size: cover !important;}\u00a0\u00bb offset=\u00a0\u00bbvc_hidden-sm vc_hidden-xs\u00a0\u00bb][vc_empty_space height=\u00a0\u00bb400px\u00a0\u00bb][\/vc_column][vc_column width=\u00a0\u00bb3\/5&Prime; css=\u00a0\u00bb.vc_custom_1658308449846{background-color: #ffffff !important;}\u00a0\u00bb offset=\u00a0\u00bbvc_hidden-sm vc_hidden-xs\u00a0\u00bb][vc_empty_space][vc_column_text css=\u00a0\u00bb.vc_custom_1658308358177{margin-bottom: 0px !important;margin-left: 45px !important;border-bottom-width: 0px !important;padding-bottom: 0px !important;}\u00a0\u00bb]\n<h1 style=\"text-align: left;\">Que faisons-nous ?<\/h1>\n[\/vc_column_text][vc_separator color=\u00a0\u00bbcustom\u00a0\u00bb align=\u00a0\u00bbalign_left\u00a0\u00bb border_width=\u00a0\u00bb2&Prime; el_width=\u00a0\u00bb50&Prime; css_animation=\u00a0\u00bbfadeInLeft\u00a0\u00bb accent_color=\u00a0\u00bb#74b4e2&Prime; css=\u00a0\u00bb.vc_custom_1656921548983{margin-left: 45px !important;padding-top: 0px !important;}\u00a0\u00bb][vc_column_text css=\u00a0\u00bb.vc_custom_1658308374119{margin-left: 45px !important;}\u00a0\u00bb]Depuis 1996, nous fabriquons des c\u00e2blages \u00e0 partir des plans de nos clients. Notre exp\u00e9rience nous permet \u00e9galement de leur fournir tous les conseils dont ils peuvent avoir besoin.<\/p>\n<p>Nous proposons des <strong>c\u00e2blages de man\u0153uvre et de puissance<\/strong>, avec des c\u00e2bles adapt\u00e9s \u00e0 chaque besoin : isolation r\u00e9duite, r\u00e9sistance aux huiles et \u00e0 l\u2019action des combustibles.<\/p>\n<p>Nous fabriquons des c\u00e2bles extraflexibles pour les pi\u00e8ces mobiles, des protections avec des tubes en polyamide, poly\u00e9thyl\u00e8ne modifi\u00e9, poly\u00e9thyl\u00e8ne, PVC, maille de polyamide et brides, entre autres.<\/p>\n<p>Nous sommes des sp\u00e9cialistes du c\u00e2blage de tableaux de commande, modules d\u2019entr\u00e9e\/sortie multiplex\u00e9s, fusibles, relais de man\u0153uvre et de puissance, bo\u00eetiers de disjoncteurs et tout type d\u2019accessoires que l\u2019on trouve dans les <strong>bo\u00eetiers de connexion \u00e9lectrique<\/strong>.[\/vc_column_text][vc_empty_space][\/vc_column][\/vc_row][\/vc_section][vc_section full_width=\u00a0\u00bbstretch_row\u00a0\u00bb css=\u00a0\u00bb.vc_custom_1656919366695{margin-bottom: 0px !important;}\u00a0\u00bb][vc_row full_width=\u00a0\u00bbstretch_row_content\u00a0\u00bb equal_height=\u00a0\u00bbyes\u00a0\u00bb][vc_column width=\u00a0\u00bb2\/5&Prime; css=\u00a0\u00bb.vc_custom_1658308457384{background-image: url(http:\/\/imarsh.es\/wp-content\/uploads\/2022\/07\/IMAR-SH-AUTOMOCION-4.jpg?id=156) !important;background-position: center !important;background-repeat: no-repeat !important;background-size: cover !important;}\u00a0\u00bb offset=\u00a0\u00bbvc_hidden-lg vc_hidden-md\u00a0\u00bb][vc_empty_space height=\u00a0\u00bb400px\u00a0\u00bb][\/vc_column][vc_column width=\u00a0\u00bb3\/5&Prime; css=\u00a0\u00bb.vc_custom_1658308538298{background-color: #ffffff !important;}\u00a0\u00bb offset=\u00a0\u00bbvc_hidden-lg vc_hidden-md\u00a0\u00bb][vc_empty_space][vc_column_text css=\u00a0\u00bb.vc_custom_1658308488634{margin-bottom: 0px !important;margin-left: 15px !important;border-bottom-width: 0px !important;padding-bottom: 0px !important;}\u00a0\u00bb]\n<h1 style=\"text-align: left;\">Que faisons-nous ?<\/h1>\n[\/vc_column_text][vc_separator color=\u00a0\u00bbcustom\u00a0\u00bb align=\u00a0\u00bbalign_left\u00a0\u00bb border_width=\u00a0\u00bb2&Prime; el_width=\u00a0\u00bb50&Prime; css_animation=\u00a0\u00bbfadeInLeft\u00a0\u00bb accent_color=\u00a0\u00bb#74b4e2&Prime; css=\u00a0\u00bb.vc_custom_1658308497483{margin-left: 15px !important;padding-top: 0px !important;}\u00a0\u00bb][vc_column_text css=\u00a0\u00bb.vc_custom_1658308505533{margin-left: 15px !important;}\u00a0\u00bb]Depuis 1996, nous fabriquons des c\u00e2blages \u00e0 partir des plans de nos clients. Notre exp\u00e9rience nous permet \u00e9galement de leur fournir tous les conseils dont ils peuvent avoir besoin.<\/p>\n<p>Nous proposons des <strong>c\u00e2blages de man\u0153uvre et de puissance<\/strong>, avec des c\u00e2bles adapt\u00e9s \u00e0 chaque besoin : isolation r\u00e9duite, r\u00e9sistance aux huiles et \u00e0 l\u2019action des combustibles.<\/p>\n<p>Nous fabriquons des c\u00e2bles extraflexibles pour les pi\u00e8ces mobiles, des protections avec des tubes en polyamide, poly\u00e9thyl\u00e8ne modifi\u00e9, poly\u00e9thyl\u00e8ne, PVC, maille de polyamide et brides, entre autres.<\/p>\n<p>Nous sommes des sp\u00e9cialistes du c\u00e2blage de tableaux de commande, modules d\u2019entr\u00e9e\/sortie multiplex\u00e9s, fusibles, relais de man\u0153uvre et de puissance, bo\u00eetiers de disjoncteurs et tout type d\u2019accessoires que l\u2019on trouve dans les <strong>bo\u00eetiers de connexion \u00e9lectrique<\/strong>.[\/vc_column_text][vc_empty_space][\/vc_column][\/vc_row][\/vc_section][vc_row full_width=\u00a0\u00bbstretch_row_content\u00a0\u00bb equal_height=\u00a0\u00bbyes\u00a0\u00bb content_placement=\u00a0\u00bbmiddle\u00a0\u00bb css=\u00a0\u00bb.vc_custom_1656924803159{background-image: url(http:\/\/imarsh.es\/wp-content\/uploads\/2022\/07\/IMAR-SH-AUTOMOCION-2.jpg?id=135) !important;background-position: center !important;background-repeat: no-repeat !important;background-size: cover !important;}\u00a0\u00bb][vc_column width=\u00a0\u00bb1\/4&Prime; css=\u00a0\u00bb.vc_custom_1658308626181{background-position: center !important;background-repeat: no-repeat !important;background-size: cover !important;}\u00a0\u00bb offset=\u00a0\u00bbvc_hidden-sm vc_hidden-xs\u00a0\u00bb][\/vc_column][vc_column width=\u00a0\u00bb1\/2&Prime; offset=\u00a0\u00bbvc_hidden-sm vc_hidden-xs\u00a0\u00bb][vc_empty_space height=\u00a0\u00bb100px\u00a0\u00bb][vc_custom_heading text=\u00a0\u00bbCONTACTEZ-NOUS\u00a0\u00bb font_container=\u00a0\u00bbtag:h1|font_size:50|text_align:center|color:%23ffffff\u00a0\u00bb google_fonts=\u00a0\u00bbfont_family:Fjalla%20One%3Aregular|font_style:400%20regular%3A400%3Anormal\u00a0\u00bb css=\u00a0\u00bb.vc_custom_1658308760342{margin-right: 45px !important;margin-bottom: 0px !important;margin-left: 45px !important;border-bottom-width: 0px !important;padding-bottom: 0px !important;}\u00a0\u00bb][vc_separator color=\u00a0\u00bbwhite\u00a0\u00bb border_width=\u00a0\u00bb2&Prime; el_width=\u00a0\u00bb80&Prime; css_animation=\u00a0\u00bbfadeInLeft\u00a0\u00bb css=\u00a0\u00bb.vc_custom_1656923686209{padding-top: 0px !important;}\u00a0\u00bb][vc_column_text css=\u00a0\u00bb.vc_custom_1658308779768{margin-left: 45px !important;}\u00a0\u00bb]\n<p style=\"text-align: center;\"><span style=\"font-size: 110%; color: #ffffff;\">Si vous \u00eates \u00e0 la recherche d\u2019un partenaire pour vos projets automobiles industriels, vous trouverez chez IMAR SANT HILARI plus de 25 ans d\u2019exp\u00e9rience ainsi qu\u2019une \u00e9quipe sp\u00e9cialis\u00e9e dans le c\u00e2blage \u00e9lectrique industriel.<\/span><\/p>\n[\/vc_column_text][vc_btn title=\u00a0\u00bb<b>\u00c8TES-VOUS PR\u00c8TS ?<\/b>\u00a0\u00bb style=\u00a0\u00bbgradient-custom\u00a0\u00bb gradient_custom_color_1=\u00a0\u00bb#74b4e2&Prime; gradient_custom_color_2=\u00a0\u00bb#ffffff\u00a0\u00bb gradient_text_color=\u00a0\u00bb#000000&Prime; size=\u00a0\u00bblg\u00a0\u00bb align=\u00a0\u00bbcenter\u00a0\u00bb css=\u00a0\u00bb.vc_custom_1659001565956{margin-left: 45px !important;}\u00a0\u00bb link=\u00a0\u00bburl:https%3A%2F%2Fimarsh.es%2Ffr%2Fa-propos-dimar-sant-hilari%2F|title:%C3%80%20PROPOS%20D%E2%80%99IMAR%20SH\u00a0\u00bb][vc_empty_space height=\u00a0\u00bb100px\u00a0\u00bb][\/vc_column][vc_column width=\u00a0\u00bb1\/4&Prime; offset=\u00a0\u00bbvc_hidden-sm vc_hidden-xs\u00a0\u00bb][\/vc_column][\/vc_row][vc_row full_width=\u00a0\u00bbstretch_row_content\u00a0\u00bb equal_height=\u00a0\u00bbyes\u00a0\u00bb content_placement=\u00a0\u00bbmiddle\u00a0\u00bb css=\u00a0\u00bb.vc_custom_1656924803159{background-image: url(http:\/\/imarsh.es\/wp-content\/uploads\/2022\/07\/IMAR-SH-AUTOMOCION-2.jpg?id=135) !important;background-position: center !important;background-repeat: no-repeat !important;background-size: cover !important;}\u00a0\u00bb][vc_column css=\u00a0\u00bb.vc_custom_1658308647739{background-position: center !important;background-repeat: no-repeat !important;background-size: cover !important;}\u00a0\u00bb offset=\u00a0\u00bbvc_hidden-lg vc_hidden-md\u00a0\u00bb][vc_empty_space height=\u00a0\u00bb100px\u00a0\u00bb][vc_custom_heading text=\u00a0\u00bbCONTACTEZ-NOUS\u00a0\u00bb font_container=\u00a0\u00bbtag:h1|font_size:50|text_align:center|color:%23ffffff\u00a0\u00bb google_fonts=\u00a0\u00bbfont_family:Fjalla%20One%3Aregular|font_style:400%20regular%3A400%3Anormal\u00a0\u00bb css=\u00a0\u00bb.vc_custom_1658308751780{margin-bottom: 0px !important;border-bottom-width: 0px !important;padding-bottom: 0px !important;}\u00a0\u00bb][vc_separator color=\u00a0\u00bbwhite\u00a0\u00bb border_width=\u00a0\u00bb2&Prime; el_width=\u00a0\u00bb80&Prime; css_animation=\u00a0\u00bbfadeInLeft\u00a0\u00bb css=\u00a0\u00bb.vc_custom_1658308673617{padding-top: 0px !important;}\u00a0\u00bb][vc_column_text css=\u00a0\u00bb.vc_custom_1658308794441{margin-right: 15px !important;margin-left: 15px !important;}\u00a0\u00bb]\n<p style=\"text-align: center;\"><span style=\"font-size: 110%; color: #ffffff;\">Si vous \u00eates \u00e0 la recherche d\u2019un partenaire pour vos projets automobiles industriels, vous trouverez chez IMAR SANT HILARI plus de 25 ans d\u2019exp\u00e9rience ainsi qu\u2019une \u00e9quipe sp\u00e9cialis\u00e9e dans le c\u00e2blage \u00e9lectrique industriel.<\/span><\/p>\n[\/vc_column_text][vc_btn title=\u00a0\u00bb<b>\u00c8TES-VOUS PR\u00c8TS ?<\/b>\u00a0\u00bb style=\u00a0\u00bbgradient-custom\u00a0\u00bb gradient_custom_color_1=\u00a0\u00bb#74b4e2&Prime; gradient_custom_color_2=\u00a0\u00bb#ffffff\u00a0\u00bb gradient_text_color=\u00a0\u00bb#000000&Prime; size=\u00a0\u00bblg\u00a0\u00bb align=\u00a0\u00bbcenter\u00a0\u00bb css=\u00a0\u00bb.vc_custom_1659001576638{margin-left: 45px !important;}\u00a0\u00bb link=\u00a0\u00bburl:https%3A%2F%2Fimarsh.es%2Ffr%2Fa-propos-dimar-sant-hilari%2F|title:%C3%80%20PROPOS%20D%E2%80%99IMAR%20SH\u00a0\u00bb][vc_empty_space height=\u00a0\u00bb100px\u00a0\u00bb][\/vc_column][\/vc_row]\n","protected":false},"excerpt":{"rendered":"[vc_row full_width=\u00a0\u00bbstretch_row_content\u00a0\u00bb equal_height=\u00a0\u00bbyes\u00a0\u00bb content_placement=\u00a0\u00bbmiddle\u00a0\u00bb css=\u00a0\u00bb.vc_custom_1656923550200{background-image: url(http:\/\/imarsh.es\/wp-content\/uploads\/2022\/07\/IMAR-SH-AUTOMOCION-1.jpg?id=105) !important;background-position: center !important;background-repeat: no-repeat !important;background-size: cover !important;}\u00a0\u00bb][vc_column width=\u00a0\u00bb1\/4&Prime; css=\u00a0\u00bb.vc_custom_1658307454532{background-position: center !important;background-repeat: no-repeat !important;background-size: cover !important;}\u00a0\u00bb offset=\u00a0\u00bbvc_hidden-sm vc_hidden-xs\u00a0\u00bb][\/vc_column][vc_column width=\u00a0\u00bb1\/2&Prime; offset=\u00a0\u00bbvc_hidden-sm vc_hidden-xs\u00a0\u00bb][vc_empty_space height=\u00a0\u00bb150px\u00a0\u00bb][vc_custom_heading text=\u00a0\u00bbAUTOMOBILE\u00a0\u00bb font_container=\u00a0\u00bbtag:h1|font_size:50|text_align:center|color:%23ffffff\u00a0\u00bb google_fonts=\u00a0\u00bbfont_family:Fjalla%20One%3Aregular|font_style:400%20regular%3A400%3Anormal\u00a0\u00bb css=\u00a0\u00bb.vc_custom_1658307154830{margin-bottom: 0px !important;border-bottom-width: 0px !important;}\u00a0\u00bb][vc_separator color=\u00a0\u00bbwhite\u00a0\u00bb border_width=\u00a0\u00bb2&Prime; el_width=\u00a0\u00bb80&Prime; css_animation=\u00a0\u00bbfadeInLeft\u00a0\u00bb css=\u00a0\u00bb.vc_custom_1656923686209{padding-top: 0px !important;}\u00a0\u00bb][vc_column_text css=\u00a0\u00bb.vc_custom_1658307235654{margin-right: 45px !important;margin-left: 45px !important;}\u00a0\u00bb] C\u00e2blages de man\u0153uvre et puissance \u2022 Tableaux de [&#8230;]\n","protected":false},"author":2,"featured_media":27,"parent":0,"menu_order":0,"comment_status":"closed","ping_status":"open","template":"","meta":{"footnotes":""},"class_list":["post-104","page","type-page","status-publish","has-post-thumbnail","hentry"],"_links":{"self":[{"href":"https:\/\/imarsh.es\/fr\/wp-json\/wp\/v2\/pages\/104","targetHints":{"allow":["GET"]}}],"collection":[{"href":"https:\/\/imarsh.es\/fr\/wp-json\/wp\/v2\/pages"}],"about":[{"href":"https:\/\/imarsh.es\/fr\/wp-json\/wp\/v2\/types\/page"}],"author":[{"embeddable":true,"href":"https:\/\/imarsh.es\/fr\/wp-json\/wp\/v2\/users\/2"}],"replies":[{"embeddable":true,"href":"https:\/\/imarsh.es\/fr\/wp-json\/wp\/v2\/comments?post=104"}],"version-history":[{"count":4,"href":"https:\/\/imarsh.es\/fr\/wp-json\/wp\/v2\/pages\/104\/revisions"}],"predecessor-version":[{"id":620,"href":"https:\/\/imarsh.es\/fr\/wp-json\/wp\/v2\/pages\/104\/revisions\/620"}],"wp:featuredmedia":[{"embeddable":true,"href":"https:\/\/imarsh.es\/fr\/wp-json\/wp\/v2\/media\/27"}],"wp:attachment":[{"href":"https:\/\/imarsh.es\/fr\/wp-json\/wp\/v2\/media?parent=104"}],"curies":[{"name":"wp","href":"https:\/\/api.w.org\/{rel}","templated":true}]}}