{"id":367,"date":"2022-07-20T09:58:56","date_gmt":"2022-07-20T07:58:56","guid":{"rendered":"https:\/\/imarsh.es\/?page_id=367"},"modified":"2022-07-20T09:58:56","modified_gmt":"2022-07-20T07:58:56","slug":"politica-de-cookies","status":"publish","type":"page","link":"https:\/\/imarsh.es\/ca\/politica-de-cookies\/","title":{"rendered":"POL\u00cdTICA DE COOKIES"},"content":{"rendered":"[vc_row full_width=&#8221;stretch_row_content&#8221; equal_height=&#8221;yes&#8221; content_placement=&#8221;middle&#8221; css=&#8221;.vc_custom_1658303049263{background-color: #74b4e2 !important;background-position: center !important;background-repeat: no-repeat !important;background-size: cover !important;}&#8221;][vc_column width=&#8221;1\/4&#8243; css=&#8221;.vc_custom_1656923555546{background-position: center !important;background-repeat: no-repeat !important;background-size: cover !important;}&#8221;][\/vc_column][vc_column width=&#8221;1\/2&#8243;][vc_empty_space height=&#8221;50px&#8221;][vc_custom_heading text=&#8221;POL\u00cdTICA DE COOKIES&#8221; font_container=&#8221;tag:h1|font_size:50|text_align:center|color:%23ffffff&#8221; google_fonts=&#8221;font_family:Fjalla%20One%3Aregular|font_style:400%20regular%3A400%3Anormal&#8221; css=&#8221;.vc_custom_1658303727867{margin-bottom: 0px !important;border-bottom-width: 0px !important;}&#8221;][vc_separator color=&#8221;white&#8221; border_width=&#8221;2&#8243; el_width=&#8221;80&#8243; css_animation=&#8221;fadeInLeft&#8221; css=&#8221;.vc_custom_1656923686209{padding-top: 0px !important;}&#8221;][vc_empty_space height=&#8221;50px&#8221;][\/vc_column][vc_column width=&#8221;1\/4&#8243;][\/vc_column][\/vc_row][vc_row][vc_column][vc_column_text]D\u2019acord amb el que disposa l\u2019article 22.2 de la Llei 34\/2002, de 11 de juliol, de Serveis de la Societat de la Informaci\u00f3 i de Comer\u00e7 Electr\u00f2nic (LSSI-CE) vigent, IMAR SANT HILARI, S.L ha de complir amb l\u2019obligaci\u00f3 d\u2019informar sobre les cookies que utilitza i les seves finalitats.<\/p>\n<p>Aquest lloc web utilitza cookies i \/ o tecnologies similars que emmagatzemen i recuperen informaci\u00f3 quan navegues. Les cookies permeten a una p\u00e0gina web, entre altres coses, emmagatzemar i recuperar informaci\u00f3 sobre els h\u00e0bits de navegaci\u00f3 d\u2019un usuari o del seu equip i, depenent de la informaci\u00f3 que contingui i de la forma en qu\u00e8 utilitzi el seu equip, es poden utilitzar per recon\u00e8ixer a l\u2019Usuari.<\/p>\n<p>Les cookies s\u00f3n essencials per al funcionament d\u2019internet, aportant innombrables avantatges en la prestaci\u00f3 de serveis interactius, facilitant a l\u2019usuari la navegaci\u00f3 i utilitat de la nostra web.<\/p>\n<p>La informaci\u00f3 que li proporcionem a continuaci\u00f3, l\u2019ajudar\u00e0 a comprendre els diferents tipus de galetes:<\/p>\n<ul>\n<li><u>COOKIES PR\u00d2PIES<\/u>: S\u00f3n aquelles que s\u2019envien a l\u2019equip terminal de l\u2019usuari des d\u2019un equip o domini gestionat pel propi editor i des del que es presta el servei sol\u00b7licitat per l\u2019usuari.<\/li>\n<li><u>COOKIES DE TERCERS:<\/u> S\u00f3n aquelles que s\u2019envien a l\u2019equip terminal de l\u2019usuari des d\u2019un equip o domini que no \u00e9s gestionat per l\u2019editor, sin\u00f3 per una altra entitat que tracta les dades obtingudes a trav\u00e9s de les cookies.<\/li>\n<li><u>COOKIES DE SESSI\u00d3:<\/u> S\u00f3n aquelles dissenyades per recaptar i emmagatzemar informaci\u00f3 que nom\u00e9s interessa conservar per a la prestaci\u00f3 del servei sol\u00b7licitat per l\u2019usuari en una sola ocasi\u00f3 (per exemple, una llista de productes adquirits) i desapareixen en acabar la sessi\u00f3.<\/li>\n<li><u>COOKIES PERSISTENTS:<\/u> S\u00f3n aquelles en que les dades segueixen emmagatzemades en el terminal i poden ser accedides i tractades durant un per\u00edode definit per el responsable de la cookie, i que pot anar d\u2019uns minuts a varis anys.<\/li>\n<li><u>COOKIES T\u00c8CNIQUES:<\/u> S\u00f3n aquelles que permeten a l\u2019usuari la navegaci\u00f3 a trav\u00e9s d\u2019una p\u00e0gina web, plataforma o aplicaci\u00f3 i la utilitzaci\u00f3 de les diferents opcions o serveis que en ella existeixin.<\/li>\n<li><u>COOKIES DE PERSONALITZACI\u00d3:<\/u> Permeten aplicar caracter\u00edstiques pr\u00f2pies per la navegaci\u00f3 de l\u2019usuari pel lloc web (ex. idioma)<\/li>\n<li><u>COOKIES D\u2019AN\u00c0LISI:<\/u> S\u00f3n aquelles que permeten al responsable de les mateixes el seguiment i an\u00e0lisis del comportament dels usuaris dels llocs web als que estan vinculades, inclosa la quantificaci\u00f3 dels impactes dels anuncis. La informaci\u00f3 recollida mitjan\u00e7ant aquest tipus de cookies s\u2019utilitza en la mesura de l\u2019activitat dels lloc web, aplicaci\u00f3 o plataforma, amb el fi d\u2019introduir millores en funci\u00f3 de l\u2019an\u00e0lisi de les dades d\u2019us que fan els usuaris del servei.<\/li>\n<li><u>COOKIES PUBLICIT\u00c0RIES:<\/u> Permeten a l\u2019editor incloure en la p\u00e0gina web espais publicitaris, segons el contingut de la pr\u00f2pia web.<\/li>\n<li><u>COOKIES DE PUBLICITAT COMPORTAMENTAL:<\/u> Son aquelles que emmagatzemen informaci\u00f3 del comportament dels usuaris obtinguda a trav\u00e9s de l\u2019observaci\u00f3 continuada dels seus h\u00e0bits de navegaci\u00f3, cosa que permet desenvolupar un perfil espec\u00edfic per mostrar publicitat en funci\u00f3 del mateix.<\/li>\n<\/ul>\n<p>Addicionalment, IMAR SANT HILARI, S.L informa de manera m\u00e9s detallada de les cookies que utilitza, l\u2019\u00fas o finalitat concreta, els terminis de conservaci\u00f3 aix\u00ed com les Transfer\u00e8ncies internacionals de dades de cada una d\u2019elles utilitzades en el nostre lloc web:<\/p>\n<ul>\n<li>COOKIES PR\u00d2PIES<\/li>\n<\/ul>\n<p>Tingui en compte que, si accepta les cookies de tercers, haur\u00e0 d\u2019eliminar-les des de les opcions del navegador o des del sistema proporcionat pel propi tercer.<\/p>\n<p>A continuaci\u00f3 li proporcionem els enlla\u00e7os de diversos navegadors, a trav\u00e9s dels quals podr\u00e0 modificar la configuraci\u00f3 del seu navegador sobre l\u2019\u00fas de cookies:<\/p>\n<ul>\n<li>Firefox:\u00a0<a href=\"http:\/\/support.mozilla.org\/es\/kb\/habilitar-y-deshabilitar-cookies-que-los-sitios-we\">http:\/\/support.mozilla.org\/es\/kb\/habilitar-y-deshabilitar-cookies-que-los-sitios-we<\/a><\/li>\n<li>Chrome:\u00a0<a href=\"http:\/\/support.google.com\/chrome\/bin\/answer.py?hl=es&amp;answer=95647\">http:\/\/support.google.com\/chrome\/bin\/answer.py?hl=es&amp;answer=95647<\/a><\/li>\n<li>Explorer:\u00a0<a href=\"http:\/\/windows.microsoft.com\/es-es\/internet-explorer\/delete-manage-cookies#ie=ie-10\">http:\/\/windows.microsoft.com\/es-es\/internet-explorer\/delete-manage-cookies#ie=ie-10<\/a><\/li>\n<li>Safari:\u00a0<a href=\"http:\/\/support.apple.com\/kb\/ph17191?locale=es_ES\">https:\/\/support.apple.com\/kb\/ph17191?locale=es_ES<\/a><\/li>\n<li>Opera:\u00a0<a href=\"https:\/\/help.opera.com\/en\/latest\/web-preferences\/#cookies\">https:\/\/help.opera.com\/en\/latest\/web-preferences\/#cookies<\/a><\/li>\n<\/ul>\n<p>Per a con\u00e8ixer m\u00e9s informaci\u00f3 sobre el tractament de dades personals, li recomanem visitar el nostre apartat <a href=\"https:\/\/imarsh.es\/politica-de-privadesa-2\/\">\u2018Pol\u00edtica de Privadesa\u2019<\/a>.[\/vc_column_text][\/vc_column][\/vc_row]\n","protected":false},"excerpt":{"rendered":"[vc_row full_width=&#8221;stretch_row_content&#8221; equal_height=&#8221;yes&#8221; content_placement=&#8221;middle&#8221; css=&#8221;.vc_custom_1658303049263{background-color: #74b4e2 !important;background-position: center !important;background-repeat: no-repeat !important;background-size: cover !important;}&#8221;][vc_column width=&#8221;1\/4&#8243; css=&#8221;.vc_custom_1656923555546{background-position: center !important;background-repeat: no-repeat !important;background-size: cover !important;}&#8221;][\/vc_column][vc_column width=&#8221;1\/2&#8243;][vc_empty_space height=&#8221;50px&#8221;][vc_custom_heading text=&#8221;POL\u00cdTICA DE COOKIES&#8221; font_container=&#8221;tag:h1|font_size:50|text_align:center|color:%23ffffff&#8221; google_fonts=&#8221;font_family:Fjalla%20One%3Aregular|font_style:400%20regular%3A400%3Anormal&#8221; css=&#8221;.vc_custom_1658303727867{margin-bottom: 0px !important;border-bottom-width: 0px !important;}&#8221;][vc_separator color=&#8221;white&#8221; border_width=&#8221;2&#8243; el_width=&#8221;80&#8243; css_animation=&#8221;fadeInLeft&#8221; css=&#8221;.vc_custom_1656923686209{padding-top: 0px !important;}&#8221;][vc_empty_space height=&#8221;50px&#8221;][\/vc_column][vc_column width=&#8221;1\/4&#8243;][\/vc_column][\/vc_row][vc_row][vc_column][vc_column_text]D\u2019acord amb el que disposa l\u2019article 22.2 de la Llei 34\/2002, de 11 de [&#8230;]\n","protected":false},"author":2,"featured_media":8,"parent":0,"menu_order":0,"comment_status":"closed","ping_status":"open","template":"","meta":{"footnotes":""},"class_list":["post-367","page","type-page","status-publish","has-post-thumbnail","hentry"],"_links":{"self":[{"href":"https:\/\/imarsh.es\/ca\/wp-json\/wp\/v2\/pages\/367","targetHints":{"allow":["GET"]}}],"collection":[{"href":"https:\/\/imarsh.es\/ca\/wp-json\/wp\/v2\/pages"}],"about":[{"href":"https:\/\/imarsh.es\/ca\/wp-json\/wp\/v2\/types\/page"}],"author":[{"embeddable":true,"href":"https:\/\/imarsh.es\/ca\/wp-json\/wp\/v2\/users\/2"}],"replies":[{"embeddable":true,"href":"https:\/\/imarsh.es\/ca\/wp-json\/wp\/v2\/comments?post=367"}],"version-history":[{"count":2,"href":"https:\/\/imarsh.es\/ca\/wp-json\/wp\/v2\/pages\/367\/revisions"}],"predecessor-version":[{"id":374,"href":"https:\/\/imarsh.es\/ca\/wp-json\/wp\/v2\/pages\/367\/revisions\/374"}],"wp:featuredmedia":[{"embeddable":true,"href":"https:\/\/imarsh.es\/ca\/wp-json\/wp\/v2\/media\/8"}],"wp:attachment":[{"href":"https:\/\/imarsh.es\/ca\/wp-json\/wp\/v2\/media?parent=367"}],"curies":[{"name":"wp","href":"https:\/\/api.w.org\/{rel}","templated":true}]}}