{"id":364,"date":"2022-07-20T09:53:58","date_gmt":"2022-07-20T07:53:58","guid":{"rendered":"https:\/\/imarsh.es\/?page_id=364"},"modified":"2022-07-20T09:53:58","modified_gmt":"2022-07-20T07:53:58","slug":"avis-legal","status":"publish","type":"page","link":"https:\/\/imarsh.es\/ca\/avis-legal\/","title":{"rendered":"AV\u00cdS LEGAL"},"content":{"rendered":"[vc_row full_width=&#8221;stretch_row_content&#8221; equal_height=&#8221;yes&#8221; content_placement=&#8221;middle&#8221; css=&#8221;.vc_custom_1658303049263{background-color: #74b4e2 !important;background-position: center !important;background-repeat: no-repeat !important;background-size: cover !important;}&#8221;][vc_column width=&#8221;1\/4&#8243; css=&#8221;.vc_custom_1656923555546{background-position: center !important;background-repeat: no-repeat !important;background-size: cover !important;}&#8221;][\/vc_column][vc_column width=&#8221;1\/2&#8243;][vc_empty_space height=&#8221;50px&#8221;][vc_custom_heading text=&#8221;AV\u00cdS LEGAL&#8221; font_container=&#8221;tag:h1|font_size:50|text_align:center|color:%23ffffff&#8221; google_fonts=&#8221;font_family:Fjalla%20One%3Aregular|font_style:400%20regular%3A400%3Anormal&#8221; css=&#8221;.vc_custom_1658303563135{margin-bottom: 0px !important;border-bottom-width: 0px !important;}&#8221;][vc_separator color=&#8221;white&#8221; border_width=&#8221;2&#8243; el_width=&#8221;80&#8243; css_animation=&#8221;fadeInLeft&#8221; css=&#8221;.vc_custom_1656923686209{padding-top: 0px !important;}&#8221;][vc_empty_space height=&#8221;50px&#8221;][\/vc_column][vc_column width=&#8221;1\/4&#8243;][\/vc_column][\/vc_row][vc_row][vc_column][vc_column_text]<strong>INTRODUCCI\u00d3<\/strong><\/p>\n<p>En compliment de la llei 34\/2002 de 11 de Juliol, de serveis de la Societat de la Informaci\u00f3 i de Comer\u00e7 Electr\u00f2nic (LSSI-CE), IMAR SANT HILARI, S.L informa que \u00e9s titular del lloc web. D\u2019acord amb l\u2019\u00e8xig\u00e8ncia de l\u2019article 10 de la citada llei, IMAR SANT HILARI, S.L \u00a0informa de les seg\u00fcents dades:<\/p>\n<ul>\n<li>Ra\u00f3 social :\u00a0 IMAR SANT HILARI, S.L<\/li>\n<li>NIF:\u00a0 B17286915<\/li>\n<li>DIRECCI\u00d3 POSTAL:\u00a0 Pol\u00edgon industrial Pont Cremat, 1. 17401, Arb\u00facies (Girona)<\/li>\n<li>DIRECCI\u00d3 ELECTR\u00d2NICA:\u00a0\u00a0<strong>imar@imarsl.com<\/strong><\/li>\n<li>TEL\u00c8FON:\u00a0 972860437<\/li>\n<li>OBJECTE PRINCIPAL:\u00a0 Cablejat el\u00e8ctric<\/li>\n<\/ul>\n<p><strong>USUARI I R\u00c8GIM DE RESPONSABILITATS<\/strong><\/p>\n<p>La navegaci\u00f3, acc\u00e9s i \u00fas per el lloc web de IMAR SANT HILARI, S.L confereix en la condici\u00f3 d\u2019usuari, per la que s\u2019accepten, des de la navegaci\u00f3 per el lloc web, totes les condicions d\u2019\u00fas aqu\u00ed establertes sense perjudici de l\u2019aplicaci\u00f3 de la corresponent normativa d\u2019obligat compliment legal segons el cas.<\/p>\n<p>El lloc web de IMAR SANT HILARI, S.L proporciona gran diversitat d\u2019informaci\u00f3, serveis i dades. L\u2019usuari assumeix la seva responsabilitat en l\u2019\u00fas correcte del lloc web. Aquesta responsabilitat s\u2019estendr\u00e0 a:<\/p>\n<ul>\n<li>La veracitat i licitud de les informacions aportades per l\u2019usuari en els formularis estesos per IMAR SANT HILARI, S.L per l\u2019acc\u00e9s a certs continguts o serveis oferits per la web.<\/li>\n<li>L\u2019\u00fas de la informaci\u00f3, serveis i dades oferts per IMAR SANT HILARI, S.L contr\u00e0riament a lo dispost per les presents condicions, la llei, la moral, les bones costums o l\u2019ordre p\u00fablic, o que de qualssevol altre manera poden suposar lesi\u00f3 dels drets de tercers o del mateix funcionament del lloc web.<\/li>\n<\/ul>\n<p><strong>POL\u00cdTICA D\u2019ENLLA\u00c7OS I EXTENSIONS DE RESPONSABILITAT<\/strong><\/p>\n<p>IMAR SANT HILARI, S.L no es fa responsable del contingut dels lloc web als que l\u2019usuari pugui accedir a trav\u00e9s dels enlla\u00e7os establerts en el seu lloc web i declara que en cap cas procedir\u00e0 a examinar o exercitar cap tipus de control sobre el contingut d\u2019altres llocs de la xarxa. Aix\u00ed mateix, tampoc garantir\u00e0 la disponibilitat t\u00e8cnica, exactitud, veracitat, validesa o legalitat de llocs aliens a la seva propietat, als que es pugui accedir per mitj\u00e0 dels enlla\u00e7os.<\/p>\n<p>IMAR SANT HILARI, S.L declara haver adoptat totes les mesures necess\u00e0ries per evitar qualssevol dany als usuaris del lloc web, que podrien derivar-se de la navegaci\u00f3 pel seu lloc web. En conseq\u00fc\u00e8ncia, IMAR SANT HILARI, S.L no es fa responsable, en cap cas, dels eventuals danys que per la navegaci\u00f3 per internet pugui patir l\u2019usuari.<\/p>\n<p><strong>MODIFICACIONS<\/strong><\/p>\n<p>IMAR SANT HILARI, S.L es reserva el dret a realitzar les modificacions que consideri oportunes, sense av\u00eds previ, en el contingut del seu lloc web. Tant en lo referent als continguts del lloc web, com en les condicions d\u2019\u00fas del mateix, o en les condicions generals de contractaci\u00f3. Aquestes modificacions podran realitzar-se a trav\u00e9s del seu lloc web per qualssevol forma admissible en dret i seran d\u2019obligat compliment durant el temps que es trobin publicades en el web i fins que no siguin modificades v\u00e0lidament per unes altres de posteriors.<\/p>\n<p><strong>PROPIETAT INTEL\u00b7LECTUAL I INDUSTRIAL<\/strong><\/p>\n<p>IMAR SANT HILARI, S.L per si mateixa o com a cession\u00e0ria, \u00e9s titular de tots els drets de propietat intel\u00b7lectual i industrial de la seva p\u00e0gina web, aix\u00ed com dels elements continguts en la mateixa (a t\u00edtol enunciatiu, imatges, so, \u00e0udio, v\u00eddeo , programari o textos; marques o logotips, combinacions de colors, estructura i disseny, selecci\u00f3 de materials usats, programes d\u2019ordinador necessaris per al seu funcionament, acc\u00e9s i \u00fas, etc.), titularitat de IMAR SANT HILARI, S.L. Seran, per tant, obres protegides com a propietat intel\u00b7lectual per l\u2019ordenament jur\u00eddic espanyol, ser\u00e0 d\u2019aplicaci\u00f3 tant la normativa espanyola i comunit\u00e0ria en aquest camp, com els tractats internacionals relatius a la mat\u00e8ria i subscrits per Espanya.<\/p>\n<p>Tots els drets reservats. En virtut del que disposa la Llei de Propietat Intel\u00b7lectual, queden expressament prohibides la reproducci\u00f3, la distribuci\u00f3 i la comunicaci\u00f3 p\u00fablica, inclosa la seva modalitat de posada a disposici\u00f3, de la totalitat o part dels continguts d\u2019aquesta p\u00e0gina web, amb fins comercials, en qualsevol suport i per qualsevol mitj\u00e0 t\u00e8cnic, sense l\u2019autoritzaci\u00f3 de IMAR SANT HILARI, S.L.<\/p>\n<p>L\u2019usuari es compromet a respectar els drets de Propietat Intel\u00b7lectual i Industrial titularitat de IMAR SANT HILARI, S.L. Podr\u00e0 visualitzar els elements de el portal i fins i tot imprimir-los, copiar-los i emmagatzemar-los al disc dur del seu ordinador o en qualsevol altre suport f\u00edsic sempre que sigui, \u00fanica i exclusivament, per al seu \u00fas personal i privat. L\u2019usuari haur\u00e0 d\u2019abstenir-se de suprimir, alterar, eludir o manipular qualsevol dispositiu de protecci\u00f3 o sistema de seguretat que estigu\u00e9s instal\u00b7lat a les p\u00e0gines de IMAR SANT HILARI, S.L.<\/p>\n<p><strong>ACCIONS LEGALS, LEGISLACI\u00d3 APLICABLE I JURISDICCI\u00d3<\/strong><\/p>\n<p>IMAR SANT HILARI, S.L es reserva, aix\u00ed mateix, la facultat de presentar les accions civils o penals que consideri oportunes per a la utilitzaci\u00f3 indeguda del seu lloc web i continguts, o per l\u2019incompliment de les presents condicions. La relaci\u00f3 entre l\u2019usuari i el prestador es regir\u00e0 per la normativa vigent i d\u2019aplicaci\u00f3 en el territori espanyol. De sorgir qualsevol controv\u00e8rsia les parts podran sotmetre els seus conflictes a arbitratge o acudir a la jurisdicci\u00f3 ordin\u00e0ria complint amb les normes sobre jurisdicci\u00f3 i compet\u00e8ncia al respecte. IMAR SANT HILARI, S.L t\u00e9 el seu domicili a GIRONA, Espanya. Els contractes celebrats per via electr\u00f2nica en qu\u00e8 intervingui com a part un consumidor es presumiran celebrats en el lloc en qu\u00e8 aquest tingui la resid\u00e8ncia habitual. Els contractes electr\u00f2nics entre empresaris o professionals, en defecte de pacte entre les parts, es presumiran celebrats en el lloc en qu\u00e8 estigui establert el prestador de serveis.[\/vc_column_text][\/vc_column][\/vc_row]\n","protected":false},"excerpt":{"rendered":"[vc_row full_width=&#8221;stretch_row_content&#8221; equal_height=&#8221;yes&#8221; content_placement=&#8221;middle&#8221; css=&#8221;.vc_custom_1658303049263{background-color: #74b4e2 !important;background-position: center !important;background-repeat: no-repeat !important;background-size: cover !important;}&#8221;][vc_column width=&#8221;1\/4&#8243; css=&#8221;.vc_custom_1656923555546{background-position: center !important;background-repeat: no-repeat !important;background-size: cover !important;}&#8221;][\/vc_column][vc_column width=&#8221;1\/2&#8243;][vc_empty_space height=&#8221;50px&#8221;][vc_custom_heading text=&#8221;AV\u00cdS LEGAL&#8221; font_container=&#8221;tag:h1|font_size:50|text_align:center|color:%23ffffff&#8221; google_fonts=&#8221;font_family:Fjalla%20One%3Aregular|font_style:400%20regular%3A400%3Anormal&#8221; css=&#8221;.vc_custom_1658303563135{margin-bottom: 0px !important;border-bottom-width: 0px !important;}&#8221;][vc_separator color=&#8221;white&#8221; border_width=&#8221;2&#8243; el_width=&#8221;80&#8243; css_animation=&#8221;fadeInLeft&#8221; css=&#8221;.vc_custom_1656923686209{padding-top: 0px !important;}&#8221;][vc_empty_space height=&#8221;50px&#8221;][\/vc_column][vc_column width=&#8221;1\/4&#8243;][\/vc_column][\/vc_row][vc_row][vc_column][vc_column_text]INTRODUCCI\u00d3 En compliment de la llei 34\/2002 de 11 de Juliol, de serveis de la [&#8230;]\n","protected":false},"author":2,"featured_media":8,"parent":0,"menu_order":0,"comment_status":"closed","ping_status":"open","template":"","meta":{"footnotes":""},"class_list":["post-364","page","type-page","status-publish","has-post-thumbnail","hentry"],"_links":{"self":[{"href":"https:\/\/imarsh.es\/ca\/wp-json\/wp\/v2\/pages\/364","targetHints":{"allow":["GET"]}}],"collection":[{"href":"https:\/\/imarsh.es\/ca\/wp-json\/wp\/v2\/pages"}],"about":[{"href":"https:\/\/imarsh.es\/ca\/wp-json\/wp\/v2\/types\/page"}],"author":[{"embeddable":true,"href":"https:\/\/imarsh.es\/ca\/wp-json\/wp\/v2\/users\/2"}],"replies":[{"embeddable":true,"href":"https:\/\/imarsh.es\/ca\/wp-json\/wp\/v2\/comments?post=364"}],"version-history":[{"count":1,"href":"https:\/\/imarsh.es\/ca\/wp-json\/wp\/v2\/pages\/364\/revisions"}],"predecessor-version":[{"id":372,"href":"https:\/\/imarsh.es\/ca\/wp-json\/wp\/v2\/pages\/364\/revisions\/372"}],"wp:featuredmedia":[{"embeddable":true,"href":"https:\/\/imarsh.es\/ca\/wp-json\/wp\/v2\/media\/8"}],"wp:attachment":[{"href":"https:\/\/imarsh.es\/ca\/wp-json\/wp\/v2\/media?parent=364"}],"curies":[{"name":"wp","href":"https:\/\/api.w.org\/{rel}","templated":true}]}}