{"id":352,"date":"2022-07-20T09:46:28","date_gmt":"2022-07-20T07:46:28","guid":{"rendered":"https:\/\/imarsh.es\/?page_id=352"},"modified":"2022-07-20T09:50:30","modified_gmt":"2022-07-20T07:50:30","slug":"politica-de-privadesa-2","status":"publish","type":"page","link":"https:\/\/imarsh.es\/ca\/politica-de-privadesa-2\/","title":{"rendered":"POL\u00cdTICA DE PRIVADESA"},"content":{"rendered":"[vc_row full_width=&#8221;stretch_row_content&#8221; equal_height=&#8221;yes&#8221; content_placement=&#8221;middle&#8221; css=&#8221;.vc_custom_1658303049263{background-color: #74b4e2 !important;background-position: center !important;background-repeat: no-repeat !important;background-size: cover !important;}&#8221;][vc_column width=&#8221;1\/4&#8243; css=&#8221;.vc_custom_1656923555546{background-position: center !important;background-repeat: no-repeat !important;background-size: cover !important;}&#8221;][\/vc_column][vc_column width=&#8221;1\/2&#8243;][vc_empty_space height=&#8221;50px&#8221;][vc_custom_heading text=&#8221;POL\u00cdTICA DE PRIVADESA&#8221; font_container=&#8221;tag:h1|font_size:50|text_align:center|color:%23ffffff&#8221; google_fonts=&#8221;font_family:Fjalla%20One%3Aregular|font_style:400%20regular%3A400%3Anormal&#8221; css=&#8221;.vc_custom_1658303426986{margin-bottom: 0px !important;border-bottom-width: 0px !important;}&#8221;][vc_separator color=&#8221;white&#8221; border_width=&#8221;2&#8243; el_width=&#8221;80&#8243; css_animation=&#8221;fadeInLeft&#8221; css=&#8221;.vc_custom_1656923686209{padding-top: 0px !important;}&#8221;][vc_empty_space height=&#8221;50px&#8221;][\/vc_column][vc_column width=&#8221;1\/4&#8243;][\/vc_column][\/vc_row][vc_row][vc_column][vc_column_text]<strong>DADES DEL PROPIETARI DE LA WEB<\/strong><\/p>\n<ul>\n<li>IMAR SANT HILARI, S.L<\/li>\n<li>NIF: B17286915<\/li>\n<li>DIRECCI\u00d3 POSTAL:\u00a0 Pol\u00edgon industrial Pont Cremat, 1. 17401, Arb\u00facies (Girona)<\/li>\n<li>DIRECCI\u00d3 ELECTR\u00d2NICA:\u00a0\u00a0<a href=\"mailto:imar@imarsl.com\">imar@imarsl.com<\/a><\/li>\n<li>TEL\u00c8FON:\u00a0 972860437<\/li>\n<li>OBJECTE PRINCIPAL:\u00a0 Cablejat el\u00e8ctric<\/li>\n<\/ul>\n<p>&nbsp;<\/p>\n<p><strong>PROTECCI\u00d3 DE DADES<\/strong><\/p>\n<p>De conformitat amb la normativa vigent i aplicable en protecci\u00f3 de dades de car\u00e0cter personal, l\u2019informem que les seves dades seran incorporades a sistema de tractament titularitat de IMAR SANT HILARI, S.L amb NIF B17286915 i domicili social situat a Pol. Industrial Pont Cremat, 1 17401, Arb\u00facies (Girona), i que a continuaci\u00f3 es relacionen les seves respectives finalitats, terminis de conservaci\u00f3 i bases legitimadores. Per a aquells tractaments que ho requereixin, s\u2019informa tamb\u00e9 de la possible elaboraci\u00f3 de perfils i decisions automatitzades, aix\u00ed com les possibles cessions i les transfer\u00e8ncies internacionals que IMAR SANT HILARI, S.L \u00a0t\u00e9 previst realitzar:<\/p>\n<ul>\n<li>GESTI\u00d3 DE\u00a0 LA P\u00c0GINA WEB\n<ul>\n<li><strong>Finalitat: <\/strong>Tractament i gesti\u00f3 de les dades necess\u00e0ries per a la funcionalitat de la p\u00e0gina web.<\/li>\n<li><strong>Termini de conservaci\u00f3: <\/strong>Mentre perduri el consentiment prestat.<\/li>\n<li><strong>Base leg\u00edtima: <\/strong>Consentiment de l\u2019interessat.<\/li>\n<li><strong>Tipologia de dades: <\/strong>Dades merament identificatives.<\/li>\n<\/ul>\n<\/li>\n<li>FORMULARI WEB:\n<ul>\n<li><strong>Finalitat: <\/strong>Atendre les seves consultes i\/o sol\u00b7licituds.<\/li>\n<li><strong>Termini de conservaci\u00f3: <\/strong>mentre es mantingui el consentiment prestat.<\/li>\n<li><strong>Base leg\u00edtima: <\/strong>Consentiment de l\u2019interessat.<\/li>\n<li><strong>Tipologia de dades: <\/strong>Dades merament identificatives.<\/li>\n<\/ul>\n<\/li>\n<li>GESTI\u00d3 DEL COMPLIMENT NORMATIU\n<ul>\n<li><strong>Finalitat: <\/strong>Gesti\u00f3 i tramitaci\u00f3 de les obligacions i deures que es derivin del compliment de la normativa a la qual est\u00e0 subjecte l\u2019entitat.<\/li>\n<li><strong>Termini de conservaci\u00f3: <\/strong>Conservaci\u00f3 de les copies dels documents fins que prescriguin les accions per reclamar una possible responsabilitat.<\/li>\n<li><strong>Base leg\u00edtima: <\/strong>El compliment d\u2019una llei.<\/li>\n<li><strong>Tipologia de dades: <\/strong>Dades merament identificatives.<\/li>\n<li><strong>Cessions: <\/strong>Les seves dades seran comunicades en cas de ser necessari a Organismes i\/o administraci\u00f3 p\u00fablica amb compet\u00e8ncia en la mat\u00e8ria amb la finalitat de complir amb les obligacions establertes en la normativa aplicable. A m\u00e9s, s\u2019informa que la base legitimadora de la cessi\u00f3 \u00e9s complir amb les obligacions establertes en la normativa aplicable.<\/li>\n<\/ul>\n<\/li>\n<li>ACCIONS COMERCIALS\n<ul>\n<li><strong>Finalitat: <\/strong>Captaci\u00f3, registre i tractament de dades amb finalitats de publicitat i prospecci\u00f3 comercial dels nostres productes i\/o serveis.<\/li>\n<li><strong>Termini de conservaci\u00f3: <\/strong>Mentre es mantingui el consentiment prestat.<\/li>\n<li><strong>Base leg\u00edtima: <\/strong>El consentiment de l\u2019interessat.<\/li>\n<li><strong>Tipologia de dades: <\/strong>Dades merament identificatives.<\/li>\n<\/ul>\n<\/li>\n<\/ul>\n<p>&nbsp;<\/p>\n<p><strong>DRETS DELS INTERESSATS<\/strong><\/p>\n<p>IMAR SANT HILARI, S.L informa als Usuaris que, podr\u00e0 exercir els drets d\u2019acc\u00e9s, rectificaci\u00f3, limitaci\u00f3, supressi\u00f3, portabilitat i oposici\u00f3 al tractament de les seves dades de car\u00e0cter personal davant el Responsable de Tractament, aix\u00ed com a la retirada del consentiment prestat.<\/p>\n<ul>\n<li><strong>Dret d\u2019acc\u00e9s: <\/strong>\u00c9s el dret de l\u2019usuari a obtenir informaci\u00f3 sobre les seves dades concretes de car\u00e0cter personal i de tractament que s\u2019hagi realitzat o realitzi, aix\u00ed com de la informaci\u00f3 disponible sobre l\u2019or\u00edgen d\u2019aquestes dades i les comunicacions realitzades o previstes dels mateixos.<\/li>\n<li><strong>Dret de Rectificaci\u00f3: <\/strong>\u00c9s el dret de l\u2019afectat a que es modifiquin les dades que resulten ser inexactes o incompletes. Nom\u00e9s podr\u00e0 satisfer-se en relaci\u00f3 a aquella informaci\u00f3 que es trobi sota el control de IMAR SANT HILARI, S.L, per exemple, eliminar comentaris publicats en la pr\u00f2pia p\u00e0gina, imatges o continguts web on constin dades de car\u00e0cter personal de l\u2019usuari.<\/li>\n<li><strong>Dret a la Limitaci\u00f3 de tractament: <\/strong>\u00c9s el dret que es limitin els caps de el tractament previstos de forma original pel responsable del tractament.<\/li>\n<li><strong>Dret de supressi\u00f3: <\/strong>\u00c9s el dret a suprimir les dades de car\u00e0cter personal de l\u2019usuari, a excepci\u00f3 del que preveu el propi RGPD o en altres normatives aplicables que determinin l\u2019obligatorietat de la conservaci\u00f3 dels mateixos, en temps i forma.<\/li>\n<li><strong>Dret de portabilitat: <\/strong>El dret a rebre les dades personals que l\u2019usuari, hagi facilitat, en un format estructurat, d\u2019\u00fas com\u00fa i lectura mec\u00e0nica, i a transmetre\u2019ls a un altre responsable.<\/li>\n<li><strong>Dret d\u2019Oposici\u00f3: <\/strong>\u00c9s el dret de l\u2019usuari a que no es dugui a terme el tractament de les seves dades de car\u00e0cter personal o es cessi el tractament dels mateixos per part de IMAR SANT HILARI, S.L.<\/li>\n<\/ul>\n<p>&nbsp;<\/p>\n<p>Per poder exercir qualsevol dels drets descrits anteriorment ha de complir els seg\u00fcents requisits:<\/p>\n<ul>\n<li>Presentaci\u00f3 d\u2019un escrit a l\u2019adre\u00e7a Pol. Industrial Pont Cremat, 1 17401, Arb\u00facies (Girona) (a l\u2019atenci\u00f3 de IMAR SANT HILARI, SL) o b\u00e9 a trav\u00e9s del correu electr\u00f2nic<a href=\"mailto:imar@imarsl.com\"><strong>imar@imarsl.com<\/strong><\/a>.<\/li>\n<li>L\u2019escrit rem\u00e8s pel titular de les dades que sol\u00b7liciti l\u2019exercici haur\u00e0 de complir els seg\u00fcents requisits legals:\n<ul>\n<li>Nom, cognoms de l\u2019interessat i c\u00f2pia de l\u2019DNI \/ NIE o qualsevol document identificatiu. En els excepcionals casos en qu\u00e8 s\u2019admeti la representaci\u00f3, ser\u00e0 tamb\u00e9 necess\u00e0ria la identificaci\u00f3 pel mateix mitj\u00e0 de la persona que el representa, aix\u00ed com el document acreditatiu de la representaci\u00f3. La fotoc\u00f2pia de l\u2019DNI podr\u00e0 ser substitu\u00efda sempre que s\u2019acrediti la identitat per qualsevol altre mitj\u00e0 v\u00e0lid en dret.<\/li>\n<li>Petici\u00f3 en qu\u00e8 es concreta la sol\u00b7licitud. (Exercici en el qual se sol\u00b7licita la informaci\u00f3 a la qual es vol accedir). Si no fa refer\u00e8ncia a un fitxer concret se li facilitar\u00e0 tota la informaci\u00f3 que es tingui amb les seves dades de car\u00e0cter personal. Si sol\u00b7licita informaci\u00f3 d\u2019un fitxer en concret, nom\u00e9s la informaci\u00f3 d\u2019aquest fitxer. Si sol\u00b7licita informaci\u00f3 relativa a un tercer mai es podr\u00e0 facilitar. Si ho sol\u00b7licita per tel\u00e8fon se li indicar\u00e0 que ho faci per escrit i se li informar\u00e0 de com ho pot fer i la direcci\u00f3 a la que ha de enviar-lo. Mai se li donar\u00e0 informaci\u00f3 per tel\u00e8fon.<\/li>\n<li>Domicili a efectes de notificacions.<\/li>\n<li>Data i signatura de la persona sol\u00b7licitant.<\/li>\n<li>Documents acreditatius de la petici\u00f3 que formula.<\/li>\n<li>L\u2019interessat ha d\u2019utilitzar qualsevol mitj\u00e0 que permeti acreditar l\u2019enviament i la recepci\u00f3 de la sol\u00b7licitud.<\/li>\n<\/ul>\n<\/li>\n<\/ul>\n<p>&nbsp;<\/p>\n<p>Finalment, l\u2019informem que vost\u00e8 t\u00e9 dret a presentar una reclamaci\u00f3 davant l\u2019Ag\u00e8ncia Espanyola de Protecci\u00f3 de Dades en el cas que tingui coneixement o consideri que un fet pugui suposar un incompliment de la normativa aplicable en mat\u00e8ria de protecci\u00f3 de dades.<\/p>\n<p>IMAR SANT HILARI, S.L es compromet a adoptar les mesures t\u00e8cniques i organitzatives necess\u00e0ries, d\u2019acord amb el nivell de riscos que acompanyen els tractaments realitzats per aquestes i indicats en l\u2019apartat dels termes i condicions d\u2019\u00fas, de manera que garanteixin la seva integritat, confidencialitat i disponibilitat.[\/vc_column_text][\/vc_column][\/vc_row]\n","protected":false},"excerpt":{"rendered":"[vc_row full_width=&#8221;stretch_row_content&#8221; equal_height=&#8221;yes&#8221; content_placement=&#8221;middle&#8221; css=&#8221;.vc_custom_1658303049263{background-color: #74b4e2 !important;background-position: center !important;background-repeat: no-repeat !important;background-size: cover !important;}&#8221;][vc_column width=&#8221;1\/4&#8243; css=&#8221;.vc_custom_1656923555546{background-position: center !important;background-repeat: no-repeat !important;background-size: cover !important;}&#8221;][\/vc_column][vc_column width=&#8221;1\/2&#8243;][vc_empty_space height=&#8221;50px&#8221;][vc_custom_heading text=&#8221;POL\u00cdTICA DE PRIVADESA&#8221; font_container=&#8221;tag:h1|font_size:50|text_align:center|color:%23ffffff&#8221; google_fonts=&#8221;font_family:Fjalla%20One%3Aregular|font_style:400%20regular%3A400%3Anormal&#8221; css=&#8221;.vc_custom_1658303426986{margin-bottom: 0px !important;border-bottom-width: 0px !important;}&#8221;][vc_separator color=&#8221;white&#8221; border_width=&#8221;2&#8243; el_width=&#8221;80&#8243; css_animation=&#8221;fadeInLeft&#8221; css=&#8221;.vc_custom_1656923686209{padding-top: 0px !important;}&#8221;][vc_empty_space height=&#8221;50px&#8221;][\/vc_column][vc_column width=&#8221;1\/4&#8243;][\/vc_column][\/vc_row][vc_row][vc_column][vc_column_text]DADES DEL PROPIETARI DE LA WEB IMAR SANT HILARI, S.L NIF: B17286915 DIRECCI\u00d3 POSTAL:\u00a0 [&#8230;]\n","protected":false},"author":2,"featured_media":8,"parent":0,"menu_order":0,"comment_status":"closed","ping_status":"open","template":"","meta":{"footnotes":""},"class_list":["post-352","page","type-page","status-publish","has-post-thumbnail","hentry"],"_links":{"self":[{"href":"https:\/\/imarsh.es\/ca\/wp-json\/wp\/v2\/pages\/352","targetHints":{"allow":["GET"]}}],"collection":[{"href":"https:\/\/imarsh.es\/ca\/wp-json\/wp\/v2\/pages"}],"about":[{"href":"https:\/\/imarsh.es\/ca\/wp-json\/wp\/v2\/types\/page"}],"author":[{"embeddable":true,"href":"https:\/\/imarsh.es\/ca\/wp-json\/wp\/v2\/users\/2"}],"replies":[{"embeddable":true,"href":"https:\/\/imarsh.es\/ca\/wp-json\/wp\/v2\/comments?post=352"}],"version-history":[{"count":8,"href":"https:\/\/imarsh.es\/ca\/wp-json\/wp\/v2\/pages\/352\/revisions"}],"predecessor-version":[{"id":363,"href":"https:\/\/imarsh.es\/ca\/wp-json\/wp\/v2\/pages\/352\/revisions\/363"}],"wp:featuredmedia":[{"embeddable":true,"href":"https:\/\/imarsh.es\/ca\/wp-json\/wp\/v2\/media\/8"}],"wp:attachment":[{"href":"https:\/\/imarsh.es\/ca\/wp-json\/wp\/v2\/media?parent=352"}],"curies":[{"name":"wp","href":"https:\/\/api.w.org\/{rel}","templated":true}]}}