{"id":2,"date":"2022-06-15T11:29:01","date_gmt":"2022-06-15T09:29:01","guid":{"rendered":"https:\/\/imarsh.es\/?page_id=2"},"modified":"2022-07-28T11:42:04","modified_gmt":"2022-07-28T09:42:04","slug":"pagina-exemple","status":"publish","type":"page","link":"https:\/\/imarsh.es\/ca\/","title":{"rendered":"INICI"},"content":{"rendered":"[vc_row full_width=&#8221;stretch_row_content&#8221; equal_height=&#8221;yes&#8221; content_placement=&#8221;middle&#8221; css=&#8221;.vc_custom_1655464488954{background-position: center !important;background-repeat: no-repeat !important;background-size: cover !important;}&#8221;][vc_column width=&#8221;3\/5&#8243; css=&#8221;.vc_custom_1658304495968{background-image: url(http:\/\/imarsh.es\/wp-content\/uploads\/2022\/06\/IMAR-SH-HOME-2.jpg?id=68) !important;background-position: center !important;background-repeat: no-repeat !important;background-size: cover !important;}&#8221; offset=&#8221;vc_hidden-sm vc_hidden-xs&#8221;][vc_empty_space height=&#8221;500px&#8221;][\/vc_column][vc_column width=&#8221;2\/5&#8243; css=&#8221;.vc_custom_1658304502948{background-color: #74b4e2 !important;}&#8221; offset=&#8221;vc_hidden-sm vc_hidden-xs&#8221;][vc_custom_heading text=&#8221;INSTAL\u00b7LACIONS EL\u00c8CTRIQUES PER A L\u2019AUTOMOCI\u00d3 COMERCIAL&#8221; font_container=&#8221;tag:h1|font_size:50|text_align:left|color:%23ffffff&#8221; google_fonts=&#8221;font_family:Fjalla%20One%3Aregular|font_style:400%20regular%3A400%3Anormal&#8221; css=&#8221;.vc_custom_1658306822261{margin-right: 50px !important;margin-bottom: 0px !important;margin-left: 45px !important;border-bottom-width: 0px !important;padding-bottom: 0px !important;}&#8221;][vc_separator color=&#8221;custom&#8221; align=&#8221;align_left&#8221; border_width=&#8221;2&#8243; el_width=&#8221;50&#8243; css_animation=&#8221;fadeInLeft&#8221; accent_color=&#8221;#ffffff&#8221; css=&#8221;.vc_custom_1656921991072{margin-right: 45px !important;margin-left: 45px !important;padding-top: 0px !important;}&#8221;][vc_column_text css=&#8221;.vc_custom_1658306002789{margin-right: 45px !important;margin-left: 45px !important;}&#8221;]\n<h1 style=\"text-align: left;\">Dissenyem i fabriquem els cablats el\u00e8ctrics i sistemes de control que necessita el teu projecte d\u2019automoci\u00f3 industrial.<\/h1>\n[\/vc_column_text][\/vc_column][\/vc_row][vc_row full_width=&#8221;stretch_row_content&#8221; equal_height=&#8221;yes&#8221; content_placement=&#8221;middle&#8221; css=&#8221;.vc_custom_1655464488954{background-position: center !important;background-repeat: no-repeat !important;background-size: cover !important;}&#8221;][vc_column width=&#8221;1\/2&#8243; css=&#8221;.vc_custom_1658304445035{background-image: url(http:\/\/imarsh.es\/wp-content\/uploads\/2022\/06\/IMAR-SH-HOME-2.jpg?id=68) !important;background-position: center !important;background-repeat: no-repeat !important;background-size: cover !important;}&#8221; offset=&#8221;vc_hidden-lg vc_hidden-md&#8221;][vc_empty_space height=&#8221;50px&#8221;][vc_custom_heading text=&#8221;INSTAL\u00b7LACIONS ELE\u00c8CTRIQUES PER A L\u2019AUTOMOCI\u00d3 COMERCIAL&#8221; font_container=&#8221;tag:h1|font_size:50|text_align:center|color:%23ffffff&#8221; google_fonts=&#8221;font_family:Fjalla%20One%3Aregular|font_style:400%20regular%3A400%3Anormal&#8221; css=&#8221;.vc_custom_1658305981479{margin-bottom: 0px !important;border-bottom-width: 0px !important;padding-bottom: 0px !important;}&#8221;][vc_separator color=&#8221;custom&#8221; border_width=&#8221;2&#8243; el_width=&#8221;60&#8243; css_animation=&#8221;fadeInLeft&#8221; accent_color=&#8221;#ffffff&#8221; css=&#8221;.vc_custom_1658305116520{padding-top: 0px !important;}&#8221;][vc_empty_space height=&#8221;50px&#8221;][\/vc_column][vc_column width=&#8221;1\/2&#8243; css=&#8221;.vc_custom_1658305004278{background-color: #74b4e2 !important;}&#8221; offset=&#8221;vc_hidden-lg vc_hidden-md&#8221;][vc_column_text css=&#8221;.vc_custom_1658307019519{margin-left: 15px !important;background-color: #74b4e2 !important;}&#8221;]\n<h1 style=\"text-align: left;\">Dissenyem i fabriquem els cablats el\u00e8ctrics i sistemes de control que necessita el teu projecte d\u2019automoci\u00f3 industrial.<\/h1>\n[\/vc_column_text][\/vc_column][\/vc_row][vc_row full_width=&#8221;stretch_row_content&#8221; equal_height=&#8221;yes&#8221; content_placement=&#8221;middle&#8221; css=&#8221;.vc_custom_1655464488954{background-position: center !important;background-repeat: no-repeat !important;background-size: cover !important;}&#8221;][vc_column width=&#8221;1\/3&#8243; css=&#8221;.vc_custom_1655464888523{background-color: #737272 !important;background-position: center !important;background-repeat: no-repeat !important;background-size: cover !important;}&#8221;][vc_empty_space height=&#8221;45px&#8221;][vc_custom_heading text=&#8221;AUTOMOCI\u00d3&#8221; font_container=&#8221;tag:h1|font_size:40|text_align:center|color:%23000000&#8243; google_fonts=&#8221;font_family:Fjalla%20One%3Aregular|font_style:400%20regular%3A400%3Anormal&#8221;][vc_empty_space height=&#8221;45px&#8221;][\/vc_column][vc_column width=&#8221;1\/3&#8243; css=&#8221;.vc_custom_1655464893850{background-color: #fa7226 !important;}&#8221;][vc_empty_space height=&#8221;45px&#8221;][vc_custom_heading text=&#8221;INDUSTRIAL&#8221; font_container=&#8221;tag:h1|font_size:40|text_align:center|color:%23000000&#8243; google_fonts=&#8221;font_family:Fjalla%20One%3Aregular|font_style:400%20regular%3A400%3Anormal&#8221;][vc_empty_space height=&#8221;45px&#8221;][\/vc_column][vc_column width=&#8221;1\/3&#8243; css=&#8221;.vc_custom_1655464900205{background-color: #e7e8e8 !important;}&#8221;][vc_empty_space height=&#8221;45px&#8221;][vc_custom_heading text=&#8221;N\u00c0UTICA&#8221; font_container=&#8221;tag:h1|font_size:40|text_align:center|color:%23000000&#8243; google_fonts=&#8221;font_family:Fjalla%20One%3Aregular|font_style:400%20regular%3A400%3Anormal&#8221;][vc_empty_space height=&#8221;45px&#8221;][\/vc_column][\/vc_row][vc_row full_width=&#8221;stretch_row_content&#8221; equal_height=&#8221;yes&#8221; content_placement=&#8221;middle&#8221; css=&#8221;.vc_custom_1655464488954{background-position: center !important;background-repeat: no-repeat !important;background-size: cover !important;}&#8221;][vc_column width=&#8221;1\/2&#8243; css=&#8221;.vc_custom_1655464760214{background-color: #74b4e0 !important;background-position: center !important;background-repeat: no-repeat !important;background-size: cover !important;}&#8221;][vc_empty_space height=&#8221;45px&#8221;][vc_custom_heading text=&#8221;FERROCARRIL&#8221; font_container=&#8221;tag:h1|font_size:40|text_align:center|color:%23000000&#8243; google_fonts=&#8221;font_family:Fjalla%20One%3Aregular|font_style:400%20regular%3A400%3Anormal&#8221;][vc_empty_space height=&#8221;45px&#8221;][\/vc_column][vc_column width=&#8221;1\/2&#8243; css=&#8221;.vc_custom_1655464775839{background-color: #737272 !important;}&#8221;][vc_empty_space height=&#8221;45px&#8221;][vc_custom_heading text=&#8221;VEHICLES ESPECIALS&#8221; font_container=&#8221;tag:h1|font_size:40|text_align:center|color:%23000000&#8243; google_fonts=&#8221;font_family:Fjalla%20One%3Aregular|font_style:400%20regular%3A400%3Anormal&#8221;][vc_empty_space height=&#8221;45px&#8221;][\/vc_column][\/vc_row][vc_section full_width=&#8221;stretch_row&#8221; css=&#8221;.vc_custom_1656919366695{margin-bottom: 0px !important;}&#8221;][vc_row full_width=&#8221;stretch_row_content&#8221; equal_height=&#8221;yes&#8221; content_placement=&#8221;middle&#8221; css=&#8221;.vc_custom_1656918512497{background-position: center !important;background-repeat: no-repeat !important;background-size: cover !important;}&#8221;][vc_column width=&#8221;3\/5&#8243; css=&#8221;.vc_custom_1658305241281{margin-right: 45px !important;margin-left: 45px !important;background-position: center !important;background-repeat: no-repeat !important;background-size: cover !important;}&#8221; offset=&#8221;vc_hidden-sm vc_hidden-xs&#8221;][vc_empty_space][vc_column_text css=&#8221;.vc_custom_1658306191791{margin-bottom: 0px !important;border-bottom-width: 0px !important;padding-bottom: 0px !important;}&#8221;]\n<h1 style=\"text-align: left;\">Com ho fem<\/h1>\n[\/vc_column_text][vc_separator color=&#8221;custom&#8221; align=&#8221;align_left&#8221; border_width=&#8221;2&#8243; el_width=&#8221;50&#8243; css_animation=&#8221;fadeInLeft&#8221; accent_color=&#8221;#74b4e2&#8243; css=&#8221;.vc_custom_1656919059400{padding-top: 0px !important;}&#8221;][vc_column_text]A IMAR SANT HILARI dissenyem i fabriquem les instal\u00b7lacions el\u00e8ctriques per al client. Tamb\u00e9 fabriquem les instal\u00b7lacions basades en els pl\u00e0nols dissenyats pel client mateix, interpretant-los i adaptant-los al funcionament de la nostra cadena de producci\u00f3.<\/p>\n<p>Per a l\u2019optimitzaci\u00f3 del temps i dels recursos en la fabricaci\u00f3 de la instal\u00b7laci\u00f3, IMAR SANT HILARI ha desenvolupat una tecnologia innovadora que facilita la codificaci\u00f3 dels diferents cables que componen la instal\u00b7laci\u00f3 el\u00e8ctrica del vehicle. Fem servir impressores automatitzades amb un sistema de selecci\u00f3 de cables \u00fanic en el sector.[\/vc_column_text][vc_empty_space][\/vc_column][vc_column width=&#8221;2\/5&#8243; css=&#8221;.vc_custom_1658305246920{background: #74b4e2 url(http:\/\/imarsh.es\/wp-content\/uploads\/2022\/07\/IMAR-SH-HOME-3.jpg?id=85) !important;background-position: center !important;background-repeat: no-repeat !important;background-size: cover !important;}&#8221; offset=&#8221;vc_hidden-sm vc_hidden-xs&#8221;][vc_empty_space height=&#8221;400px&#8221;][\/vc_column][\/vc_row][\/vc_section][vc_section full_width=&#8221;stretch_row&#8221; css=&#8221;.vc_custom_1656919366695{margin-bottom: 0px !important;}&#8221;][vc_row full_width=&#8221;stretch_row_content&#8221; equal_height=&#8221;yes&#8221; content_placement=&#8221;middle&#8221; css=&#8221;.vc_custom_1656918512497{background-position: center !important;background-repeat: no-repeat !important;background-size: cover !important;}&#8221;][vc_column width=&#8221;3\/5&#8243; css=&#8221;.vc_custom_1658305299366{background-position: center !important;background-repeat: no-repeat !important;background-size: cover !important;}&#8221; offset=&#8221;vc_hidden-lg vc_hidden-md&#8221;][vc_empty_space][vc_column_text css=&#8221;.vc_custom_1658306283930{margin-bottom: 0px !important;margin-left: 15px !important;border-bottom-width: 0px !important;padding-bottom: 0px !important;}&#8221;]\n<h1 style=\"text-align: left;\">Com ho fem<\/h1>\n[\/vc_column_text][vc_separator color=&#8221;custom&#8221; align=&#8221;align_left&#8221; border_width=&#8221;2&#8243; el_width=&#8221;50&#8243; css_animation=&#8221;fadeInLeft&#8221; accent_color=&#8221;#74b4e2&#8243; css=&#8221;.vc_custom_1658305829730{margin-left: 15px !important;padding-top: 0px !important;}&#8221;][vc_column_text css=&#8221;.vc_custom_1658306266795{margin-left: 15px !important;}&#8221;]A IMAR SANT HILARI dissenyem i fabriquem les instal\u00b7lacions el\u00e8ctriques per al client. Tamb\u00e9 fabriquem les instal\u00b7lacions basades en els pl\u00e0nols dissenyats pel client mateix, interpretant-los i adaptant-los al funcionament de la nostra cadena de producci\u00f3.<\/p>\n<p>Per a l\u2019optimitzaci\u00f3 del temps i dels recursos en la fabricaci\u00f3 de la instal\u00b7laci\u00f3, IMAR SANT HILARI ha desenvolupat una tecnologia innovadora que facilita la codificaci\u00f3 dels diferents cables que componen la instal\u00b7laci\u00f3 el\u00e8ctrica del vehicle. Fem servir impressores automatitzades amb un sistema de selecci\u00f3 de cables \u00fanic en el sector.[\/vc_column_text][vc_empty_space][\/vc_column][vc_column width=&#8221;2\/5&#8243; css=&#8221;.vc_custom_1658305259580{background: #74b4e2 url(http:\/\/imarsh.es\/wp-content\/uploads\/2022\/07\/IMAR-SH-HOME-3.jpg?id=85) !important;background-position: center !important;background-repeat: no-repeat !important;background-size: cover !important;}&#8221; offset=&#8221;vc_hidden-lg vc_hidden-md&#8221;][vc_empty_space height=&#8221;400px&#8221;][\/vc_column][\/vc_row][\/vc_section][vc_row full_width=&#8221;stretch_row_content&#8221; equal_height=&#8221;yes&#8221;][vc_column width=&#8221;1\/2&#8243; css=&#8221;.vc_custom_1658305620729{background-image: url(http:\/\/imarsh.es\/wp-content\/uploads\/2022\/07\/IMAR-SH-HOME-4.jpg?id=93) !important;background-position: center !important;background-repeat: no-repeat !important;background-size: cover !important;}&#8221; offset=&#8221;vc_hidden-sm vc_hidden-xs&#8221;][vc_empty_space height=&#8221;400px&#8221;][\/vc_column][vc_column width=&#8221;1\/2&#8243; css=&#8221;.vc_custom_1658305615147{background-color: #e7e8e8 !important;}&#8221; offset=&#8221;vc_hidden-sm vc_hidden-xs&#8221;][vc_empty_space][vc_column_text css=&#8221;.vc_custom_1658306473571{margin-bottom: 0px !important;margin-left: 45px !important;border-bottom-width: 0px !important;padding-bottom: 0px !important;}&#8221;]\n<h1 style=\"text-align: left;\">Contacta amb nosaltres<\/h1>\n[\/vc_column_text][vc_separator color=&#8221;custom&#8221; align=&#8221;align_left&#8221; border_width=&#8221;2&#8243; el_width=&#8221;50&#8243; css_animation=&#8221;fadeInLeft&#8221; accent_color=&#8221;#74b4e2&#8243; css=&#8221;.vc_custom_1656921548983{margin-left: 45px !important;padding-top: 0px !important;}&#8221;][vc_column_text css=&#8221;.vc_custom_1658306314133{margin-left: 45px !important;}&#8221;]Si cerques un soci per als teus projectes d\u2019automoci\u00f3 industrial, a IMAR SANT HILARI t\u2019oferim m\u00e9s de 25 anys d\u2019experi\u00e8ncia amb un equip especialitzat en cablat el\u00e8ctric industrial.[\/vc_column_text][vc_btn title=&#8221;<b>COMENCEM?<b>&#8221; style=&#8221;gradient-custom&#8221; gradient_custom_color_1=&#8221;#74b4e2&#8243; gradient_custom_color_2=&#8221;#ffffff&#8221; gradient_text_color=&#8221;#000000&#8243; size=&#8221;lg&#8221; css=&#8221;.vc_custom_1659001313225{margin-left: 45px !important;}&#8221; link=&#8221;url:https%3A%2F%2Fimarsh.es%2Fca%2Fsobre-imar-sh%2F|title:SOBRE%20IMAR%20SH&#8221;][vc_empty_space][\/vc_column][\/vc_row][vc_row full_width=&#8221;stretch_row_content&#8221; equal_height=&#8221;yes&#8221;][vc_column css=&#8221;.vc_custom_1658305673809{background-color: #e7e8e8 !important;background-position: center !important;background-repeat: no-repeat !important;background-size: cover !important;}&#8221; offset=&#8221;vc_hidden-lg vc_hidden-md&#8221;][vc_column_text css=&#8221;.vc_custom_1658306483153{margin-bottom: 0px !important;margin-left: 15px !important;border-bottom-width: 0px !important;padding-bottom: 0px !important;}&#8221;]<\/b><\/b><\/p>\n<h1 style=\"text-align: left;\">Contacta amb nosaltres<\/h1>\n[\/vc_column_text][vc_separator color=&#8221;custom&#8221; align=&#8221;align_left&#8221; border_width=&#8221;2&#8243; el_width=&#8221;50&#8243; css_animation=&#8221;fadeInLeft&#8221; accent_color=&#8221;#74b4e2&#8243; css=&#8221;.vc_custom_1658305849465{margin-left: 15px !important;padding-top: 0px !important;}&#8221;][vc_column_text css=&#8221;.vc_custom_1658307987943{margin-left: 15px !important;}&#8221;]Si cerques un soci per als teus projectes d\u2019automoci\u00f3 industrial, a IMAR SANT HILARI t\u2019oferim m\u00e9s de 25 anys d\u2019experi\u00e8ncia amb un equip especialitzat en cablat el\u00e8ctric industrial.[\/vc_column_text][vc_btn title=&#8221;<b>COMENCEM?<b>&#8221; style=&#8221;gradient-custom&#8221; gradient_custom_color_1=&#8221;#74b4e2&#8243; gradient_custom_color_2=&#8221;#ffffff&#8221; gradient_text_color=&#8221;#000000&#8243; size=&#8221;lg&#8221; css=&#8221;.vc_custom_1659001322955{margin-left: 15px !important;}&#8221; link=&#8221;url:https%3A%2F%2Fimarsh.es%2Fca%2Fsobre-imar-sh%2F|title:SOBRE%20IMAR%20SH&#8221;][vc_empty_space][vc_row_inner][vc_column_inner css=&#8221;.vc_custom_1658305490659{background-image: url(http:\/\/imarsh.es\/wp-content\/uploads\/2022\/07\/IMAR-SH-HOME-4.jpg?id=93) !important;background-position: center !important;background-repeat: no-repeat !important;background-size: cover !important;}&#8221;][vc_empty_space height=&#8221;300px&#8221;][\/vc_column_inner][\/vc_row_inner][\/vc_column][\/vc_row][vc_row][vc_column][vc_column_text]<\/b><\/b>[\/vc_column_text][\/vc_column][\/vc_row]\n","protected":false},"excerpt":{"rendered":"[vc_row full_width=&#8221;stretch_row_content&#8221; equal_height=&#8221;yes&#8221; content_placement=&#8221;middle&#8221; css=&#8221;.vc_custom_1655464488954{background-position: center !important;background-repeat: no-repeat !important;background-size: cover !important;}&#8221;][vc_column width=&#8221;3\/5&#8243; css=&#8221;.vc_custom_1658304495968{background-image: url(http:\/\/imarsh.es\/wp-content\/uploads\/2022\/06\/IMAR-SH-HOME-2.jpg?id=68) !important;background-position: center !important;background-repeat: no-repeat !important;background-size: cover !important;}&#8221; offset=&#8221;vc_hidden-sm vc_hidden-xs&#8221;][vc_empty_space height=&#8221;500px&#8221;][\/vc_column][vc_column width=&#8221;2\/5&#8243; css=&#8221;.vc_custom_1658304502948{background-color: #74b4e2 !important;}&#8221; offset=&#8221;vc_hidden-sm vc_hidden-xs&#8221;][vc_custom_heading text=&#8221;INSTAL\u00b7LACIONS EL\u00c8CTRIQUES PER A L\u2019AUTOMOCI\u00d3 COMERCIAL&#8221; font_container=&#8221;tag:h1|font_size:50|text_align:left|color:%23ffffff&#8221; google_fonts=&#8221;font_family:Fjalla%20One%3Aregular|font_style:400%20regular%3A400%3Anormal&#8221; css=&#8221;.vc_custom_1658306822261{margin-right: 50px !important;margin-bottom: 0px !important;margin-left: 45px !important;border-bottom-width: 0px !important;padding-bottom: 0px !important;}&#8221;][vc_separator color=&#8221;custom&#8221; align=&#8221;align_left&#8221; border_width=&#8221;2&#8243; el_width=&#8221;50&#8243; css_animation=&#8221;fadeInLeft&#8221; accent_color=&#8221;#ffffff&#8221; [&#8230;]\n","protected":false},"author":1,"featured_media":0,"parent":0,"menu_order":0,"comment_status":"closed","ping_status":"open","template":"","meta":{"footnotes":""},"class_list":["post-2","page","type-page","status-publish","hentry"],"_links":{"self":[{"href":"https:\/\/imarsh.es\/ca\/wp-json\/wp\/v2\/pages\/2","targetHints":{"allow":["GET"]}}],"collection":[{"href":"https:\/\/imarsh.es\/ca\/wp-json\/wp\/v2\/pages"}],"about":[{"href":"https:\/\/imarsh.es\/ca\/wp-json\/wp\/v2\/types\/page"}],"author":[{"embeddable":true,"href":"https:\/\/imarsh.es\/ca\/wp-json\/wp\/v2\/users\/1"}],"replies":[{"embeddable":true,"href":"https:\/\/imarsh.es\/ca\/wp-json\/wp\/v2\/comments?post=2"}],"version-history":[{"count":49,"href":"https:\/\/imarsh.es\/ca\/wp-json\/wp\/v2\/pages\/2\/revisions"}],"predecessor-version":[{"id":615,"href":"https:\/\/imarsh.es\/ca\/wp-json\/wp\/v2\/pages\/2\/revisions\/615"}],"wp:attachment":[{"href":"https:\/\/imarsh.es\/ca\/wp-json\/wp\/v2\/media?parent=2"}],"curies":[{"name":"wp","href":"https:\/\/api.w.org\/{rel}","templated":true}]}}