{"id":188,"date":"2022-07-06T11:44:49","date_gmt":"2022-07-06T09:44:49","guid":{"rendered":"https:\/\/imarsh.es\/?page_id=188"},"modified":"2022-07-28T11:49:59","modified_gmt":"2022-07-28T09:49:59","slug":"nautica","status":"publish","type":"page","link":"https:\/\/imarsh.es\/ca\/nautica\/","title":{"rendered":"N\u00c0UTICA"},"content":{"rendered":"[vc_row full_width=&#8221;stretch_row_content&#8221; equal_height=&#8221;yes&#8221; content_placement=&#8221;middle&#8221; css=&#8221;.vc_custom_1657100467185{background-image: url(http:\/\/imarsh.es\/wp-content\/uploads\/2022\/07\/IMAR-SH-NAUTICA-1.jpg?id=200) !important;background-position: center !important;background-repeat: no-repeat !important;background-size: cover !important;}&#8221;][vc_column width=&#8221;1\/4&#8243; css=&#8221;.vc_custom_1658310870129{background-position: center !important;background-repeat: no-repeat !important;background-size: cover !important;}&#8221; offset=&#8221;vc_hidden-sm vc_hidden-xs&#8221;][\/vc_column][vc_column width=&#8221;1\/2&#8243; offset=&#8221;vc_hidden-sm vc_hidden-xs&#8221;][vc_empty_space height=&#8221;150px&#8221;][vc_custom_heading text=&#8221;N\u00c0UTICA&#8221; font_container=&#8221;tag:h1|font_size:50|text_align:center|color:%23ffffff&#8221; google_fonts=&#8221;font_family:Fjalla%20One%3Aregular|font_style:400%20regular%3A400%3Anormal&#8221; css=&#8221;.vc_custom_1658310777014{margin-bottom: 0px !important;border-bottom-width: 0px !important;}&#8221;][vc_separator color=&#8221;white&#8221; border_width=&#8221;2&#8243; el_width=&#8221;80&#8243; css_animation=&#8221;fadeInLeft&#8221; css=&#8221;.vc_custom_1656923686209{padding-top: 0px !important;}&#8221;][vc_column_text css=&#8221;.vc_custom_1658310833161{margin-right: 45px !important;margin-left: 45px !important;}&#8221;]\n<p style=\"text-align: center;\"><span style=\"color: #ffffff; font-size: 170%;\">Armaris de maniobra i control \u2022\u00a0Cablat de components i m\u00f2duls prefabricats \u2022\u00a0Caixes de protecci\u00f3<\/span><\/p>\n[\/vc_column_text][vc_empty_space height=&#8221;150px&#8221;][\/vc_column][vc_column width=&#8221;1\/4&#8243; offset=&#8221;vc_hidden-sm vc_hidden-xs&#8221;][\/vc_column][\/vc_row][vc_row full_width=&#8221;stretch_row_content&#8221; equal_height=&#8221;yes&#8221; content_placement=&#8221;middle&#8221; css=&#8221;.vc_custom_1657100467185{background-image: url(http:\/\/imarsh.es\/wp-content\/uploads\/2022\/07\/IMAR-SH-NAUTICA-1.jpg?id=200) !important;background-position: center !important;background-repeat: no-repeat !important;background-size: cover !important;}&#8221;][vc_column css=&#8221;.vc_custom_1658310892336{background-position: center !important;background-repeat: no-repeat !important;background-size: cover !important;}&#8221; offset=&#8221;vc_hidden-lg vc_hidden-md&#8221;][vc_empty_space height=&#8221;50px&#8221;][vc_custom_heading text=&#8221;N\u00c0UTICA&#8221; font_container=&#8221;tag:h1|font_size:50|text_align:center|color:%23ffffff&#8221; google_fonts=&#8221;font_family:Fjalla%20One%3Aregular|font_style:400%20regular%3A400%3Anormal&#8221; css=&#8221;.vc_custom_1658310777014{margin-bottom: 0px !important;border-bottom-width: 0px !important;}&#8221;][vc_separator color=&#8221;white&#8221; border_width=&#8221;2&#8243; el_width=&#8221;80&#8243; css_animation=&#8221;fadeInLeft&#8221; css=&#8221;.vc_custom_1656923686209{padding-top: 0px !important;}&#8221;][vc_column_text css=&#8221;.vc_custom_1658310943444{margin-right: 15px !important;margin-left: 15px !important;}&#8221;]\n<p style=\"text-align: center;\"><span style=\"color: #ffffff; font-size: 170%;\">Armaris de maniobra i control \u2022\u00a0Cablat de components i m\u00f2duls prefabricats \u2022\u00a0Caixes de protecci\u00f3<\/span><\/p>\n[\/vc_column_text][vc_empty_space height=&#8221;50px&#8221;][\/vc_column][\/vc_row][vc_section full_width=&#8221;stretch_row&#8221; css=&#8221;.vc_custom_1656919366695{margin-bottom: 0px !important;}&#8221;][vc_row full_width=&#8221;stretch_row_content&#8221; equal_height=&#8221;yes&#8221; content_placement=&#8221;middle&#8221; css=&#8221;.vc_custom_1656918512497{background-position: center !important;background-repeat: no-repeat !important;background-size: cover !important;}&#8221;][vc_column width=&#8221;3\/5&#8243; css=&#8221;.vc_custom_1658311026193{margin-right: 45px !important;margin-left: 45px !important;background-position: center !important;background-repeat: no-repeat !important;background-size: cover !important;}&#8221; offset=&#8221;vc_hidden-sm vc_hidden-xs&#8221;][vc_empty_space][vc_column_text css=&#8221;.vc_custom_1658310983334{margin-bottom: 0px !important;border-bottom-width: 0px !important;padding-bottom: 0px !important;}&#8221;]\n<h1 style=\"text-align: left;\">Cablat per a n\u00e0utica<\/h1>\n[\/vc_column_text][vc_separator color=&#8221;custom&#8221; align=&#8221;align_left&#8221; border_width=&#8221;2&#8243; el_width=&#8221;50&#8243; css_animation=&#8221;fadeInLeft&#8221; accent_color=&#8221;#74b4e2&#8243; css=&#8221;.vc_custom_1656919059400{padding-top: 0px !important;}&#8221;][vc_column_text]Les instal\u00b7lacions el\u00e8ctriques en n\u00e0utica s\u00f3n fonamentals en una embarcaci\u00f3 per tal de garantir una navegaci\u00f3 segura en tot moment.[\/vc_column_text][vc_empty_space][\/vc_column][vc_column width=&#8221;2\/5&#8243; css=&#8221;.vc_custom_1658311032864{background: #74b4e2 url(http:\/\/imarsh.es\/wp-content\/uploads\/2022\/07\/IMAR-SH-NAUTICA-4.jpg?id=196) !important;background-position: center !important;background-repeat: no-repeat !important;background-size: cover !important;}&#8221; offset=&#8221;vc_hidden-sm vc_hidden-xs&#8221;][vc_empty_space height=&#8221;400px&#8221;][\/vc_column][\/vc_row][\/vc_section][vc_section full_width=&#8221;stretch_row&#8221; css=&#8221;.vc_custom_1656919366695{margin-bottom: 0px !important;}&#8221;][vc_row full_width=&#8221;stretch_row_content&#8221; equal_height=&#8221;yes&#8221; content_placement=&#8221;middle&#8221; css=&#8221;.vc_custom_1656918512497{background-position: center !important;background-repeat: no-repeat !important;background-size: cover !important;}&#8221;][vc_column width=&#8221;3\/5&#8243; css=&#8221;.vc_custom_1658311050345{margin-right: 15px !important;margin-left: 15px !important;background-position: center !important;background-repeat: no-repeat !important;background-size: cover !important;}&#8221; offset=&#8221;vc_hidden-lg vc_hidden-md&#8221;][vc_empty_space][vc_column_text css=&#8221;.vc_custom_1658310983334{margin-bottom: 0px !important;border-bottom-width: 0px !important;padding-bottom: 0px !important;}&#8221;]\n<h1 style=\"text-align: left;\">Cablat per a n\u00e0utica<\/h1>\n[\/vc_column_text][vc_separator color=&#8221;custom&#8221; align=&#8221;align_left&#8221; border_width=&#8221;2&#8243; el_width=&#8221;50&#8243; css_animation=&#8221;fadeInLeft&#8221; accent_color=&#8221;#74b4e2&#8243; css=&#8221;.vc_custom_1656919059400{padding-top: 0px !important;}&#8221;][vc_column_text]Les instal\u00b7lacions el\u00e8ctriques en n\u00e0utica s\u00f3n fonamentals en una embarcaci\u00f3 per tal de garantir una navegaci\u00f3 segura en tot moment.[\/vc_column_text][vc_empty_space][\/vc_column][vc_column width=&#8221;2\/5&#8243; css=&#8221;.vc_custom_1658311056094{background: #74b4e2 url(http:\/\/imarsh.es\/wp-content\/uploads\/2022\/07\/IMAR-SH-NAUTICA-4.jpg?id=196) !important;background-position: center !important;background-repeat: no-repeat !important;background-size: cover !important;}&#8221; offset=&#8221;vc_hidden-lg vc_hidden-md&#8221;][vc_empty_space height=&#8221;400px&#8221;][\/vc_column][\/vc_row][\/vc_section][vc_row full_width=&#8221;stretch_row_content&#8221; equal_height=&#8221;yes&#8221; content_placement=&#8221;middle&#8221;][vc_column width=&#8221;1\/3&#8243; css=&#8221;.vc_custom_1656924408299{background-color: #737272 !important;}&#8221;][vc_empty_space height=&#8221;45px&#8221;][vc_custom_heading text=&#8221;ARMARIS DE MANIOBRA I CONTROL&#8221; font_container=&#8221;tag:h1|font_size:40|text_align:center|color:%23ffffff&#8221; google_fonts=&#8221;font_family:Fjalla%20One%3Aregular|font_style:400%20regular%3A400%3Anormal&#8221;][vc_empty_space height=&#8221;45px&#8221;][\/vc_column][vc_column width=&#8221;1\/3&#8243; css=&#8221;.vc_custom_1656924424945{background-color: #fa7226 !important;}&#8221;][vc_empty_space height=&#8221;45px&#8221;][vc_custom_heading text=&#8221;CABLAT DE COMPONENTS I M\u00d2DULS PREFABRICATS&#8221; font_container=&#8221;tag:h1|font_size:40|text_align:center|color:%23ffffff&#8221; google_fonts=&#8221;font_family:Fjalla%20One%3Aregular|font_style:400%20regular%3A400%3Anormal&#8221;][vc_empty_space height=&#8221;45px&#8221;][\/vc_column][vc_column width=&#8221;1\/3&#8243; css=&#8221;.vc_custom_1656924443059{background-color: #74b4e0 !important;}&#8221;][vc_empty_space height=&#8221;45px&#8221;][vc_custom_heading text=&#8221;CAIXES DE PROTECCI\u00d3&#8221; font_container=&#8221;tag:h1|font_size:40|text_align:center|color:%23ffffff&#8221; google_fonts=&#8221;font_family:Fjalla%20One%3Aregular|font_style:400%20regular%3A400%3Anormal&#8221;][vc_empty_space height=&#8221;45px&#8221;][\/vc_column][\/vc_row][vc_section full_width=&#8221;stretch_row&#8221; css=&#8221;.vc_custom_1656919366695{margin-bottom: 0px !important;}&#8221;][vc_row full_width=&#8221;stretch_row_content&#8221; equal_height=&#8221;yes&#8221;][vc_column width=&#8221;2\/5&#8243; css=&#8221;.vc_custom_1658311186620{background-image: url(http:\/\/imarsh.es\/wp-content\/uploads\/2022\/07\/IMAR-SH-NAUTICA-3.jpg?id=192) !important;background-position: center !important;background-repeat: no-repeat !important;background-size: cover !important;}&#8221; offset=&#8221;vc_hidden-sm vc_hidden-xs&#8221;][vc_empty_space height=&#8221;400px&#8221;][\/vc_column][vc_column width=&#8221;3\/5&#8243; css=&#8221;.vc_custom_1658311192811{background-color: #ffffff !important;}&#8221; offset=&#8221;vc_hidden-sm vc_hidden-xs&#8221;][vc_empty_space][vc_column_text css=&#8221;.vc_custom_1658311128626{margin-bottom: 0px !important;margin-left: 45px !important;border-bottom-width: 0px !important;padding-bottom: 0px !important;}&#8221;]\n<h1 style=\"text-align: left;\">Qu\u00e8 fem<\/h1>\n[\/vc_column_text][vc_separator color=&#8221;custom&#8221; align=&#8221;align_left&#8221; border_width=&#8221;2&#8243; el_width=&#8221;50&#8243; css_animation=&#8221;fadeInLeft&#8221; accent_color=&#8221;#74b4e2&#8243; css=&#8221;.vc_custom_1656921548983{margin-left: 45px !important;padding-top: 0px !important;}&#8221;][vc_column_text css=&#8221;.vc_custom_1658311151776{margin-left: 45px !important;}&#8221;]IMAR SANT HILARI fa exhaustius controls finals de qualitat individuals per a cada un dels cables que formen part del producte.<\/p>\n<p>A IMAR SANT HILARI fabriquem cablats tot basant-nos en els pl\u00e0nols dels propis clients. Adaptem els conductors i les proteccions m\u00e9s id\u00f2nies per a cada especificaci\u00f3.[\/vc_column_text][vc_empty_space][\/vc_column][\/vc_row][\/vc_section][vc_section full_width=&#8221;stretch_row&#8221; css=&#8221;.vc_custom_1656919366695{margin-bottom: 0px !important;}&#8221;][vc_row full_width=&#8221;stretch_row_content&#8221; equal_height=&#8221;yes&#8221;][vc_column width=&#8221;2\/5&#8243; css=&#8221;.vc_custom_1658311198556{background-image: url(http:\/\/imarsh.es\/wp-content\/uploads\/2022\/07\/IMAR-SH-NAUTICA-3.jpg?id=192) !important;background-position: center !important;background-repeat: no-repeat !important;background-size: cover !important;}&#8221; offset=&#8221;vc_hidden-lg vc_hidden-md&#8221;][vc_empty_space height=&#8221;400px&#8221;][\/vc_column][vc_column width=&#8221;3\/5&#8243; css=&#8221;.vc_custom_1658311203735{background-color: #ffffff !important;}&#8221; offset=&#8221;vc_hidden-lg vc_hidden-md&#8221;][vc_empty_space][vc_column_text css=&#8221;.vc_custom_1658311218302{margin-right: 15px !important;margin-bottom: 0px !important;margin-left: 15px !important;border-bottom-width: 0px !important;padding-bottom: 0px !important;}&#8221;]\n<h1 style=\"text-align: left;\">Qu\u00e8 fem<\/h1>\n[\/vc_column_text][vc_separator color=&#8221;custom&#8221; align=&#8221;align_left&#8221; border_width=&#8221;2&#8243; el_width=&#8221;50&#8243; css_animation=&#8221;fadeInLeft&#8221; accent_color=&#8221;#74b4e2&#8243; css=&#8221;.vc_custom_1658311227204{margin-right: 15px !important;margin-left: 15px !important;padding-top: 0px !important;}&#8221;][vc_column_text css=&#8221;.vc_custom_1658311244876{margin-right: 15px !important;margin-left: 15px !important;}&#8221;]IMAR SANT HILARI fa exhaustius controls finals de qualitat individuals per a cada un dels cables que formen part del producte.<\/p>\n<p>A IMAR SANT HILARI fabriquem cablats tot basant-nos en els pl\u00e0nols dels propis clients. Adaptem els conductors i les proteccions m\u00e9s id\u00f2nies per a cada especificaci\u00f3.[\/vc_column_text][vc_empty_space][\/vc_column][\/vc_row][\/vc_section][vc_row full_width=&#8221;stretch_row_content&#8221; equal_height=&#8221;yes&#8221; content_placement=&#8221;middle&#8221; css=&#8221;.vc_custom_1657100652312{background-image: url(http:\/\/imarsh.es\/wp-content\/uploads\/2022\/07\/IMAR-SH-NAUTICA-2.jpg?id=204) !important;background-position: center !important;background-repeat: no-repeat !important;background-size: cover !important;}&#8221;][vc_column width=&#8221;1\/4&#8243; css=&#8221;.vc_custom_1658311357560{background-position: center !important;background-repeat: no-repeat !important;background-size: cover !important;}&#8221; offset=&#8221;vc_hidden-sm vc_hidden-xs&#8221;][\/vc_column][vc_column width=&#8221;1\/2&#8243; offset=&#8221;vc_hidden-sm vc_hidden-xs&#8221;][vc_empty_space height=&#8221;100px&#8221;][vc_custom_heading text=&#8221;CONTACTA AMB NOSALTRES&#8221; font_container=&#8221;tag:h1|font_size:50|text_align:center|color:%23ffffff&#8221; google_fonts=&#8221;font_family:Fjalla%20One%3Aregular|font_style:400%20regular%3A400%3Anormal&#8221; css=&#8221;.vc_custom_1658311307288{margin-right: 45px !important;margin-bottom: 0px !important;margin-left: 45px !important;border-bottom-width: 0px !important;padding-bottom: 0px !important;}&#8221;][vc_separator color=&#8221;white&#8221; border_width=&#8221;2&#8243; el_width=&#8221;80&#8243; css_animation=&#8221;fadeInLeft&#8221; css=&#8221;.vc_custom_1656923686209{padding-top: 0px !important;}&#8221;][vc_column_text css=&#8221;.vc_custom_1658311325837{margin-left: 45px !important;}&#8221;]\n<p style=\"text-align: center;\"><span style=\"font-size: 110%; color: #ffffff;\">Si cerques un soci per als teus projectes d\u2019automoci\u00f3 industrial, a IMAR SANT HILARI t\u2019oferim m\u00e9s de 25 anys d\u2019experi\u00e8ncia amb un equip especialitzat en cablat el\u00e8ctric industrial.<\/span><\/p>\n[\/vc_column_text][vc_btn title=&#8221;<b>COMENCEM?<\/b>&#8221; style=&#8221;gradient-custom&#8221; gradient_custom_color_1=&#8221;#74b4e2&#8243; gradient_custom_color_2=&#8221;#ffffff&#8221; gradient_text_color=&#8221;#000000&#8243; size=&#8221;lg&#8221; align=&#8221;center&#8221; css=&#8221;.vc_custom_1659001780106{margin-left: 45px !important;}&#8221; link=&#8221;url:https%3A%2F%2Fimarsh.es%2Fca%2Fsobre-imar-sh%2F|title:SOBRE%20IMAR%20SH&#8221;][vc_empty_space height=&#8221;100px&#8221;][\/vc_column][vc_column width=&#8221;1\/4&#8243; offset=&#8221;vc_hidden-sm vc_hidden-xs&#8221;][\/vc_column][\/vc_row][vc_row full_width=&#8221;stretch_row_content&#8221; equal_height=&#8221;yes&#8221; content_placement=&#8221;middle&#8221; css=&#8221;.vc_custom_1657100652312{background-image: url(http:\/\/imarsh.es\/wp-content\/uploads\/2022\/07\/IMAR-SH-NAUTICA-2.jpg?id=204) !important;background-position: center !important;background-repeat: no-repeat !important;background-size: cover !important;}&#8221;][vc_column css=&#8221;.vc_custom_1658311377357{background-position: center !important;background-repeat: no-repeat !important;background-size: cover !important;}&#8221; offset=&#8221;vc_hidden-lg vc_hidden-md&#8221;][vc_empty_space height=&#8221;100px&#8221;][vc_custom_heading text=&#8221;CONTACTA AMB NOSALTRES&#8221; font_container=&#8221;tag:h1|font_size:50|text_align:center|color:%23ffffff&#8221; google_fonts=&#8221;font_family:Fjalla%20One%3Aregular|font_style:400%20regular%3A400%3Anormal&#8221; css=&#8221;.vc_custom_1658311389907{margin-right: 15px !important;margin-bottom: 0px !important;margin-left: 15px !important;border-bottom-width: 0px !important;padding-bottom: 0px !important;}&#8221;][vc_separator color=&#8221;white&#8221; border_width=&#8221;2&#8243; el_width=&#8221;80&#8243; css_animation=&#8221;fadeInLeft&#8221; css=&#8221;.vc_custom_1658311399572{padding-top: 0px !important;}&#8221;][vc_column_text css=&#8221;.vc_custom_1658311413438{margin-right: 15px !important;margin-left: 15px !important;}&#8221;]\n<p style=\"text-align: center;\"><span style=\"font-size: 110%; color: #ffffff;\">Si cerques un soci per als teus projectes d\u2019automoci\u00f3 industrial, a IMAR SANT HILARI t\u2019oferim m\u00e9s de 25 anys d\u2019experi\u00e8ncia amb un equip especialitzat en cablat el\u00e8ctric industrial.<\/span><\/p>\n[\/vc_column_text][vc_btn title=&#8221;<b>COMENCEM?<\/b>&#8221; style=&#8221;gradient-custom&#8221; gradient_custom_color_1=&#8221;#74b4e2&#8243; gradient_custom_color_2=&#8221;#ffffff&#8221; gradient_text_color=&#8221;#000000&#8243; size=&#8221;lg&#8221; align=&#8221;center&#8221; css=&#8221;.vc_custom_1659001790934{margin-left: 45px !important;}&#8221; link=&#8221;url:https%3A%2F%2Fimarsh.es%2Fca%2Fsobre-imar-sh%2F|title:SOBRE%20IMAR%20SH&#8221;][vc_empty_space height=&#8221;100px&#8221;][\/vc_column][\/vc_row]\n","protected":false},"excerpt":{"rendered":"[vc_row full_width=&#8221;stretch_row_content&#8221; equal_height=&#8221;yes&#8221; content_placement=&#8221;middle&#8221; css=&#8221;.vc_custom_1657100467185{background-image: url(http:\/\/imarsh.es\/wp-content\/uploads\/2022\/07\/IMAR-SH-NAUTICA-1.jpg?id=200) !important;background-position: center !important;background-repeat: no-repeat !important;background-size: cover !important;}&#8221;][vc_column width=&#8221;1\/4&#8243; css=&#8221;.vc_custom_1658310870129{background-position: center !important;background-repeat: no-repeat !important;background-size: cover !important;}&#8221; offset=&#8221;vc_hidden-sm vc_hidden-xs&#8221;][\/vc_column][vc_column width=&#8221;1\/2&#8243; offset=&#8221;vc_hidden-sm vc_hidden-xs&#8221;][vc_empty_space height=&#8221;150px&#8221;][vc_custom_heading text=&#8221;N\u00c0UTICA&#8221; font_container=&#8221;tag:h1|font_size:50|text_align:center|color:%23ffffff&#8221; google_fonts=&#8221;font_family:Fjalla%20One%3Aregular|font_style:400%20regular%3A400%3Anormal&#8221; css=&#8221;.vc_custom_1658310777014{margin-bottom: 0px !important;border-bottom-width: 0px !important;}&#8221;][vc_separator color=&#8221;white&#8221; border_width=&#8221;2&#8243; el_width=&#8221;80&#8243; css_animation=&#8221;fadeInLeft&#8221; css=&#8221;.vc_custom_1656923686209{padding-top: 0px !important;}&#8221;][vc_column_text css=&#8221;.vc_custom_1658310833161{margin-right: 45px !important;margin-left: 45px !important;}&#8221;] Armaris de maniobra i control \u2022\u00a0Cablat de components [&#8230;]\n","protected":false},"author":2,"featured_media":8,"parent":0,"menu_order":0,"comment_status":"closed","ping_status":"open","template":"","meta":{"footnotes":""},"class_list":["post-188","page","type-page","status-publish","has-post-thumbnail","hentry"],"_links":{"self":[{"href":"https:\/\/imarsh.es\/ca\/wp-json\/wp\/v2\/pages\/188","targetHints":{"allow":["GET"]}}],"collection":[{"href":"https:\/\/imarsh.es\/ca\/wp-json\/wp\/v2\/pages"}],"about":[{"href":"https:\/\/imarsh.es\/ca\/wp-json\/wp\/v2\/types\/page"}],"author":[{"embeddable":true,"href":"https:\/\/imarsh.es\/ca\/wp-json\/wp\/v2\/users\/2"}],"replies":[{"embeddable":true,"href":"https:\/\/imarsh.es\/ca\/wp-json\/wp\/v2\/comments?post=188"}],"version-history":[{"count":10,"href":"https:\/\/imarsh.es\/ca\/wp-json\/wp\/v2\/pages\/188\/revisions"}],"predecessor-version":[{"id":624,"href":"https:\/\/imarsh.es\/ca\/wp-json\/wp\/v2\/pages\/188\/revisions\/624"}],"wp:featuredmedia":[{"embeddable":true,"href":"https:\/\/imarsh.es\/ca\/wp-json\/wp\/v2\/media\/8"}],"wp:attachment":[{"href":"https:\/\/imarsh.es\/ca\/wp-json\/wp\/v2\/media?parent=188"}],"curies":[{"name":"wp","href":"https:\/\/api.w.org\/{rel}","templated":true}]}}