{"id":162,"date":"2022-07-06T11:27:07","date_gmt":"2022-07-06T09:27:07","guid":{"rendered":"https:\/\/imarsh.es\/?page_id=162"},"modified":"2022-07-28T11:47:17","modified_gmt":"2022-07-28T09:47:17","slug":"industrial","status":"publish","type":"page","link":"https:\/\/imarsh.es\/ca\/industrial\/","title":{"rendered":"INDUSTRIAL"},"content":{"rendered":"[vc_row full_width=&#8221;stretch_row_content&#8221; equal_height=&#8221;yes&#8221; content_placement=&#8221;middle&#8221; css=&#8221;.vc_custom_1657099290123{background-image: url(http:\/\/imarsh.es\/wp-content\/uploads\/2022\/07\/IMAR-SH-INDUSTRIAL-1.jpg?id=166) !important;background-position: center !important;background-repeat: no-repeat !important;background-size: cover !important;}&#8221;][vc_column width=&#8221;1\/4&#8243; css=&#8221;.vc_custom_1658310024649{background-position: center !important;background-repeat: no-repeat !important;background-size: cover !important;}&#8221; offset=&#8221;vc_hidden-sm vc_hidden-xs&#8221;][\/vc_column][vc_column width=&#8221;1\/2&#8243; offset=&#8221;vc_hidden-sm vc_hidden-xs&#8221;][vc_empty_space height=&#8221;150px&#8221;][vc_custom_heading text=&#8221;INDUSTRIAL&#8221; font_container=&#8221;tag:h1|font_size:50|text_align:center|color:%23ffffff&#8221; google_fonts=&#8221;font_family:Fjalla%20One%3Aregular|font_style:400%20regular%3A400%3Anormal&#8221; css=&#8221;.vc_custom_1657099266184{margin-bottom: 0px !important;border-bottom-width: 0px !important;}&#8221;][vc_separator color=&#8221;white&#8221; border_width=&#8221;2&#8243; el_width=&#8221;80&#8243; css_animation=&#8221;fadeInLeft&#8221; css=&#8221;.vc_custom_1656923686209{padding-top: 0px !important;}&#8221;][vc_column_text css=&#8221;.vc_custom_1658310002767{margin-right: 45px !important;margin-left: 45px !important;}&#8221;]\n<p style=\"text-align: center;\"><span style=\"color: #ffffff; font-size: 170%;\">Cablats de pot\u00e8ncia, maniobra i senyals d\u00e8bils \u2022\u00a0Quadres de comandament<\/span><\/p>\n[\/vc_column_text][vc_empty_space height=&#8221;150px&#8221;][\/vc_column][vc_column width=&#8221;1\/4&#8243; offset=&#8221;vc_hidden-sm vc_hidden-xs&#8221;][\/vc_column][\/vc_row][vc_row full_width=&#8221;stretch_row_content&#8221; equal_height=&#8221;yes&#8221; content_placement=&#8221;middle&#8221; css=&#8221;.vc_custom_1657099290123{background-image: url(http:\/\/imarsh.es\/wp-content\/uploads\/2022\/07\/IMAR-SH-INDUSTRIAL-1.jpg?id=166) !important;background-position: center !important;background-repeat: no-repeat !important;background-size: cover !important;}&#8221;][vc_column css=&#8221;.vc_custom_1658310047159{background-position: center !important;background-repeat: no-repeat !important;background-size: cover !important;}&#8221; offset=&#8221;vc_hidden-lg vc_hidden-md&#8221;][vc_empty_space height=&#8221;50px&#8221;][vc_custom_heading text=&#8221;INDUSTRIAL&#8221; font_container=&#8221;tag:h1|font_size:50|text_align:center|color:%23ffffff&#8221; google_fonts=&#8221;font_family:Fjalla%20One%3Aregular|font_style:400%20regular%3A400%3Anormal&#8221; css=&#8221;.vc_custom_1657099266184{margin-bottom: 0px !important;border-bottom-width: 0px !important;}&#8221;][vc_separator color=&#8221;white&#8221; border_width=&#8221;2&#8243; el_width=&#8221;80&#8243; css_animation=&#8221;fadeInLeft&#8221; css=&#8221;.vc_custom_1656923686209{padding-top: 0px !important;}&#8221;][vc_column_text css=&#8221;.vc_custom_1658310103332{margin-right: 45px !important;margin-left: 45px !important;}&#8221;]\n<p style=\"text-align: center;\"><span style=\"color: #ffffff; font-size: 170%;\">Cablats de pot\u00e8ncia, maniobra i senyals d\u00e8bils \u2022\u00a0Quadres de comandament<\/span><\/p>\n[\/vc_column_text][vc_empty_space height=&#8221;50px&#8221;][\/vc_column][\/vc_row][vc_section full_width=&#8221;stretch_row&#8221; css=&#8221;.vc_custom_1656919366695{margin-bottom: 0px !important;}&#8221;][vc_row full_width=&#8221;stretch_row_content&#8221; equal_height=&#8221;yes&#8221; content_placement=&#8221;middle&#8221; css=&#8221;.vc_custom_1656918512497{background-position: center !important;background-repeat: no-repeat !important;background-size: cover !important;}&#8221;][vc_column width=&#8221;3\/5&#8243; css=&#8221;.vc_custom_1658310206272{margin-right: 45px !important;margin-left: 45px !important;background-position: center !important;background-repeat: no-repeat !important;background-size: cover !important;}&#8221; offset=&#8221;vc_hidden-sm vc_hidden-xs&#8221;][vc_empty_space][vc_column_text css=&#8221;.vc_custom_1658310159447{margin-bottom: 0px !important;border-bottom-width: 0px !important;padding-bottom: 0px !important;}&#8221;]\n<h1 style=\"text-align: left;\">Cablats per a la ind\u00fastria<\/h1>\n[\/vc_column_text][vc_separator color=&#8221;custom&#8221; align=&#8221;align_left&#8221; border_width=&#8221;2&#8243; el_width=&#8221;50&#8243; css_animation=&#8221;fadeInLeft&#8221; accent_color=&#8221;#74b4e2&#8243; css=&#8221;.vc_custom_1656919059400{padding-top: 0px !important;}&#8221;][vc_column_text]Des de 1996 que IMAR SANT HILARI oferim solucions en les instal\u00b7lacions el\u00e8ctriques en cablat i sistemes de control per al sector industrial.[\/vc_column_text][vc_empty_space][\/vc_column][vc_column width=&#8221;2\/5&#8243; css=&#8221;.vc_custom_1658310215262{background: #74b4e2 url(http:\/\/imarsh.es\/wp-content\/uploads\/2022\/07\/IMAR-SH-INDUSTRIAL-3-1.jpg?id=178) !important;background-position: center !important;background-repeat: no-repeat !important;background-size: cover !important;}&#8221; offset=&#8221;vc_hidden-sm vc_hidden-xs&#8221;][vc_empty_space height=&#8221;400px&#8221;][\/vc_column][\/vc_row][\/vc_section][vc_section full_width=&#8221;stretch_row&#8221; css=&#8221;.vc_custom_1656919366695{margin-bottom: 0px !important;}&#8221;][vc_row full_width=&#8221;stretch_row_content&#8221; equal_height=&#8221;yes&#8221; content_placement=&#8221;middle&#8221; css=&#8221;.vc_custom_1656918512497{background-position: center !important;background-repeat: no-repeat !important;background-size: cover !important;}&#8221;][vc_column width=&#8221;3\/5&#8243; css=&#8221;.vc_custom_1658310243596{margin-right: 15px !important;margin-left: 15px !important;background-position: center !important;background-repeat: no-repeat !important;background-size: cover !important;}&#8221; offset=&#8221;vc_hidden-lg vc_hidden-md&#8221;][vc_empty_space][vc_column_text css=&#8221;.vc_custom_1658310159447{margin-bottom: 0px !important;border-bottom-width: 0px !important;padding-bottom: 0px !important;}&#8221;]\n<h1 style=\"text-align: left;\">Cablats per a la ind\u00fastria<\/h1>\n[\/vc_column_text][vc_separator color=&#8221;custom&#8221; align=&#8221;align_left&#8221; border_width=&#8221;2&#8243; el_width=&#8221;50&#8243; css_animation=&#8221;fadeInLeft&#8221; accent_color=&#8221;#74b4e2&#8243; css=&#8221;.vc_custom_1656919059400{padding-top: 0px !important;}&#8221;][vc_column_text]Des de 1996 que IMAR SANT HILARI oferim solucions en les instal\u00b7lacions el\u00e8ctriques en cablat i sistemes de control per al sector industrial.[\/vc_column_text][vc_empty_space][\/vc_column][vc_column width=&#8221;2\/5&#8243; css=&#8221;.vc_custom_1658310231388{background: #74b4e2 url(http:\/\/imarsh.es\/wp-content\/uploads\/2022\/07\/IMAR-SH-INDUSTRIAL-3-1.jpg?id=178) !important;background-position: center !important;background-repeat: no-repeat !important;background-size: cover !important;}&#8221; offset=&#8221;vc_hidden-lg vc_hidden-md&#8221;][vc_empty_space height=&#8221;400px&#8221;][\/vc_column][\/vc_row][\/vc_section][vc_row full_width=&#8221;stretch_row_content&#8221; equal_height=&#8221;yes&#8221; content_placement=&#8221;middle&#8221;][vc_column width=&#8221;1\/2&#8243; css=&#8221;.vc_custom_1656924408299{background-color: #737272 !important;}&#8221;][vc_empty_space height=&#8221;45px&#8221;][vc_custom_heading text=&#8221;CABLATS DE POT\u00c8NCIA, MANIOBRA I SENYALS D\u00c8BILS&#8221; font_container=&#8221;tag:h1|font_size:40|text_align:center|color:%23ffffff&#8221; google_fonts=&#8221;font_family:Fjalla%20One%3Aregular|font_style:400%20regular%3A400%3Anormal&#8221;][vc_empty_space height=&#8221;45px&#8221;][\/vc_column][vc_column width=&#8221;1\/2&#8243; css=&#8221;.vc_custom_1656924424945{background-color: #fa7226 !important;}&#8221;][vc_empty_space height=&#8221;45px&#8221;][vc_custom_heading text=&#8221;QUADRES DE COMANDAMENT&#8221; font_container=&#8221;tag:h1|font_size:40|text_align:center|color:%23ffffff&#8221; google_fonts=&#8221;font_family:Fjalla%20One%3Aregular|font_style:400%20regular%3A400%3Anormal&#8221;][vc_empty_space height=&#8221;45px&#8221;][\/vc_column][\/vc_row][vc_section full_width=&#8221;stretch_row&#8221; css=&#8221;.vc_custom_1656919366695{margin-bottom: 0px !important;}&#8221;][vc_row full_width=&#8221;stretch_row_content&#8221; equal_height=&#8221;yes&#8221;][vc_column width=&#8221;2\/5&#8243; css=&#8221;.vc_custom_1658310434406{background-image: url(http:\/\/imarsh.es\/wp-content\/uploads\/2022\/07\/IMAR-SH-INDUSTRIAL-4.jpg?id=174) !important;background-position: center !important;background-repeat: no-repeat !important;background-size: cover !important;}&#8221; offset=&#8221;vc_hidden-sm vc_hidden-xs&#8221;][vc_empty_space height=&#8221;400px&#8221;][\/vc_column][vc_column width=&#8221;3\/5&#8243; css=&#8221;.vc_custom_1658310440167{background-color: #ffffff !important;}&#8221; offset=&#8221;vc_hidden-sm vc_hidden-xs&#8221;][vc_empty_space][vc_column_text css=&#8221;.vc_custom_1658310389802{margin-bottom: 0px !important;margin-left: 45px !important;border-bottom-width: 0px !important;padding-bottom: 0px !important;}&#8221;]\n<h1 style=\"text-align: left;\">Qu\u00e8 fem<\/h1>\n[\/vc_column_text][vc_separator color=&#8221;custom&#8221; align=&#8221;align_left&#8221; border_width=&#8221;2&#8243; el_width=&#8221;50&#8243; css_animation=&#8221;fadeInLeft&#8221; accent_color=&#8221;#74b4e2&#8243; css=&#8221;.vc_custom_1656921548983{margin-left: 45px !important;padding-top: 0px !important;}&#8221;][vc_column_text css=&#8221;.vc_custom_1658310405584{margin-left: 45px !important;}&#8221;]Fabriquem i muntem armaris el\u00e8ctrics per a tot tipus de requeriments, necessitats i especificacions. Som especialistes en armaris el\u00e8ctrics de control, instrumentaci\u00f3, protecci\u00f3 i distribuci\u00f3.<\/p>\n<p>Fabriquem cablat per a fabricants d\u2019equips diversos, especialment adaptat a produccions d\u2019alt nivell de complexitat i amb poques unitats de treball.[\/vc_column_text][vc_empty_space][\/vc_column][\/vc_row][\/vc_section][vc_section full_width=&#8221;stretch_row&#8221; css=&#8221;.vc_custom_1656919366695{margin-bottom: 0px !important;}&#8221;][vc_row full_width=&#8221;stretch_row_content&#8221; equal_height=&#8221;yes&#8221;][vc_column width=&#8221;2\/5&#8243; css=&#8221;.vc_custom_1658310445860{background-image: url(http:\/\/imarsh.es\/wp-content\/uploads\/2022\/07\/IMAR-SH-INDUSTRIAL-4.jpg?id=174) !important;background-position: center !important;background-repeat: no-repeat !important;background-size: cover !important;}&#8221; offset=&#8221;vc_hidden-lg vc_hidden-md&#8221;][vc_empty_space height=&#8221;400px&#8221;][\/vc_column][vc_column width=&#8221;3\/5&#8243; css=&#8221;.vc_custom_1658310453420{background-color: #ffffff !important;}&#8221; offset=&#8221;vc_hidden-lg vc_hidden-md&#8221;][vc_empty_space][vc_column_text css=&#8221;.vc_custom_1658310469138{margin-right: 15px !important;margin-bottom: 0px !important;margin-left: 15px !important;border-bottom-width: 0px !important;padding-bottom: 0px !important;}&#8221;]\n<h1 style=\"text-align: left;\">Qu\u00e8 fem<\/h1>\n[\/vc_column_text][vc_separator color=&#8221;custom&#8221; align=&#8221;align_left&#8221; border_width=&#8221;2&#8243; el_width=&#8221;50&#8243; css_animation=&#8221;fadeInLeft&#8221; accent_color=&#8221;#74b4e2&#8243; css=&#8221;.vc_custom_1658310480373{margin-right: 15px !important;margin-left: 15px !important;padding-top: 0px !important;}&#8221;][vc_column_text css=&#8221;.vc_custom_1658310489690{margin-right: 15px !important;margin-left: 15px !important;}&#8221;]Fabriquem i muntem armaris el\u00e8ctrics per a tot tipus de requeriments, necessitats i especificacions. Som especialistes en armaris el\u00e8ctrics de control, instrumentaci\u00f3, protecci\u00f3 i distribuci\u00f3.<\/p>\n<p>Fabriquem cablat per a fabricants d\u2019equips diversos, especialment adaptat a produccions d\u2019alt nivell de complexitat i amb poques unitats de treball.[\/vc_column_text][vc_empty_space][\/vc_column][\/vc_row][\/vc_section][vc_row full_width=&#8221;stretch_row_content&#8221; equal_height=&#8221;yes&#8221; content_placement=&#8221;middle&#8221; css=&#8221;.vc_custom_1657099593053{background-image: url(http:\/\/imarsh.es\/wp-content\/uploads\/2022\/07\/IMAR-SH-INDUSTRIAL-2.jpg?id=182) !important;background-position: center !important;background-repeat: no-repeat !important;background-size: cover !important;}&#8221;][vc_column width=&#8221;1\/4&#8243; css=&#8221;.vc_custom_1658310570718{background-position: center !important;background-repeat: no-repeat !important;background-size: cover !important;}&#8221; offset=&#8221;vc_hidden-sm vc_hidden-xs&#8221;][\/vc_column][vc_column width=&#8221;1\/2&#8243; offset=&#8221;vc_hidden-sm vc_hidden-xs&#8221;][vc_empty_space height=&#8221;100px&#8221;][vc_custom_heading text=&#8221;CONTACTA AMB NOSALTRES&#8221; font_container=&#8221;tag:h1|font_size:50|text_align:center|color:%23ffffff&#8221; google_fonts=&#8221;font_family:Fjalla%20One%3Aregular|font_style:400%20regular%3A400%3Anormal&#8221; css=&#8221;.vc_custom_1658310525938{margin-right: 45px !important;margin-bottom: 0px !important;margin-left: 45px !important;border-bottom-width: 0px !important;padding-bottom: 0px !important;}&#8221;][vc_separator color=&#8221;white&#8221; border_width=&#8221;2&#8243; el_width=&#8221;80&#8243; css_animation=&#8221;fadeInLeft&#8221; css=&#8221;.vc_custom_1656923686209{padding-top: 0px !important;}&#8221;][vc_column_text css=&#8221;.vc_custom_1658310542939{margin-left: 45px !important;}&#8221;]\n<p style=\"text-align: center;\"><span style=\"font-size: 110%; color: #ffffff;\">Si cerques un soci per als teus projectes d\u2019automoci\u00f3 industrial, a IMAR SANT HILARI t\u2019oferim m\u00e9s de 25 anys d\u2019experi\u00e8ncia amb un equip especialitzat en cablat el\u00e8ctric industrial.<\/span><\/p>\n[\/vc_column_text][vc_btn title=&#8221;<b>COMENCEM?<\/b>&#8221; style=&#8221;gradient-custom&#8221; gradient_custom_color_1=&#8221;#74b4e2&#8243; gradient_custom_color_2=&#8221;#ffffff&#8221; gradient_text_color=&#8221;#000000&#8243; size=&#8221;lg&#8221; align=&#8221;center&#8221; css=&#8221;.vc_custom_1659001626168{margin-left: 45px !important;}&#8221; link=&#8221;url:https%3A%2F%2Fimarsh.es%2Fca%2Fsobre-imar-sh%2F|title:SOBRE%20IMAR%20SH&#8221;][vc_empty_space height=&#8221;100px&#8221;][\/vc_column][vc_column width=&#8221;1\/4&#8243; offset=&#8221;vc_hidden-sm vc_hidden-xs&#8221;][\/vc_column][\/vc_row][vc_row full_width=&#8221;stretch_row_content&#8221; equal_height=&#8221;yes&#8221; content_placement=&#8221;middle&#8221; css=&#8221;.vc_custom_1657099593053{background-image: url(http:\/\/imarsh.es\/wp-content\/uploads\/2022\/07\/IMAR-SH-INDUSTRIAL-2.jpg?id=182) !important;background-position: center !important;background-repeat: no-repeat !important;background-size: cover !important;}&#8221;][vc_column css=&#8221;.vc_custom_1658310592294{background-position: center !important;background-repeat: no-repeat !important;background-size: cover !important;}&#8221; offset=&#8221;vc_hidden-lg vc_hidden-md&#8221;][vc_empty_space height=&#8221;100px&#8221;][vc_custom_heading text=&#8221;CONTACTA AMB NOSALTRES&#8221; font_container=&#8221;tag:h1|font_size:50|text_align:center|color:%23ffffff&#8221; google_fonts=&#8221;font_family:Fjalla%20One%3Aregular|font_style:400%20regular%3A400%3Anormal&#8221; css=&#8221;.vc_custom_1658310603344{margin-right: 15px !important;margin-bottom: 0px !important;margin-left: 15px !important;border-bottom-width: 0px !important;padding-bottom: 0px !important;}&#8221;][vc_separator color=&#8221;white&#8221; border_width=&#8221;2&#8243; el_width=&#8221;80&#8243; css_animation=&#8221;fadeInLeft&#8221; css=&#8221;.vc_custom_1658310608492{padding-top: 0px !important;}&#8221;][vc_column_text css=&#8221;.vc_custom_1658310618973{margin-right: 15px !important;margin-left: 15px !important;}&#8221;]\n<p style=\"text-align: center;\"><span style=\"font-size: 110%; color: #ffffff;\">Si cerques un soci per als teus projectes d\u2019automoci\u00f3 industrial, a IMAR SANT HILARI t\u2019oferim m\u00e9s de 25 anys d\u2019experi\u00e8ncia amb un equip especialitzat en cablat el\u00e8ctric industrial.<\/span><\/p>\n[\/vc_column_text][vc_btn title=&#8221;<b>COMENCEM?<\/b>&#8221; style=&#8221;gradient-custom&#8221; gradient_custom_color_1=&#8221;#74b4e2&#8243; gradient_custom_color_2=&#8221;#ffffff&#8221; gradient_text_color=&#8221;#000000&#8243; size=&#8221;lg&#8221; align=&#8221;center&#8221; link=&#8221;url:https%3A%2F%2Fimarsh.es%2Fca%2Fsobre-imar-sh%2F|title:SOBRE%20IMAR%20SH&#8221;][vc_empty_space height=&#8221;100px&#8221;][\/vc_column][\/vc_row]\n","protected":false},"excerpt":{"rendered":"[vc_row full_width=&#8221;stretch_row_content&#8221; equal_height=&#8221;yes&#8221; content_placement=&#8221;middle&#8221; css=&#8221;.vc_custom_1657099290123{background-image: url(http:\/\/imarsh.es\/wp-content\/uploads\/2022\/07\/IMAR-SH-INDUSTRIAL-1.jpg?id=166) !important;background-position: center !important;background-repeat: no-repeat !important;background-size: cover !important;}&#8221;][vc_column width=&#8221;1\/4&#8243; css=&#8221;.vc_custom_1658310024649{background-position: center !important;background-repeat: no-repeat !important;background-size: cover !important;}&#8221; offset=&#8221;vc_hidden-sm vc_hidden-xs&#8221;][\/vc_column][vc_column width=&#8221;1\/2&#8243; offset=&#8221;vc_hidden-sm vc_hidden-xs&#8221;][vc_empty_space height=&#8221;150px&#8221;][vc_custom_heading text=&#8221;INDUSTRIAL&#8221; font_container=&#8221;tag:h1|font_size:50|text_align:center|color:%23ffffff&#8221; google_fonts=&#8221;font_family:Fjalla%20One%3Aregular|font_style:400%20regular%3A400%3Anormal&#8221; css=&#8221;.vc_custom_1657099266184{margin-bottom: 0px !important;border-bottom-width: 0px !important;}&#8221;][vc_separator color=&#8221;white&#8221; border_width=&#8221;2&#8243; el_width=&#8221;80&#8243; css_animation=&#8221;fadeInLeft&#8221; css=&#8221;.vc_custom_1656923686209{padding-top: 0px !important;}&#8221;][vc_column_text css=&#8221;.vc_custom_1658310002767{margin-right: 45px !important;margin-left: 45px !important;}&#8221;] Cablats de pot\u00e8ncia, maniobra i senyals d\u00e8bils \u2022\u00a0Quadres [&#8230;]\n","protected":false},"author":2,"featured_media":8,"parent":0,"menu_order":0,"comment_status":"closed","ping_status":"open","template":"","meta":{"footnotes":""},"class_list":["post-162","page","type-page","status-publish","has-post-thumbnail","hentry"],"_links":{"self":[{"href":"https:\/\/imarsh.es\/ca\/wp-json\/wp\/v2\/pages\/162","targetHints":{"allow":["GET"]}}],"collection":[{"href":"https:\/\/imarsh.es\/ca\/wp-json\/wp\/v2\/pages"}],"about":[{"href":"https:\/\/imarsh.es\/ca\/wp-json\/wp\/v2\/types\/page"}],"author":[{"embeddable":true,"href":"https:\/\/imarsh.es\/ca\/wp-json\/wp\/v2\/users\/2"}],"replies":[{"embeddable":true,"href":"https:\/\/imarsh.es\/ca\/wp-json\/wp\/v2\/comments?post=162"}],"version-history":[{"count":10,"href":"https:\/\/imarsh.es\/ca\/wp-json\/wp\/v2\/pages\/162\/revisions"}],"predecessor-version":[{"id":621,"href":"https:\/\/imarsh.es\/ca\/wp-json\/wp\/v2\/pages\/162\/revisions\/621"}],"wp:featuredmedia":[{"embeddable":true,"href":"https:\/\/imarsh.es\/ca\/wp-json\/wp\/v2\/media\/8"}],"wp:attachment":[{"href":"https:\/\/imarsh.es\/ca\/wp-json\/wp\/v2\/media?parent=162"}],"curies":[{"name":"wp","href":"https:\/\/api.w.org\/{rel}","templated":true}]}}