{"id":101,"date":"2022-07-04T10:56:18","date_gmt":"2022-07-04T08:56:18","guid":{"rendered":"https:\/\/imarsh.es\/?page_id=101"},"modified":"2022-07-28T11:44:33","modified_gmt":"2022-07-28T09:44:33","slug":"automocio","status":"publish","type":"page","link":"https:\/\/imarsh.es\/ca\/automocio\/","title":{"rendered":"AUTOMOCI\u00d3"},"content":{"rendered":"[vc_row full_width=&#8221;stretch_row_content&#8221; equal_height=&#8221;yes&#8221; content_placement=&#8221;middle&#8221; css=&#8221;.vc_custom_1656923550200{background-image: url(http:\/\/imarsh.es\/wp-content\/uploads\/2022\/07\/IMAR-SH-AUTOMOCION-1.jpg?id=105) !important;background-position: center !important;background-repeat: no-repeat !important;background-size: cover !important;}&#8221;][vc_column width=&#8221;1\/4&#8243; css=&#8221;.vc_custom_1658307454532{background-position: center !important;background-repeat: no-repeat !important;background-size: cover !important;}&#8221; offset=&#8221;vc_hidden-sm vc_hidden-xs&#8221;][\/vc_column][vc_column width=&#8221;1\/2&#8243; offset=&#8221;vc_hidden-sm vc_hidden-xs&#8221;][vc_empty_space height=&#8221;150px&#8221;][vc_custom_heading text=&#8221;AUTOMOCI\u00d3&#8221; font_container=&#8221;tag:h1|font_size:50|text_align:center|color:%23ffffff&#8221; google_fonts=&#8221;font_family:Fjalla%20One%3Aregular|font_style:400%20regular%3A400%3Anormal&#8221; css=&#8221;.vc_custom_1658307154830{margin-bottom: 0px !important;border-bottom-width: 0px !important;}&#8221;][vc_separator color=&#8221;white&#8221; border_width=&#8221;2&#8243; el_width=&#8221;80&#8243; css_animation=&#8221;fadeInLeft&#8221; css=&#8221;.vc_custom_1656923686209{padding-top: 0px !important;}&#8221;][vc_column_text css=&#8221;.vc_custom_1658307235654{margin-right: 45px !important;margin-left: 45px !important;}&#8221;]\n<p style=\"text-align: center;\"><span style=\"color: #ffffff; font-size: 170%;\">Cablats de maniobra i pot\u00e8ncia \u2022\u00a0Quadres de control \u2022\u00a0Caixes de connexi\u00f3<\/span><\/p>\n[\/vc_column_text][vc_empty_space height=&#8221;150px&#8221;][\/vc_column][vc_column width=&#8221;1\/4&#8243; offset=&#8221;vc_hidden-sm vc_hidden-xs&#8221;][\/vc_column][\/vc_row][vc_row full_width=&#8221;stretch_row_content&#8221; equal_height=&#8221;yes&#8221; content_placement=&#8221;middle&#8221; css=&#8221;.vc_custom_1656923550200{background-image: url(http:\/\/imarsh.es\/wp-content\/uploads\/2022\/07\/IMAR-SH-AUTOMOCION-1.jpg?id=105) !important;background-position: center !important;background-repeat: no-repeat !important;background-size: cover !important;}&#8221;][vc_column css=&#8221;.vc_custom_1658307470083{background-position: center !important;background-repeat: no-repeat !important;background-size: cover !important;}&#8221; offset=&#8221;vc_hidden-lg vc_hidden-md&#8221;][vc_empty_space height=&#8221;50px&#8221;][vc_custom_heading text=&#8221;AUTOMOCI\u00d3&#8221; font_container=&#8221;tag:h1|font_size:50|text_align:center|color:%23ffffff&#8221; google_fonts=&#8221;font_family:Fjalla%20One%3Aregular|font_style:400%20regular%3A400%3Anormal&#8221; css=&#8221;.vc_custom_1658307513428{margin-bottom: 0px !important;border-bottom-width: 0px !important;}&#8221;][vc_separator color=&#8221;white&#8221; border_width=&#8221;2&#8243; el_width=&#8221;80&#8243; css_animation=&#8221;fadeInLeft&#8221; css=&#8221;.vc_custom_1658307523756{padding-top: 0px !important;}&#8221;][vc_column_text css=&#8221;.vc_custom_1658307235654{margin-right: 45px !important;margin-left: 45px !important;}&#8221;]\n<p style=\"text-align: center;\"><span style=\"color: #ffffff; font-size: 170%;\">Cablats de maniobra i pot\u00e8ncia \u2022\u00a0Quadres de control \u2022\u00a0Caixes de connexi\u00f3<\/span><\/p>\n[\/vc_column_text][vc_empty_space height=&#8221;50px&#8221;][\/vc_column][\/vc_row][vc_section full_width=&#8221;stretch_row&#8221; css=&#8221;.vc_custom_1656919366695{margin-bottom: 0px !important;}&#8221;][vc_row full_width=&#8221;stretch_row_content&#8221; equal_height=&#8221;yes&#8221; content_placement=&#8221;middle&#8221; css=&#8221;.vc_custom_1656918512497{background-position: center !important;background-repeat: no-repeat !important;background-size: cover !important;}&#8221;][vc_column width=&#8221;3\/5&#8243; css=&#8221;.vc_custom_1658308205014{margin-right: 45px !important;margin-left: 45px !important;background-position: center !important;background-repeat: no-repeat !important;background-size: cover !important;}&#8221; offset=&#8221;vc_hidden-sm vc_hidden-xs&#8221;][vc_empty_space][vc_column_text css=&#8221;.vc_custom_1658308101003{margin-bottom: 0px !important;border-bottom-width: 0px !important;padding-bottom: 0px !important;}&#8221;]\n<h1 style=\"text-align: left;\">Cablats per a automoci\u00f3<\/h1>\n[\/vc_column_text][vc_separator color=&#8221;custom&#8221; align=&#8221;align_left&#8221; border_width=&#8221;2&#8243; el_width=&#8221;50&#8243; css_animation=&#8221;fadeInLeft&#8221; accent_color=&#8221;#74b4e2&#8243; css=&#8221;.vc_custom_1656919059400{padding-top: 0px !important;}&#8221;][vc_column_text]A IMAR SANT HILARI fabriquem instal\u00b7lacions el\u00e8ctriques de cablats per al sector de l\u2019automoci\u00f3, aix\u00ed com sistemes de control tant per a constructors de carrosseries de transports de viatgers com altres tipus de vehicles comercials.<\/p>\n<p>Les nostres instal\u00b7lacions ens permeten de fabricar cablats i seccions de llargues dimensions i constructivament complexos.<\/p>\n<p>Tots els cablats es comproven individualment al final del proc\u00e9s de fabricaci\u00f3.[\/vc_column_text][vc_empty_space][\/vc_column][vc_column width=&#8221;2\/5&#8243; css=&#8221;.vc_custom_1658308199567{background: #74b4e2 url(http:\/\/imarsh.es\/wp-content\/uploads\/2022\/07\/IMAR-SH-AUTOMOCION-3.jpg?id=152) !important;background-position: center !important;background-repeat: no-repeat !important;background-size: cover !important;}&#8221; offset=&#8221;vc_hidden-sm vc_hidden-xs&#8221;][vc_empty_space height=&#8221;400px&#8221;][\/vc_column][\/vc_row][\/vc_section][vc_section full_width=&#8221;stretch_row&#8221; css=&#8221;.vc_custom_1656919366695{margin-bottom: 0px !important;}&#8221;][vc_row full_width=&#8221;stretch_row_content&#8221; equal_height=&#8221;yes&#8221; content_placement=&#8221;middle&#8221; css=&#8221;.vc_custom_1656918512497{background-position: center !important;background-repeat: no-repeat !important;background-size: cover !important;}&#8221;][vc_column width=&#8221;3\/5&#8243; css=&#8221;.vc_custom_1658308230071{margin-right: 15px !important;margin-left: 15px !important;background-position: center !important;background-repeat: no-repeat !important;background-size: cover !important;}&#8221; offset=&#8221;vc_hidden-lg vc_hidden-md&#8221;][vc_empty_space][vc_column_text css=&#8221;.vc_custom_1658308101003{margin-bottom: 0px !important;border-bottom-width: 0px !important;padding-bottom: 0px !important;}&#8221;]\n<h1 style=\"text-align: left;\">Cablats per a automoci\u00f3<\/h1>\n[\/vc_column_text][vc_separator color=&#8221;custom&#8221; align=&#8221;align_left&#8221; border_width=&#8221;2&#8243; el_width=&#8221;50&#8243; css_animation=&#8221;fadeInLeft&#8221; accent_color=&#8221;#74b4e2&#8243; css=&#8221;.vc_custom_1656919059400{padding-top: 0px !important;}&#8221;][vc_column_text]A IMAR SANT HILARI fabriquem instal\u00b7lacions el\u00e8ctriques de cablats per al sector de l\u2019automoci\u00f3, aix\u00ed com sistemes de control tant per a constructors de carrosseries de transports de viatgers com altres tipus de vehicles comercials.<\/p>\n<p>Les nostres instal\u00b7lacions ens permeten de fabricar cablats i seccions de llargues dimensions i constructivament complexos.<\/p>\n<p>Tots els cablats es comproven individualment al final del proc\u00e9s de fabricaci\u00f3.[\/vc_column_text][vc_empty_space][\/vc_column][vc_column width=&#8221;2\/5&#8243; css=&#8221;.vc_custom_1658308192618{background: #74b4e2 url(http:\/\/imarsh.es\/wp-content\/uploads\/2022\/07\/IMAR-SH-AUTOMOCION-3.jpg?id=152) !important;background-position: center !important;background-repeat: no-repeat !important;background-size: cover !important;}&#8221; offset=&#8221;vc_hidden-lg vc_hidden-md&#8221;][vc_empty_space height=&#8221;400px&#8221;][\/vc_column][\/vc_row][\/vc_section][vc_row full_width=&#8221;stretch_row_content&#8221; equal_height=&#8221;yes&#8221; content_placement=&#8221;middle&#8221;][vc_column width=&#8221;1\/3&#8243; css=&#8221;.vc_custom_1656924408299{background-color: #737272 !important;}&#8221;][vc_empty_space height=&#8221;45px&#8221;][vc_custom_heading text=&#8221;CABLAT DE MANIOBRA I POT\u00c8NCIA&#8221; font_container=&#8221;tag:h1|font_size:40|text_align:center|color:%23ffffff&#8221; google_fonts=&#8221;font_family:Fjalla%20One%3Aregular|font_style:400%20regular%3A400%3Anormal&#8221;][vc_empty_space height=&#8221;45px&#8221;][\/vc_column][vc_column width=&#8221;1\/3&#8243; css=&#8221;.vc_custom_1656924424945{background-color: #fa7226 !important;}&#8221;][vc_empty_space height=&#8221;45px&#8221;][vc_custom_heading text=&#8221;QUADRES DE CONTROL&#8221; font_container=&#8221;tag:h1|font_size:40|text_align:center|color:%23ffffff&#8221; google_fonts=&#8221;font_family:Fjalla%20One%3Aregular|font_style:400%20regular%3A400%3Anormal&#8221;][vc_empty_space height=&#8221;45px&#8221;][\/vc_column][vc_column width=&#8221;1\/3&#8243; css=&#8221;.vc_custom_1656924443059{background-color: #74b4e0 !important;}&#8221;][vc_empty_space height=&#8221;45px&#8221;][vc_custom_heading text=&#8221;CAIXES DE CONNEXI\u00d3&#8221; font_container=&#8221;tag:h1|font_size:40|text_align:center|color:%23ffffff&#8221; google_fonts=&#8221;font_family:Fjalla%20One%3Aregular|font_style:400%20regular%3A400%3Anormal&#8221;][vc_empty_space height=&#8221;45px&#8221;][\/vc_column][\/vc_row][vc_section full_width=&#8221;stretch_row&#8221; css=&#8221;.vc_custom_1656919366695{margin-bottom: 0px !important;}&#8221;][vc_row full_width=&#8221;stretch_row_content&#8221; equal_height=&#8221;yes&#8221;][vc_column width=&#8221;2\/5&#8243; css=&#8221;.vc_custom_1658308443905{background-image: url(http:\/\/imarsh.es\/wp-content\/uploads\/2022\/07\/IMAR-SH-AUTOMOCION-4.jpg?id=156) !important;background-position: center !important;background-repeat: no-repeat !important;background-size: cover !important;}&#8221; offset=&#8221;vc_hidden-sm vc_hidden-xs&#8221;][vc_empty_space height=&#8221;400px&#8221;][\/vc_column][vc_column width=&#8221;3\/5&#8243; css=&#8221;.vc_custom_1658308449846{background-color: #ffffff !important;}&#8221; offset=&#8221;vc_hidden-sm vc_hidden-xs&#8221;][vc_empty_space][vc_column_text css=&#8221;.vc_custom_1658308358177{margin-bottom: 0px !important;margin-left: 45px !important;border-bottom-width: 0px !important;padding-bottom: 0px !important;}&#8221;]\n<h1 style=\"text-align: left;\">Qu\u00e8 fem<\/h1>\n[\/vc_column_text][vc_separator color=&#8221;custom&#8221; align=&#8221;align_left&#8221; border_width=&#8221;2&#8243; el_width=&#8221;50&#8243; css_animation=&#8221;fadeInLeft&#8221; accent_color=&#8221;#74b4e2&#8243; css=&#8221;.vc_custom_1656921548983{margin-left: 45px !important;padding-top: 0px !important;}&#8221;][vc_column_text css=&#8221;.vc_custom_1658308374119{margin-left: 45px !important;}&#8221;]Des de 1996 que fabriquem cablats basant-nos en els pl\u00e0nols dels nostres clients. Tamb\u00e9 els assessorem gr\u00e0cies a la nostra experi\u00e8ncia.<\/p>\n<p>Oferim <strong>cablats de maniobra i pot\u00e8ncia<\/strong> amb cables adaptats per a cada necessitat: a\u00efllament redu\u00eft, resistent a olis i a l\u2019acci\u00f3 dels combustibles.<\/p>\n<p>Fabriquem els cables extra flexibles per a parts m\u00f2bils, proteccions amb tubs de poliamida, polietil\u00e8 modificat, polietil\u00e8, PVC, malla de poliamida, brides, entre d\u2019altres.<\/p>\n<p>Som especialistes en el cablat de quadres de control, de m\u00f2duls d\u2019entrada i sortida multiplexats, fusibles, rel\u00e9s de maniobra i pot\u00e8ncia, caixes de desconnectadors i tota mena d\u2019accessoris que comporten les <strong>caixes de connexi\u00f3<\/strong> el\u00e8ctrica.[\/vc_column_text][vc_empty_space][\/vc_column][\/vc_row][\/vc_section][vc_section full_width=&#8221;stretch_row&#8221; css=&#8221;.vc_custom_1656919366695{margin-bottom: 0px !important;}&#8221;][vc_row full_width=&#8221;stretch_row_content&#8221; equal_height=&#8221;yes&#8221;][vc_column width=&#8221;2\/5&#8243; css=&#8221;.vc_custom_1658308457384{background-image: url(http:\/\/imarsh.es\/wp-content\/uploads\/2022\/07\/IMAR-SH-AUTOMOCION-4.jpg?id=156) !important;background-position: center !important;background-repeat: no-repeat !important;background-size: cover !important;}&#8221; offset=&#8221;vc_hidden-lg vc_hidden-md&#8221;][vc_empty_space height=&#8221;400px&#8221;][\/vc_column][vc_column width=&#8221;3\/5&#8243; css=&#8221;.vc_custom_1658308538298{background-color: #ffffff !important;}&#8221; offset=&#8221;vc_hidden-lg vc_hidden-md&#8221;][vc_empty_space][vc_column_text css=&#8221;.vc_custom_1658308488634{margin-bottom: 0px !important;margin-left: 15px !important;border-bottom-width: 0px !important;padding-bottom: 0px !important;}&#8221;]\n<h1 style=\"text-align: left;\">Qu\u00e8 fem<\/h1>\n[\/vc_column_text][vc_separator color=&#8221;custom&#8221; align=&#8221;align_left&#8221; border_width=&#8221;2&#8243; el_width=&#8221;50&#8243; css_animation=&#8221;fadeInLeft&#8221; accent_color=&#8221;#74b4e2&#8243; css=&#8221;.vc_custom_1658308497483{margin-left: 15px !important;padding-top: 0px !important;}&#8221;][vc_column_text css=&#8221;.vc_custom_1658308505533{margin-left: 15px !important;}&#8221;]Des de 1996 que fabriquem cablats basant-nos en els pl\u00e0nols dels nostres clients. Tamb\u00e9 els assessorem gr\u00e0cies a la nostra experi\u00e8ncia.<\/p>\n<p>Oferim <strong>cablats de maniobra i pot\u00e8ncia<\/strong> amb cables adaptats per a cada necessitat: a\u00efllament redu\u00eft, resistent a olis i a l\u2019acci\u00f3 dels combustibles.<\/p>\n<p>Fabriquem els cables extra flexibles per a parts m\u00f2bils, proteccions amb tubs de poliamida, polietil\u00e8 modificat, polietil\u00e8, PVC, malla de poliamida, brides, entre d\u2019altres.<\/p>\n<p>Som especialistes en el cablat de quadres de control, de m\u00f2duls d\u2019entrada i sortida multiplexats, fusibles, rel\u00e9s de maniobra i pot\u00e8ncia, caixes de desconnectadors i tota mena d\u2019accessoris que comporten les <strong>caixes de connexi\u00f3<\/strong> el\u00e8ctrica.[\/vc_column_text][vc_empty_space][\/vc_column][\/vc_row][\/vc_section][vc_row full_width=&#8221;stretch_row_content&#8221; equal_height=&#8221;yes&#8221; content_placement=&#8221;middle&#8221; css=&#8221;.vc_custom_1656924803159{background-image: url(http:\/\/imarsh.es\/wp-content\/uploads\/2022\/07\/IMAR-SH-AUTOMOCION-2.jpg?id=135) !important;background-position: center !important;background-repeat: no-repeat !important;background-size: cover !important;}&#8221;][vc_column width=&#8221;1\/4&#8243; css=&#8221;.vc_custom_1658308626181{background-position: center !important;background-repeat: no-repeat !important;background-size: cover !important;}&#8221; offset=&#8221;vc_hidden-sm vc_hidden-xs&#8221;][\/vc_column][vc_column width=&#8221;1\/2&#8243; offset=&#8221;vc_hidden-sm vc_hidden-xs&#8221;][vc_empty_space height=&#8221;100px&#8221;][vc_custom_heading text=&#8221;CONTACTA AMB NOSALTRES&#8221; font_container=&#8221;tag:h1|font_size:50|text_align:center|color:%23ffffff&#8221; google_fonts=&#8221;font_family:Fjalla%20One%3Aregular|font_style:400%20regular%3A400%3Anormal&#8221; css=&#8221;.vc_custom_1658308760342{margin-right: 45px !important;margin-bottom: 0px !important;margin-left: 45px !important;border-bottom-width: 0px !important;padding-bottom: 0px !important;}&#8221;][vc_separator color=&#8221;white&#8221; border_width=&#8221;2&#8243; el_width=&#8221;80&#8243; css_animation=&#8221;fadeInLeft&#8221; css=&#8221;.vc_custom_1656923686209{padding-top: 0px !important;}&#8221;][vc_column_text css=&#8221;.vc_custom_1658308779768{margin-left: 45px !important;}&#8221;]\n<p style=\"text-align: center;\"><span style=\"font-size: 110%; color: #ffffff;\">Si cerques un soci per als teus projectes d\u2019automoci\u00f3 industrial, a IMAR SANT HILARI t\u2019oferim m\u00e9s de 25 anys d\u2019experi\u00e8ncia amb un equip especialitzat en cablat el\u00e8ctric industrial.<\/span><\/p>\n[\/vc_column_text][vc_btn title=&#8221;<b>COMENCEM?<\/b>&#8221; style=&#8221;gradient-custom&#8221; gradient_custom_color_1=&#8221;#74b4e2&#8243; gradient_custom_color_2=&#8221;#ffffff&#8221; gradient_text_color=&#8221;#000000&#8243; size=&#8221;lg&#8221; align=&#8221;center&#8221; css=&#8221;.vc_custom_1659001460561{margin-left: 45px !important;}&#8221; link=&#8221;url:https%3A%2F%2Fimarsh.es%2Fca%2Fsobre-imar-sh%2F|title:SOBRE%20IMAR%20SH&#8221;][vc_empty_space height=&#8221;100px&#8221;][\/vc_column][vc_column width=&#8221;1\/4&#8243; offset=&#8221;vc_hidden-sm vc_hidden-xs&#8221;][\/vc_column][\/vc_row][vc_row full_width=&#8221;stretch_row_content&#8221; equal_height=&#8221;yes&#8221; content_placement=&#8221;middle&#8221; css=&#8221;.vc_custom_1656924803159{background-image: url(http:\/\/imarsh.es\/wp-content\/uploads\/2022\/07\/IMAR-SH-AUTOMOCION-2.jpg?id=135) !important;background-position: center !important;background-repeat: no-repeat !important;background-size: cover !important;}&#8221;][vc_column css=&#8221;.vc_custom_1658308647739{background-position: center !important;background-repeat: no-repeat !important;background-size: cover !important;}&#8221; offset=&#8221;vc_hidden-lg vc_hidden-md&#8221;][vc_empty_space height=&#8221;100px&#8221;][vc_custom_heading text=&#8221;CONTACTA AMB NOSALTRES&#8221; font_container=&#8221;tag:h1|font_size:50|text_align:center|color:%23ffffff&#8221; google_fonts=&#8221;font_family:Fjalla%20One%3Aregular|font_style:400%20regular%3A400%3Anormal&#8221; css=&#8221;.vc_custom_1658308751780{margin-bottom: 0px !important;border-bottom-width: 0px !important;padding-bottom: 0px !important;}&#8221;][vc_separator color=&#8221;white&#8221; border_width=&#8221;2&#8243; el_width=&#8221;80&#8243; css_animation=&#8221;fadeInLeft&#8221; css=&#8221;.vc_custom_1658308673617{padding-top: 0px !important;}&#8221;][vc_column_text css=&#8221;.vc_custom_1658308794441{margin-right: 15px !important;margin-left: 15px !important;}&#8221;]\n<p style=\"text-align: center;\"><span style=\"font-size: 110%; color: #ffffff;\">Si cerques un soci per als teus projectes d\u2019automoci\u00f3 industrial, a IMAR SANT HILARI t\u2019oferim m\u00e9s de 25 anys d\u2019experi\u00e8ncia amb un equip especialitzat en cablat el\u00e8ctric industrial.<\/span><\/p>\n[\/vc_column_text][vc_btn title=&#8221;<b>COMENCEM?<\/b>&#8221; style=&#8221;gradient-custom&#8221; gradient_custom_color_1=&#8221;#74b4e2&#8243; gradient_custom_color_2=&#8221;#ffffff&#8221; gradient_text_color=&#8221;#000000&#8243; size=&#8221;lg&#8221; align=&#8221;center&#8221; css=&#8221;.vc_custom_1659001470890{margin-left: 45px !important;}&#8221; link=&#8221;url:https%3A%2F%2Fimarsh.es%2Fca%2Fsobre-imar-sh%2F|title:SOBRE%20IMAR%20SH&#8221;][vc_empty_space height=&#8221;100px&#8221;][\/vc_column][\/vc_row]\n","protected":false},"excerpt":{"rendered":"[vc_row full_width=&#8221;stretch_row_content&#8221; equal_height=&#8221;yes&#8221; content_placement=&#8221;middle&#8221; css=&#8221;.vc_custom_1656923550200{background-image: url(http:\/\/imarsh.es\/wp-content\/uploads\/2022\/07\/IMAR-SH-AUTOMOCION-1.jpg?id=105) !important;background-position: center !important;background-repeat: no-repeat !important;background-size: cover !important;}&#8221;][vc_column width=&#8221;1\/4&#8243; css=&#8221;.vc_custom_1658307454532{background-position: center !important;background-repeat: no-repeat !important;background-size: cover !important;}&#8221; offset=&#8221;vc_hidden-sm vc_hidden-xs&#8221;][\/vc_column][vc_column width=&#8221;1\/2&#8243; offset=&#8221;vc_hidden-sm vc_hidden-xs&#8221;][vc_empty_space height=&#8221;150px&#8221;][vc_custom_heading text=&#8221;AUTOMOCI\u00d3&#8221; font_container=&#8221;tag:h1|font_size:50|text_align:center|color:%23ffffff&#8221; google_fonts=&#8221;font_family:Fjalla%20One%3Aregular|font_style:400%20regular%3A400%3Anormal&#8221; css=&#8221;.vc_custom_1658307154830{margin-bottom: 0px !important;border-bottom-width: 0px !important;}&#8221;][vc_separator color=&#8221;white&#8221; border_width=&#8221;2&#8243; el_width=&#8221;80&#8243; css_animation=&#8221;fadeInLeft&#8221; css=&#8221;.vc_custom_1656923686209{padding-top: 0px !important;}&#8221;][vc_column_text css=&#8221;.vc_custom_1658307235654{margin-right: 45px !important;margin-left: 45px !important;}&#8221;] Cablats de maniobra i pot\u00e8ncia \u2022\u00a0Quadres de control [&#8230;]\n","protected":false},"author":2,"featured_media":8,"parent":0,"menu_order":0,"comment_status":"closed","ping_status":"open","template":"","meta":{"footnotes":""},"class_list":["post-101","page","type-page","status-publish","has-post-thumbnail","hentry"],"_links":{"self":[{"href":"https:\/\/imarsh.es\/ca\/wp-json\/wp\/v2\/pages\/101","targetHints":{"allow":["GET"]}}],"collection":[{"href":"https:\/\/imarsh.es\/ca\/wp-json\/wp\/v2\/pages"}],"about":[{"href":"https:\/\/imarsh.es\/ca\/wp-json\/wp\/v2\/types\/page"}],"author":[{"embeddable":true,"href":"https:\/\/imarsh.es\/ca\/wp-json\/wp\/v2\/users\/2"}],"replies":[{"embeddable":true,"href":"https:\/\/imarsh.es\/ca\/wp-json\/wp\/v2\/comments?post=101"}],"version-history":[{"count":41,"href":"https:\/\/imarsh.es\/ca\/wp-json\/wp\/v2\/pages\/101\/revisions"}],"predecessor-version":[{"id":618,"href":"https:\/\/imarsh.es\/ca\/wp-json\/wp\/v2\/pages\/101\/revisions\/618"}],"wp:featuredmedia":[{"embeddable":true,"href":"https:\/\/imarsh.es\/ca\/wp-json\/wp\/v2\/media\/8"}],"wp:attachment":[{"href":"https:\/\/imarsh.es\/ca\/wp-json\/wp\/v2\/media?parent=101"}],"curies":[{"name":"wp","href":"https:\/\/api.w.org\/{rel}","templated":true}]}}